{"id":60,"date":"2015-10-16T12:26:55","date_gmt":"2015-10-16T15:26:55","guid":{"rendered":"https:\/\/wp.ufpel.edu.br\/pgenfermagem\/?page_id=60"},"modified":"2025-06-11T11:53:39","modified_gmt":"2025-06-11T14:53:39","slug":"agenda","status":"publish","type":"page","link":"https:\/\/wp.ufpel.edu.br\/pgenfermagem\/agenda\/","title":{"rendered":"Agenda"},"content":{"rendered":"<details id=\"always-open\" open>\n<summary style=\"list-style: none\"><strong>Clique nos eventos para visualizar os detalhes<\/strong><\/summary>\n<\/details>\n\n<!-- iframe plugin v.6.0 wordpress.org\/plugins\/iframe\/ -->\n<iframe loading=\"lazy\" src=\"https:\/\/calendar.google.com\/calendar\/embed?showTitle=0&#038;showCalendars=0&#038;showTz=0&#038;height=500&#038;wkst=1&#038;bgcolor=%23FFFFFF&#038;src=kb1cb8762uagdj71b5fqm244jc%40group.calendar.google.com&#038;color=%23333333&#038;src=rsitsrm05aktfn54b8fv3e1ok0%40group.calendar.google.com&#038;color=%230D7813&#038;ctz=America%2FSao_Paulo\" style=\"border-width:0\" width=\"100%\" height=\"500\" frameborder=\"0\" scrolling=\"no\" class=\"iframe-class\"><\/iframe>\n\n<details open>\n<summary>LEGENDA<\/summary>\n<p><strong>QM:<\/strong> Qualifica\u00e7\u00e3o de Mestrado<br \/>\n<strong>QD:<\/strong> Qualifica\u00e7\u00e3o de Doutorado<br \/>\n<strong>Diss:<\/strong> Defesa de Disserta\u00e7\u00e3o<br \/>\n<strong>Tese:<\/strong> Defesa de Tese<br \/>\n<\/details>\n","protected":false},"excerpt":{"rendered":"<p>Clique nos eventos para visualizar os detalhes LEGENDA QM: Qualifica\u00e7\u00e3o de Mestrado QD: Qualifica\u00e7\u00e3o de Doutorado Diss: Defesa de Disserta\u00e7\u00e3o Tese: Defesa de Tese<\/p>\n","protected":false},"author":576,"featured_media":0,"parent":0,"menu_order":0,"comment_status":"closed","ping_status":"closed","template":"","meta":{"footnotes":""},"class_list":["post-60","page","type-page","status-publish","hentry","post"],"jetpack_sharing_enabled":true,"jetpack_shortlink":"https:\/\/wp.me\/P7ii95-Y","jetpack-related-posts":[],"_links":{"self":[{"href":"https:\/\/wp.ufpel.edu.br\/pgenfermagem\/wp-json\/wp\/v2\/pages\/60","targetHints":{"allow":["GET"]}}],"collection":[{"href":"https:\/\/wp.ufpel.edu.br\/pgenfermagem\/wp-json\/wp\/v2\/pages"}],"about":[{"href":"https:\/\/wp.ufpel.edu.br\/pgenfermagem\/wp-json\/wp\/v2\/types\/page"}],"author":[{"embeddable":true,"href":"https:\/\/wp.ufpel.edu.br\/pgenfermagem\/wp-json\/wp\/v2\/users\/576"}],"replies":[{"embeddable":true,"href":"https:\/\/wp.ufpel.edu.br\/pgenfermagem\/wp-json\/wp\/v2\/comments?post=60"}],"version-history":[{"count":14,"href":"https:\/\/wp.ufpel.edu.br\/pgenfermagem\/wp-json\/wp\/v2\/pages\/60\/revisions"}],"predecessor-version":[{"id":5192,"href":"https:\/\/wp.ufpel.edu.br\/pgenfermagem\/wp-json\/wp\/v2\/pages\/60\/revisions\/5192"}],"wp:attachment":[{"href":"https:\/\/wp.ufpel.edu.br\/pgenfermagem\/wp-json\/wp\/v2\/media?parent=60"}],"curies":[{"name":"wp","href":"https:\/\/api.w.org\/{rel}","templated":true}]}}