{"id":52,"date":"2015-10-16T12:13:41","date_gmt":"2015-10-16T15:13:41","guid":{"rendered":"https:\/\/wp.ufpel.edu.br\/pgenfermagem\/?page_id=52"},"modified":"2025-09-17T15:36:50","modified_gmt":"2025-09-17T18:36:50","slug":"projetos-de-pesquisa","status":"publish","type":"page","link":"https:\/\/wp.ufpel.edu.br\/pgenfermagem\/o-curso\/projetos-de-pesquisa\/","title":{"rendered":"Projetos de Pesquisa"},"content":{"rendered":"<details open=\"\">\n<summary>EM ANDAMENTO<\/summary>\n<details open=\"\">\n<summary>2025<\/summary>\n<details>\n<summary>Cuidado e Fim de Vida: Tecnologias, Suporte ao Cuidador e Pr\u00e1ticas Paliativas na Aten\u00e7\u00e3o Domiciliar e Hospitalar<\/summary>\n<details>\n<summary>Respons\u00e1vel<\/summary>\n<p>STEFANIE GRIEBELER OLIVEIRA<\/details>\n<details>\n<summary>Linha de Pesquisa<\/summary>\n<p>Epidemiologia, pr\u00e1ticas e cuidado na sa\u00fade e enfermagem<\/details>\n<details>\n<summary>In\u00edcio<\/summary>\n<p>01\/01\/2021<\/details>\n<details>\n<summary>Descri\u00e7\u00e3o<\/summary>\n<p style=\"text-align: justify; line-height: 1.5; margin: 10px 0;\">O projeto inclui os subprojetos: A morte e os cuidados paliativos nas m\u00eddias sociais Instagram e Facebook; COORTE DE NASCIMENTOS DE RIO GRANDE: UM ESTUDO SOBRE DESENVOLVIMENTO INFANTIL E QUALIDADE DE VIDA DAS FAM\u00cdLIAS; Cuidados Paliativos e \u00d3bito no Domic\u00edlio; Formas de organiza\u00e7\u00e3o de apoio\/suporte ao cuidador de pessoas com depend\u00eancia funcional na aten\u00e7\u00e3o domiciliar: protocolo de revis\u00e3o de escopo; Identifica\u00e7\u00e3o e avalia\u00e7\u00e3o das tecnologias de cuidado ofertadas ao cuidador familiar no cen\u00e1rio da aten\u00e7\u00e3o domiciliar; Necessidade de Cuidados Paliativos na Interna\u00e7\u00e3o Hospitalar; PR\u00c1TICAS DE CUIDADO COM PACIENTES ADULTOS EM FINAL DE VIDA EM UM HOSPITAL DE ENSINO DO SUL DO BRASIL; Um olhar sobre o cuidador: quem cuida merece ser cuidado 2021-2025; Portal Digital Interativo como tecnologia cuidativo-educacional para cuidadores informais de pessoas com depend\u00eancia funcional do estado do Rio Grande do Sul: estudo metodol\u00f3gico; Experi\u00eancias de familiares de adultos com doen\u00e7a cr\u00f4nica avan\u00e7ada em rela\u00e7\u00e3o ao cuidado recebido na rede de aten\u00e7\u00e3o \u00e0s urg\u00eancias: estudo de inspira\u00e7\u00e3o etnogr\u00e1fica; AVALIA\u00c7\u00c3O DAS TECNOLOGIAS DE CUIDADO OFERTADAS AO CUIDADOR FAMILIAR NO CEN\u00c1RIO DA ATEN\u00c7\u00c3O DOMICILIAR.<\/p>\n<\/details>\n<\/details>\n<details>\n<summary>Cuidado Materno-Infantil e Neonatal: Desafios, Percep\u00e7\u00f5es e Pr\u00e1ticas em Sa\u00fade<\/summary>\n<details>\n<summary>Respons\u00e1vel<\/summary>\n<p>VIVIANE MARTEN MILBRATH<\/details>\n<details>\n<summary>Linha de Pesquisa<\/summary>\n<p>Epidemiologia, pr\u00e1ticas e cuidado na sa\u00fade e enfermagem<\/details>\n<details>\n<summary>In\u00edcio<\/summary>\n<p>01\/01\/2021<\/details>\n<details>\n<summary>Descri\u00e7\u00e3o<\/summary>\n<p style=\"text-align: justify; line-height: 1.5; margin: 10px 0;\">O presente projeto inclui os projetos intitulados: &#8220;Aleitamento materno: percep\u00e7\u00e3o de mulheres acerca do conte\u00fado veiculado por propagandas e campanhas de 1921 at\u00e9 a atualidade&#8221;; &#8220;Ambi\u00eancia da unidade materno infantil: percep\u00e7\u00e3o de usu\u00e1rias e profissionais de enfermagem&#8221;; &#8220;Beb\u00ea a bordo: conversando com gestantes e fam\u00edlias sobre a gravidez, parto e puerp\u00e9rio&#8221;; &#8220;Estudos e pesquisas em Neonatologia&#8221;; &#8220;Cuidado paterno ap\u00f3s a alta hospitalar: impacto de cren\u00e7as e experi\u00eancias vivenciadas na hospitaliza\u00e7\u00e3o em Unidade de Cuidados Intensivos Neonatal&#8221;; &#8220;Obst\u00e1culos para a efetiva\u00e7\u00e3o do uso do plano de parto no processo de parturi\u00e7\u00e3o: uma revis\u00e3o integrativa&#8221;; &#8220;Oxitocinando: potencializando a promo\u00e7\u00e3o da sa\u00fade materno-infantil&#8221;; &#8220;PERFIL DOS CUIDADORES DE INSTITUI\u00c7\u00d5ES DE ACOLHIMENTO INFANTOJUVENIL E SUA PERSPECTIVA ACERCA DO CUIDADO PRESTADO Projeto Prematuridade: orienta\u00e7\u00f5es para o cuidado&#8221;; &#8220;Seguran\u00e7a da crian\u00e7a no cuidado de enfermagem prestado na hospitaliza\u00e7\u00e3o&#8221;; &#8220;USO DE SUBST\u00c2NCIAS PSICOATIVAS POR GESTANTES DE ALTO RISCO E PU\u00c9RPERAS ATENDIDAS NO AMBULAT\u00d3RIO DO HE\/UFPel\/EBSERH&#8221;.<\/p>\n<\/details>\n<\/details>\n<details>\n<summary>Inova\u00e7\u00e3o e Estrat\u00e9gias na Aten\u00e7\u00e3o \u00e0 Sa\u00fade: Modelos de Cuidado, Gest\u00e3o de Doen\u00e7as Cr\u00f4nicas, Avalia\u00e7\u00e3o de Servi\u00e7os e Tecnologia em Sa\u00fade<\/summary>\n<details>\n<summary>Respons\u00e1vel<\/summary>\n<p>SUELE MANJOURANY SILVA DURO<\/details>\n<details>\n<summary>Linha de Pesquisa<\/summary>\n<p>Epidemiologia, pr\u00e1ticas e cuidado na sa\u00fade e enfermagem<\/details>\n<details>\n<summary>In\u00edcio<\/summary>\n<p>01\/01\/2021<\/details>\n<details>\n<summary>Descri\u00e7\u00e3o<\/summary>\n<p style=\"text-align: justify; line-height: 1.5; margin: 10px 0;\">O projeto inclui os subprojetos: Abordagem Domiciliar em Situa\u00e7\u00f5es Cl\u00ednicas Comuns em Idosos; A\u00e7\u00f5es estrat\u00e9gicas na aten\u00e7\u00e3o prim\u00e1ria para pessoas idosas com doen\u00e7as cr\u00f4nicas n\u00e3o transmiss\u00edveis que desenvolveram Covid-19; Acompanhamento longitudinal de adultos e idosos que receberam alta da interna\u00e7\u00e3o hospitalar por COVID-19; AICOV-BR: Artificial intelligence for the diagnosis and prognosis of COVID-19 in a multicentre study of the five regions of Brazil; An\u00e1lises de intelig\u00eancia artificial para predi\u00e7\u00e3o do efeito da multimorbidade no uso de servi\u00e7os de sa\u00fade entre idosos brasileiros; ATEN\u00c7\u00c3O A SA\u00daDE NOS SERVI\u00c7OS DE TERAPIA RENAL SUBSTITUTIVA DA METADE SUL DO RIO GRANDE DO SUL; Avalia\u00e7\u00e3o da Implanta\u00e7\u00e3o e da Efetividade do Programa de Enfrentamento de Doen\u00e7as Negligenciadas: Tracoma &#8211; SANAR no Estado de Pernambuco; Avalia\u00e7\u00e3o do impacto da pandemia do novo coronav\u00edrus na sa\u00fade da pessoa idosa ativa de um munic\u00edpio do Sul do Brasil; Avalia\u00e7\u00e3o Externa do Programa de Melhoria do Acesso e da Qualidade Ciclo III; Catalysing multimorbidity research in Low and Middle Income Countries through a &#8220;community of practice&#8221; approach: An India-Brazil-UK Initiative; Contribui\u00e7\u00f5es para a gest\u00e3o e pol\u00edticas p\u00fablicas de sa\u00fade: \u00eanfase em a\u00e7\u00f5es de comunica\u00e7\u00e3o direcionadas as doen\u00e7as cr\u00f4nicas e multimorbidade; Coorte de idosos de Bag\u00e9: situa\u00e7\u00e3o de sa\u00fade e rela\u00e7\u00e3o com a Estrat\u00e9gia de Sa\u00fade da Fam\u00edlia; Discrimina\u00e7\u00e3o nos servi\u00e7os de sa\u00fade em universit\u00e1rios de uma cidade do sul do Brasil; EFEITO DA COVID-LONGA NA UTILIZA\u00c7\u00c3O DOS SERVI\u00c7OS DE SA\u00daDE NO SUL DO BRASIL; EMPODERAMENTO E AUTONOMIA PARA PESSOAS DOS SERVI\u00c7OS DE TERAPIA RENAL DA METADE SUL DO RIO GRANDE DO SUL; Estrat\u00e9gias de enfrentamento \u00e0 pandemia da Covid-19, conhecimentos, percep\u00e7\u00f5es e condi\u00e7\u00f5es de trabalho e sa\u00fade dos profissionais de enfermagem na aten\u00e7\u00e3o prim\u00e1ria \u00e0 sa\u00fade nas cidades-g\u00eameas do pa\u00eds; Estrategias de enfrentamiento a la pandemia de CoVid-19 en Uruguay: estudio longitudinal de conocimientos, actitudes, pr\u00e1cticas y percepci\u00f3n de bienestar en trabajadores y estudiantes avanzados de salud de primera l\u00ednea; Estudio Longitudinal de Salud y Envejecimiento en Uruguay (ELSE Uy); Estudo do Acesso na Perspectiva de M\u00e9dicos e Enfermeiros da Aten\u00e7\u00e3o B\u00e1sica em Brusque-SC; Intelig\u00eancia artificial para decis\u00f5es cl\u00ednicas e administrativas durante a pandemia de covid-19; MODELO DE ATEN\u00c7\u00c3O AO DIABETES MELLITUS: possibilidades e desafios no cuidado \u00e0 pessoa e sua fam\u00edlia; Modelos de intelig\u00eancia artificial para a predi\u00e7\u00e3o de uso inadequado, reutiliza\u00e7\u00e3o e mortalidade entre usu\u00e1rios de servi\u00e7os de Pronto-Atendimento: instrumento para o planejamento da rede de aten\u00e7\u00e3o \u00e0 sa\u00fade; M\u00f3dulos Educacionais para Forma\u00e7\u00e3o de Profissionais de Sa\u00fade com \u00canfase na Aten\u00e7\u00e3o Prim\u00e1ria \u00e0 Sa\u00fade e na Vigil\u00e2ncia \u00e0 Sa\u00fade; Monitoramento de indicadores de sa\u00fade em adultos e idosos ap\u00f3s infec\u00e7\u00e3o pela COVID-19 residentes em Rio Grande\/RS; Multimorbidade e procura por servi\u00e7os de urg\u00eancia e emerg\u00eancia em Pelotas-RS: predi\u00e7\u00e3o a partir de an\u00e1lises de intelig\u00eancia artificial; Ocorr\u00eancia de infec\u00e7\u00e3o por Sars-CoV-2 e fatores associados em um munic\u00edpio do Rio Grande do Sul; Percep\u00e7\u00f5es, conhecimentos e cuidados de prote\u00e7\u00e3o voltadas \u00e0s condi\u00e7\u00f5es de trabalho, sa\u00fade e bem-estar dos profissionais de enfermagem da aten\u00e7\u00e3o prim\u00e1ria \u00e0 sa\u00fade no enfrentamento \u00e0 Covid-19 na 11\u00aa CRS do estado do Rio Grande do Sul; Predi\u00e7\u00e3o de desfechos em sa\u00fade entre usu\u00e1rios de servi\u00e7os de emerg\u00eancia de Pelotas-RS: an\u00e1lises de intelig\u00eancia artificial Preval\u00eancia de obesidade geral e abdominal em uma popula\u00e7\u00e3o adulta residente na zona rural do munic\u00edpio de Pelotas, RS; Preven\u00e7\u00e3o e controle da COVID-19: estudo multic\u00eantrico sobre a percep\u00e7\u00e3o e pr\u00e1ticas no cotidiano das orienta\u00e7\u00f5es m\u00e9dico-cient\u00edficas pela popula\u00e7\u00e3o dos territ\u00f3rios de abrang\u00eancia da Aten\u00e7\u00e3o Prim\u00e1ria \u00e0 Sa\u00fade Programa de Melhoria do Acesso e Qualidade da Aten\u00e7\u00e3o B\u00e1sica PMAQ Ciclo 3; Programa Multic\u00eantrico de Qualifica\u00e7\u00e3o Profissional em Aten\u00e7\u00e3o Domiciliar a Dist\u00e2ncia; Projeto integrado de pesquisa, ensino e extens\u00e3o para a forma\u00e7\u00e3o de gestores e profissionais da APS e a qualifica\u00e7\u00e3o do cuidado de pessoas com hipertens\u00e3o arterial sist\u00eamica, diabetes mellitus e obesidade na regi\u00e3o sul do Rio Grande do Sul; Promo\u00e7\u00e3o da Sa\u00fade em Unidades de Estrat\u00e9gia de Sa\u00fade da Fam\u00edlia no Munic\u00edpio de Pelotas\/RS; SulCOVID NA COMUNIDADE \u2013 BORA VACINAR?; TRIAGEM DE CASOS DE S\u00cdNDROME RESPIRAT\u00d3RIA: FACULDADE DE ENFERMAGEM CONTRIBUINDO PARA O RETORNO DAS ATIVIDADES PRESENCIAIS DA UNIVERSIDADE FEDERAL DE GOI\u00c1S NESSE CONTEXTO PAND\u00caMICO DA COVID-19; Experi\u00eancia dos profissionais de enfermagem acerca do atendimento \u00e0 popula\u00e7\u00e3o LGBTQIAPN+ na aten\u00e7\u00e3o prim\u00e1ria \u00e0 sa\u00fade; Projeto Censo Nacional das Unidades B\u00e1sicas de Sa\u00fade do Sistema \u00danico de Sa\u00fade; Tecendo La\u00e7os: iniciativas para fortalecer a forma\u00e7\u00e3o profissional da Enfermagem Ibero-americana e Africana; Proposta de Guia para o Enfermeiro da Estrat\u00e9gia de Sa\u00fade da Fam\u00edlia do Munic\u00edpio de Bigua\u00e7u, Santa Catarina; Risco e vulnerabilidade de idosos de uma Estrat\u00e9gia de Sa\u00fade da Fam\u00edlia de Uruguaiana-RS; O papel da parentalidade na transmiss\u00e3o intergeracional de sa\u00fade mental e nas intera\u00e7\u00f5es m\u00e3e-filho: um estudo de coorte de nascimentos no Brasil; AUTOATEN\u00c7\u00c3O E USO DE PLANTAS MEDICINAIS NO BIOMA PAMPA: PERSPECTIVAS DO CUIDADO DE ENFERMAGEM RURAL; Laborat\u00f3rio de forma\u00e7\u00e3o e atendimento de Reiki &#8211; LAFAR- Ki; Potenciais e entraves da enfermagem de pr\u00e1tica avan\u00e7ada na aten\u00e7\u00e3o prim\u00e1ria \u00e0 sa\u00fade do territ\u00f3rio rural; Pr\u00e1ticas integrativas e complementares na rede de aten\u00e7\u00e3o em sa\u00fade; Qualidade de vida em adultos da zona rural de Pelotas-RS: um estudo de base populacional; Sa\u00fade Rural, perspectivas de cuidado e a Enfermagem; A\u00e7\u00f5es de sustentabilidade em hospitais da regi\u00e3o Sul do Rio Grande do Sul: pesquisa qualitativa.<\/p>\n<\/details>\n<\/details>\n<details>\n<summary>Sa\u00fade Mental e Cuidado Psicossocial: Desafios e Estrat\u00e9gias na Aten\u00e7\u00e3o Integral<\/summary>\n<details>\n<summary>Respons\u00e1vel<\/summary>\n<p>LUCIANE PRADO KANTORSKI<\/details>\n<details>\n<summary>Linha de Pesquisa<\/summary>\n<p>Sa\u00fade mental e coletiva, processo do trabalho, gest\u00e3o e educa\u00e7\u00e3o em enfermagem e sa\u00fade<\/details>\n<details>\n<summary>In\u00edcio<\/summary>\n<p>01\/01\/2021<\/details>\n<details>\n<summary>Descri\u00e7\u00e3o<\/summary>\n<p style=\"text-align: justify; line-height: 1.5; margin: 10px 0;\">O projeto de pesquisa abarca os seguintes projetos: &#8220;A escuta terap\u00eautica no contexto da pandemia da COVID-19&#8221;; &#8220;A Reforma Psiqui\u00e1trica e o discurso sobre crise ps\u00edquica: quest\u00f5es de saber, poder e subjetiva\u00e7\u00e3o&#8221;; &#8220;Avalia\u00e7\u00e3o do Centro de Aten\u00e7\u00e3o Psicossocial InfantoJuvenil do Estado do Rio Grande do Sul (CAPSi-Sul)&#8221;; &#8220;Avalia\u00e7\u00e3o do Impacto da pandemia de COVID-19 na sa\u00fade mental dos trabalhadores da Enfermagem na rede de servi\u00e7os de sa\u00fade de Pelotas &#8211; ENFCOVID&#8221;; &#8220;Avalia\u00e7\u00e3o do Impacto do Programa Crian\u00e7a Feliz&#8221;; &#8220;Barraca da Sa\u00fade: cuidado interdisciplinar com as comunidades da zona sul&#8221;; &#8220;Centro de Referencia para forma\u00e7\u00e3o de profissionais que atuam nas redes de aten\u00e7\u00e3o integral a sa\u00fade e assist\u00eancia social com usu\u00e1rios de crack e outras drogas e seus familiares&#8221;; &#8220;Constru\u00e7\u00e3o de indicadores de avalia\u00e7\u00e3o de servi\u00e7os de sa\u00fade mental na rede de aten\u00e7\u00e3o psicossocial&#8221;; &#8220;Coorte de Nascimentos de Pelotas de 2004 &#8211; Acompanhamento dos 15 anos de idade&#8221;; &#8220;DEPRESS\u00c3O MATERNA E SUA ASSOCIA\u00c7\u00c3O COM DESENVOLVIMENTO INFANTIL, PR\u00c1TICAS PARENTAIS VIOLENTAS E COMPORTAMENTOS AGRESSIVOS EM CRIAN\u00c7AS BRASILEIRAS BENEFICI\u00c1RIAS DO PROGRAMA BOLSA FAM\u00cdLIA (2018-2025)&#8221;; &#8220;Educa\u00e7\u00e3o em sa\u00fade: conversando sobre o uso e o uso abusivo de drogas&#8221;; &#8220;ESTILOS PARENTAIS E DESEMPENHO ESCOLAR EM CRIAN\u00c7AS (6 ANOS) DE FAM\u00cdLIAS BENEFICI\u00c1RIAS DE PROGRAMA NACIONAL DE TRANSFER\u00caNCIA DE RENDA: ESTUDO LONGITUDINAL (ANTES, DURANTE E AP\u00d3S PANDEMIA COVID-19)&#8221;; &#8220;GEST\u00c3O AUT\u00d4NOMA DA MEDICA\u00c7\u00c3O (GAM): PRODU\u00c7\u00c3O DOS SABERES, PR\u00c1TICAS E SUJEITOS&#8221;; &#8220;Grupo de psicoeduca\u00e7\u00e3o sobre ansiedade na adolesc\u00eancia para m\u00e3es&#8221;; &#8220;Impacto da pandemia COVID-19 e outras infec\u00e7\u00f5es transmiss\u00edveis em popula\u00e7\u00f5es vulner\u00e1veis: epidemiologia, conhecimentos e significados&#8221;; &#8220;Interven\u00e7\u00e3o e Psicoeduca\u00e7\u00e3o com grupos de adolescentes&#8221;; &#8220;MAPA DA VIOL\u00caNCIA CONTRA CRIAN\u00c7AS E ADOLESCENTES, AUTOMUTILA\u00c7\u00c3O E SUIC\u00cdDIO: AN\u00c1LISE DE TODO TERRIT\u00d3RIO BRASILEIRO UTILIZANDO OS RESULTADOS DA PENSE E DO SINAN&#8221;; &#8220;Necessidades em Sa\u00fade da popula\u00e7\u00e3o LBTQIA+&#8221;; &#8220;NEPSI &#8211; N\u00facleo de Sa\u00fade Mental, Cogni\u00e7\u00e3o e Comportamento&#8221;; &#8220;O acesso dos usu\u00e1rios dos Centros de Aten\u00e7\u00e3o Psicossocial aos servi\u00e7os da Aten\u00e7\u00e3o Prim\u00e1ria \u00e0 Sa\u00fade&#8221;; &#8220;O USO DE SUBST\u00c2NCIAS PSICOATIVAS E EMO\u00c7\u00d5ES PRESENTES NA VIDA DE ADOLESCENTES ESCOLARES DO ENSINO FUNDAMENTAL EM TEMPOS DE DISTANCIAMENTO SOCIAL&#8221;; &#8220;OBSERVAT\u00d3RIO DE VIOL\u00caNCIA E SUIC\u00cdDIO NO RIO GRANDE DO SUL DURANTE A PANDEMIA DA COVID-19&#8221;; &#8220;Ouvidores de Vozes &#8211; novas abordagens em sa\u00fade mental&#8221;; &#8220;Podcasts, infogr\u00e1ficos e psicoeduca\u00e7\u00e3o sobre sa\u00fade mental, cogni\u00e7\u00e3o e comportamento&#8221;; &#8220;Pr\u00e1ticas parentais e distanciamento social no Brasil&#8221;; &#8220;PREVEN\u00c7\u00c3O DA DEPRESS\u00c3O EM ADOLESCENTES ESCOLARES: EXPLORANDO A APLICABILIDADE E EFETIVIDADE DE UMA INTERVEN\u00c7\u00c3O BREVE ORIENTADA E AUTOORIENTADA \u00c0 DIST\u00c2NCIA&#8221;; &#8220;Sa\u00fade mental de discentes, docentes e t\u00e9cnicos-administrativos da Universidade Federal de Pelotas na pandemia de COVID-19&#8221;; &#8220;Sa\u00fade mental e percep\u00e7\u00e3o de riscos e danos de profissionais de enfermagem de hospitais de refer\u00eancia do Rio Grande do Sul no enfrentamento da pandemia Covid-19: estudo de m\u00e9todos mistos&#8221;; &#8220;Sa\u00fade mental em tempos de pandemia de COVID-19&#8221;; &#8220;Sa\u00fade mental, uso subst\u00e2ncias, sa\u00fade sexual, sa\u00fade reprodutiva, viol\u00eancia, seguran\u00e7a e acidentes em escolares brasileiros: Pesquisa Nacional de Sa\u00fade do Escolar (2009, 2012 e 2015)&#8221;; &#8220;Servi\u00e7o de Psicologia da Inf\u00e2ncia e da Adolesc\u00eancia&#8221;; &#8220;Sintomas depressivos e medo em indiv\u00edduos adultos durante a pandemia por COVID-19: compara\u00e7\u00e3o entre indiv\u00edduos assintom\u00e1ticos e acometidos pela doen\u00e7a&#8221;; &#8220;Transtornos psiqui\u00e1tricos menores e seus fatores associados em familiares cuidadores de usu\u00e1rios de Centro de Aten\u00e7\u00e3o Psicossocial&#8221;; &#8220;USO ABUSIVO DE DROGAS POR ESCOLARES E A IMPLEMENTA\u00c7\u00c3O DE ATIVIDADES DE PREVEN\u00c7\u00c3O\/CUIDADO&#8221;; &#8220;A crise ps\u00edquica no discurso pol\u00edtico da Aten\u00e7\u00e3o Psicossocial: um acontecimento de saber, poder e cuidado de si&#8221;; &#8220;Comunica Sa\u00fade&#8221;.<\/p>\n<\/details>\n<\/details>\n<details>\n<summary>Trabalho, Sa\u00fade e Gest\u00e3o na Enfermagem: Desafios e Estrat\u00e9gias para a Qualifica\u00e7\u00e3o da Assist\u00eancia<\/summary>\n<details>\n<summary>Respons\u00e1vel<\/summary>\n<p>CLARICE ALVES BONOW<\/details>\n<details>\n<summary>Linha de Pesquisa<\/summary>\n<p>Sa\u00fade mental e coletiva, processo do trabalho, gest\u00e3o e educa\u00e7\u00e3o em enfermagem e sa\u00fade<\/details>\n<details>\n<summary>In\u00edcio<\/summary>\n<p>01\/01\/2021<\/details>\n<details>\n<summary>Descri\u00e7\u00e3o<\/summary>\n<p style=\"text-align: justify; line-height: 1.5; margin: 10px 0;\">O projeto inclui os subprojetos: An\u00e1lise das a\u00e7\u00f5es de controle da tuberculose realizadas no Rio Grande do Sul com vistas ao alcance da meta de fim da tuberculose at\u00e9 2035; AVALIA\u00c7\u00c3O DO AMBIENTE DA PR\u00c1TICA, OMISS\u00c3O DE CUIDADOS E CLIMA DE SEGURAN\u00c7A: PERCEP\u00c7\u00c3O DOS PROFISSIONAIS DE ENFERMAGEM DE TR\u00caS REGI\u00d5ES DO BRASIL; Dispositivos HumanizaSUS na gest\u00e3o do trabalho em sa\u00fade; Gest\u00e3o, avalia\u00e7\u00e3o e monitoramento em sa\u00fade: ampliando a interface entre a Universidade e a Aten\u00e7\u00e3o Prim\u00e1ria \u00e0 Sa\u00fade; Dimens\u00e3o Socioambiental da Sa\u00fade do Trabalhador da Aten\u00e7\u00e3o B\u00e1sica de Sa\u00fade no Sul do Brasil: estudo sobre a percep\u00e7\u00e3o de risco, acidentes e doen\u00e7as relacionadas ao trabalho; Preval\u00eancia da S\u00edndrome de Burnout em profissionais da sa\u00fade que atuam na assist\u00eancia hospitalar e fatores associados; Processo de trabalho de equipes multiprofissionais na aten\u00e7\u00e3o domiciliar; Processo de trabalho e condi\u00e7\u00e3o de sa\u00fade dos trabalhadores de enfermagem dos hospitais p\u00fablicos de ensino do extremo sul do Brasil; Processo de trabalho e seus impactos na condi\u00e7\u00e3o de sa\u00fade de agentes comunit\u00e1rios de sa\u00fade na regi\u00e3o sul do Rio Grande do Sul; Processos de trabalho e sa\u00fade de profissionais de enfermagem na pandemia de COVID-19: estudo de m\u00e9todos mistos; Produ\u00e7\u00e3o de conhecimento sobre Enfermagem Pr\u00e1tica Avan\u00e7ada na Aten\u00e7\u00e3o Prim\u00e1ria a Sa\u00fade; Produ\u00e7\u00e3o de Sa\u00fade, Riscos e Doen\u00e7as Ocupacionais: Estudo Integrado em Diferentes Ambientes de Trabalho; Programa de forma\u00e7\u00e3o para organiza\u00e7\u00e3o e qualifica\u00e7\u00e3o do cuidado \u00e0s pessoas com Doen\u00e7as Cr\u00f4nicas N\u00e3o transmiss\u00edveis na Aten\u00e7\u00e3o Prim\u00e1ria do Estado de Goi\u00e1s; Repercuss\u00e3o da pandemia da Covid-19 na tuberculose em capitais brasileiras: realidade e novas perspectivas na Aten\u00e7\u00e3o Prim\u00e1ria Trabalhadores de empresas-aplicativo em tempos de COVID-19: alternativas e enfrentamentos poss\u00edveis; Trabalho da enfermagem em institui\u00e7\u00f5es de sa\u00fade e de ensino Vacinas e outros imunobiol\u00f3gicos na pr\u00e1tica do Enfermeiro.<\/p>\n<\/details>\n<\/details>\n<\/details>\n<\/details>\n<details>\n<summary>CONCLU\u00cdDOS<\/summary>\n<details>\n<summary>2024<\/summary>\n<summary><a href=\"https:\/\/wp.ufpel.edu.br\/pgenfermagem\/files\/2025\/04\/Projetos-de-Pesquisa-2024-L1.pdf\" target=\"_blank\" rel=\"noopener\">Projetos de Pesquisa 2024 &#8211; Linha 1<\/a><\/summary>\n<summary><a href=\"https:\/\/wp.ufpel.edu.br\/pgenfermagem\/files\/2025\/04\/Projetos-de-Pesquisa-2024-L2.pdf\" target=\"_blank\" rel=\"noopener\">Projetos de Pesquisa 2024 &#8211; Linha 2<\/a><\/summary>\n<\/details>\n<details>\n<summary>2023<\/summary>\n<summary><a href=\"https:\/\/wp.ufpel.edu.br\/pgenfermagem\/files\/2025\/04\/Projetos-de-Pesquisa-2023-L1.pdf\" target=\"_blank\" rel=\"noopener\">Projetos de Pesquisa 2023 &#8211; Linha1<\/a><\/summary>\n<summary><a href=\"https:\/\/wp.ufpel.edu.br\/pgenfermagem\/files\/2025\/04\/Projetos-de-Pesquisa-2023-L2.pdf\" target=\"_blank\" rel=\"noopener\">Projetos de Pesquisa 2023 &#8211; Linha 2<\/a><\/summary>\n<\/details>\n<details>\n<summary>2022<\/summary>\n<summary><a href=\"https:\/\/wp.ufpel.edu.br\/pgenfermagem\/files\/2025\/04\/Projetos-de-Pesquisa-2022-L1.pdf\" target=\"_blank\" rel=\"noopener\">Projetos de Pesquisa 2022 &#8211; Linha 1<\/a><\/summary>\n<summary><a href=\"https:\/\/wp.ufpel.edu.br\/pgenfermagem\/files\/2025\/04\/Projetos-de-Pesquisa-2022-L2.pdf\" target=\"_blank\" rel=\"noopener\">Projetos de Pesquisa 2022 &#8211; Linha 2<\/a><\/summary>\n<\/details>\n<details>\n<summary>2021<\/summary>\n<summary><a href=\"https:\/\/wp.ufpel.edu.br\/pgenfermagem\/files\/2025\/04\/Projetos-de-Pesquisa-2021-L1.pdf\" target=\"_blank\" rel=\"noopener\">Projetos de Pesquisa 2021 &#8211; Linha 1<\/a><\/summary>\n<summary><a href=\"https:\/\/wp.ufpel.edu.br\/pgenfermagem\/files\/2025\/04\/Projetos-de-Pesquisa-2021-L2.pdf\" target=\"_blank\" rel=\"noopener\">Projetos de Pesquisa 2021 &#8211; Linha 2<\/a><\/summary>\n<\/details>\n<details>\n<summary>2020<\/summary>\n<summary><a href=\"https:\/\/wp.ufpel.edu.br\/pgenfermagem\/files\/2025\/04\/Projetos-de-Pesquisa-2020-L1.pdf\" target=\"_blank\" rel=\"noopener\">Projetos de Pesquisa 2020 &#8211; Linha 1<\/a><\/summary>\n<summary><a href=\"https:\/\/wp.ufpel.edu.br\/pgenfermagem\/files\/2025\/04\/Projetos-de-Pesquisa-2020-L2.pdf\" target=\"_blank\" rel=\"noopener\">Projetos de Pesquisa 2020 &#8211; Linha 2<\/a><\/summary>\n<\/details>\n<details>\n<summary>2019<\/summary>\n<summary><a href=\"https:\/\/wp.ufpel.edu.br\/pgenfermagem\/files\/2025\/04\/Projetos-de-Pesquisa-2019-L1.pdf\" target=\"_blank\" rel=\"noopener\">Projetos de Pesquisa 2019 &#8211; Linha 1<\/a><\/summary>\n<summary><a href=\"https:\/\/wp.ufpel.edu.br\/pgenfermagem\/files\/2025\/04\/Projetos-de-Pesquisa-2019-L2.pdf\" target=\"_blank\" rel=\"noopener\">Projetos de Pesquisa 2019 &#8211; Linha 2<\/a><\/summary>\n<\/details>\n<\/details>\n","protected":false},"excerpt":{"rendered":"<p>EM ANDAMENTO 2025 Cuidado e Fim de Vida: Tecnologias, Suporte ao Cuidador e Pr\u00e1ticas Paliativas na Aten\u00e7\u00e3o Domiciliar e Hospitalar Respons\u00e1vel STEFANIE GRIEBELER OLIVEIRA Linha de Pesquisa Epidemiologia, pr\u00e1ticas e cuidado na sa\u00fade e enfermagem In\u00edcio 01\/01\/2021 Descri\u00e7\u00e3o O projeto inclui os subprojetos: A morte e os cuidados paliativos nas m\u00eddias sociais Instagram e Facebook; [&hellip;]<\/p>\n","protected":false},"author":576,"featured_media":0,"parent":14,"menu_order":3,"comment_status":"closed","ping_status":"closed","template":"","meta":{"footnotes":""},"class_list":["post-52","page","type-page","status-publish","hentry","post"],"jetpack_sharing_enabled":true,"jetpack_shortlink":"https:\/\/wp.me\/P7ii95-Q","jetpack-related-posts":[],"_links":{"self":[{"href":"https:\/\/wp.ufpel.edu.br\/pgenfermagem\/wp-json\/wp\/v2\/pages\/52","targetHints":{"allow":["GET"]}}],"collection":[{"href":"https:\/\/wp.ufpel.edu.br\/pgenfermagem\/wp-json\/wp\/v2\/pages"}],"about":[{"href":"https:\/\/wp.ufpel.edu.br\/pgenfermagem\/wp-json\/wp\/v2\/types\/page"}],"author":[{"embeddable":true,"href":"https:\/\/wp.ufpel.edu.br\/pgenfermagem\/wp-json\/wp\/v2\/users\/576"}],"replies":[{"embeddable":true,"href":"https:\/\/wp.ufpel.edu.br\/pgenfermagem\/wp-json\/wp\/v2\/comments?post=52"}],"version-history":[{"count":3,"href":"https:\/\/wp.ufpel.edu.br\/pgenfermagem\/wp-json\/wp\/v2\/pages\/52\/revisions"}],"predecessor-version":[{"id":5377,"href":"https:\/\/wp.ufpel.edu.br\/pgenfermagem\/wp-json\/wp\/v2\/pages\/52\/revisions\/5377"}],"up":[{"embeddable":true,"href":"https:\/\/wp.ufpel.edu.br\/pgenfermagem\/wp-json\/wp\/v2\/pages\/14"}],"wp:attachment":[{"href":"https:\/\/wp.ufpel.edu.br\/pgenfermagem\/wp-json\/wp\/v2\/media?parent=52"}],"curies":[{"name":"wp","href":"https:\/\/api.w.org\/{rel}","templated":true}]}}