{"id":501,"date":"2016-02-16T10:00:59","date_gmt":"2016-02-16T12:00:59","guid":{"rendered":"https:\/\/wp.ufpel.edu.br\/pgenfermagem\/?page_id=501"},"modified":"2025-12-22T16:15:08","modified_gmt":"2025-12-22T19:15:08","slug":"pos-doc","status":"publish","type":"page","link":"https:\/\/wp.ufpel.edu.br\/pgenfermagem\/pos-doc\/","title":{"rendered":"P\u00f3s-Doc"},"content":{"rendered":"<details open=\"\">\n<summary>ATIVOS<\/summary>\n<details>\n<summary>Amanda de Oliveira Ferreira Leite<\/summary>\n<details>\n<summary>Per\u00edodo<\/summary>\n<p>nov\/2025 a nov\/2026<\/p>\n<\/details>\n<details>\n<summary>Recurso<\/summary>\n<p>VOLUNT\u00c1RIO<\/p>\n<\/details>\n<\/details>\n<details>\n<summary>Ana Luc\u00eda de Pena Savio<\/summary>\n<details>\n<summary>Per\u00edodo<\/summary>\n<p>out\/2025 a set\/2026<\/p>\n<\/details>\n<details>\n<summary>Recurso<\/summary>\n<p>VOLUNT\u00c1RIO<\/p>\n<\/details>\n<\/details>\n<details>\n<summary>Clarissa de Souza Cardoso<\/summary>\n<details>\n<summary>Per\u00edodo<\/summary>\n<p>set\/2025 a ago\/2026<\/p>\n<\/details>\n<details>\n<summary>Recurso<\/summary>\n<p>PIPD\/CAPES<\/p>\n<\/details>\n<\/details>\n<details>\n<summary>Claudia Rosario Morosi Manrique<\/summary>\n<details>\n<summary>Per\u00edodo<\/summary>\n<p>out\/2025 a set\/2026<\/p>\n<\/details>\n<details>\n<summary>Recurso<\/summary>\n<p>VOLUNT\u00c1RIO<\/p>\n<\/details>\n<\/details>\n<details>\n<summary>Fabrizio Mart\u00ednez Dibarboure<\/summary>\n<details>\n<summary>Per\u00edodo<\/summary>\n<p>out\/2025 a set\/2026<\/p>\n<\/details>\n<details>\n<summary>Recurso<\/summary>\n<p>VOLUNT\u00c1RIO<\/p>\n<\/details>\n<\/details>\n<details>\n<summary>J\u00falia Torres Cavalheiro<\/summary>\n<details>\n<summary>Per\u00edodo<\/summary>\n<p>ago\/2025 a jul\/2026<\/p>\n<\/details>\n<details>\n<summary>Recurso<\/summary>\n<p>VOLUNT\u00c1RIO<\/p>\n<\/details>\n<\/details>\n<details>\n<summary>Lieni Fredo Herreira<\/summary>\n<details>\n<summary>Per\u00edodo<\/summary>\n<p>mai\/2025 a mai\/2026<\/p>\n<\/details>\n<details>\n<summary>Recurso<\/summary>\n<p>VOLUNT\u00c1RIO<\/p>\n<\/details>\n<\/details>\n<details>\n<summary>Mar\u00eda Alejandra Girona Gamarra<\/summary>\n<details>\n<summary>Per\u00edodo<\/summary>\n<p>out\/2025 a set\/2026<\/p>\n<\/details>\n<details>\n<summary>Recurso<\/summary>\n<p>VOLUNT\u00c1RIO<\/p>\n<\/details>\n<\/details>\n<details>\n<summary>Tatiane Britto da Silveira<\/summary>\n<details>\n<summary>Per\u00edodo<\/summary>\n<p>nov\/2025 a nov\/2026<\/p>\n<\/details>\n<details>\n<summary>Recurso<\/summary>\n<p>VOLUNT\u00c1RIO<\/p>\n<\/details>\n<\/details>\n<\/details>\n<details>\n<summary>ENCERRADOS<\/summary>\n<details>\n<summary>Aline Neutzling Brum<\/summary>\n<details>\n<summary>Per\u00edodo<\/summary>\n<p>nov\/2016 a jun\/2018<\/p>\n<\/details>\n<details>\n<summary>Recurso<\/summary>\n<p>PNPD CAPES<\/p>\n<\/details>\n<\/details>\n<details>\n<summary>Alvaro Washington Dias Ocampo<\/summary>\n<details>\n<summary>Per\u00edodo<\/summary>\n<p>nov\/2018 a nov\/2023<\/p>\n<\/details>\n<details>\n<summary>Recurso<\/summary>\n<p>Volunt\u00e1rio<\/p>\n<\/details>\n<\/details>\n<details>\n<summary>Ana Paula M\u00fcller de Andrade<\/summary>\n<details>\n<summary>Per\u00edodo 1<\/summary>\n<p>ago\/2013 a out\/2016<\/p>\n<\/details>\n<details>\n<summary>Recurso 1<\/summary>\n<p>PNPD Institucional<\/p>\n<\/details>\n<details>\n<summary>Per\u00edodo 2<\/summary>\n<p>nov\/2016 a jun\/2017<\/p>\n<\/details>\n<details>\n<summary>Recurso 2<\/summary>\n<p>PNPD CAPES<\/p>\n<\/details>\n<\/details>\n<details>\n<summary>Camila Irigonh\u00e9 Ramos<\/summary>\n<details>\n<summary>Per\u00edodo<\/summary>\n<p>jul\/2021 a jul\/2022<\/p>\n<\/details>\n<details>\n<summary>Recurso<\/summary>\n<p>Volunt\u00e1rio<\/p>\n<\/details>\n<\/details>\n<details>\n<summary>Crislaine Alves Barcellos de Lima<\/summary>\n<details>\n<summary>Per\u00edodo 1<\/summary>\n<p>dez\/2011 a fev\/2013<\/p>\n<\/details>\n<details>\n<summary>Recurso 1<\/summary>\n<p>PNPD Institucional<\/p>\n<\/details>\n<details>\n<summary>Per\u00edodo 2<\/summary>\n<p>mar\/2013 a fev\/2017<\/p>\n<\/details>\n<details>\n<summary>Recurso 2<\/summary>\n<p>DOCFIX FAPERGS<\/p>\n<\/details>\n<\/details>\n<details>\n<summary>D\u00e9bora Eduarda Duarte do Amaral<\/summary>\n<details>\n<summary>Per\u00edodo<\/summary>\n<p>dez\/2020 a mar\/2023<\/p>\n<\/details>\n<details>\n<summary>Recurso<\/summary>\n<p>Volunt\u00e1rio<\/p>\n<\/details>\n<\/details>\n<details>\n<summary>Felipe Mendes Delpino<\/summary>\n<details>\n<summary>Per\u00edodo<\/summary>\n<p>mar\/2023 a fev\/2025<\/p>\n<\/details>\n<details>\n<summary>Recurso<\/summary>\n<p>FAPERGS<\/p>\n<\/details>\n<\/details>\n<details>\n<summary>Fernanda Lise<\/summary>\n<details>\n<summary>Per\u00edodo 1<\/summary>\n<p>mar\/2020 a fev\/2024<\/p>\n<\/details>\n<details>\n<summary>Recurso 1<\/summary>\n<p>Volunt\u00e1rio<\/p>\n<\/details>\n<details>\n<summary>Per\u00edodo 2<\/summary>\n<p>dez\/2024 a jul\/2025<\/p>\n<\/details>\n<details>\n<summary>Recurso 2<\/summary>\n<p>P\u00d3S-DOC CAPES<\/p>\n<\/details>\n<\/details>\n<details>\n<summary>Graciela Noemi Umpierrez Chavez<\/summary>\n<details>\n<summary>Per\u00edodo<\/summary>\n<p>nov\/2018 a nov\/2023<\/p>\n<\/details>\n<details>\n<summary>Recurso<\/summary>\n<p>Volunt\u00e1rio<\/p>\n<\/details>\n<\/details>\n<details>\n<summary>Ion\u00e1 Carreno<\/summary>\n<details>\n<summary>Per\u00edodo<\/summary>\n<p>ago\/2021 a dez\/2023<\/p>\n<\/details>\n<details>\n<summary>Recurso<\/summary>\n<p>Volunt\u00e1rio<\/p>\n<\/details>\n<\/details>\n<details>\n<summary>Leoni Terezinha Zenevicz<\/summary>\n<details>\n<summary>Per\u00edodo<\/summary>\n<p>mar\/2020 a mar\/2021<\/p>\n<\/details>\n<details>\n<summary>Recurso<\/summary>\n<p>Volunt\u00e1rio<\/p>\n<\/details>\n<\/details>\n<details>\n<summary>Liamara Denise Ubessi<\/summary>\n<details>\n<summary>Per\u00edodo<\/summary>\n<p>jun\/2018 a mai\/2023<\/p>\n<\/details>\n<details>\n<summary>Recurso<\/summary>\n<p>PNPD CAPES<\/p>\n<\/details>\n<\/details>\n<details>\n<summary>Lilian Cruz Souto de Oliveira Sperb<\/summary>\n<details>\n<summary>Per\u00edodo<\/summary>\n<p>mai\/2020 a dez\/2024<\/p>\n<\/details>\n<details>\n<summary>Recurso<\/summary>\n<p>Volunt\u00e1rio<\/p>\n<\/details>\n<\/details>\n<details>\n<summary>M\u00e1rcia Vaz Ribeiro<\/summary>\n<details>\n<summary>Per\u00edodo<\/summary>\n<p>dez\/2011 a out\/2016<\/p>\n<\/details>\n<details>\n<summary>Recurso<\/summary>\n<p>PNPD Institucional<\/p>\n<\/details>\n<\/details>\n<details>\n<summary>Marcos Aur\u00e9lio Matos Lem\u00f5es<\/summary>\n<details>\n<summary>Per\u00edodo<\/summary>\n<p>jul\/2017 a jun\/2022<\/p>\n<\/details>\n<details>\n<summary>Recurso<\/summary>\n<p>PNPD CAPES<\/p>\n<\/details>\n<\/details>\n<details>\n<summary>Milton Waldemar Sb\u00e1rbaro Romero<\/summary>\n<details>\n<summary>Per\u00edodo<\/summary>\n<p>jul\/2021 a nov\/2024<\/p>\n<\/details>\n<details>\n<summary>Recurso<\/summary>\n<p>Volunt\u00e1rio<\/p>\n<\/details>\n<\/details>\n<details>\n<summary>Paola de Oliveira Camargo<\/summary>\n<details>\n<summary>Per\u00edodo<\/summary>\n<p>jun\/2019 a jul\/2023<\/p>\n<\/details>\n<details>\n<summary>Recurso<\/summary>\n<p>Volunt\u00e1rio<\/p>\n<\/details>\n<\/details>\n<\/details>\n","protected":false},"excerpt":{"rendered":"<p>ATIVOS Amanda de Oliveira Ferreira Leite Per\u00edodo nov\/2025 a nov\/2026 Recurso VOLUNT\u00c1RIO Ana Luc\u00eda de Pena Savio Per\u00edodo out\/2025 a set\/2026 Recurso VOLUNT\u00c1RIO Clarissa de Souza Cardoso Per\u00edodo set\/2025 a ago\/2026 Recurso PIPD\/CAPES Claudia Rosario Morosi Manrique Per\u00edodo out\/2025 a set\/2026 Recurso VOLUNT\u00c1RIO Fabrizio Mart\u00ednez Dibarboure Per\u00edodo out\/2025 a set\/2026 Recurso VOLUNT\u00c1RIO J\u00falia Torres Cavalheiro [&hellip;]<\/p>\n","protected":false},"author":576,"featured_media":0,"parent":0,"menu_order":0,"comment_status":"closed","ping_status":"closed","template":"","meta":{"footnotes":""},"class_list":["post-501","page","type-page","status-publish","hentry","post"],"jetpack_sharing_enabled":true,"jetpack_shortlink":"https:\/\/wp.me\/P7ii95-85","jetpack-related-posts":[],"_links":{"self":[{"href":"https:\/\/wp.ufpel.edu.br\/pgenfermagem\/wp-json\/wp\/v2\/pages\/501","targetHints":{"allow":["GET"]}}],"collection":[{"href":"https:\/\/wp.ufpel.edu.br\/pgenfermagem\/wp-json\/wp\/v2\/pages"}],"about":[{"href":"https:\/\/wp.ufpel.edu.br\/pgenfermagem\/wp-json\/wp\/v2\/types\/page"}],"author":[{"embeddable":true,"href":"https:\/\/wp.ufpel.edu.br\/pgenfermagem\/wp-json\/wp\/v2\/users\/576"}],"replies":[{"embeddable":true,"href":"https:\/\/wp.ufpel.edu.br\/pgenfermagem\/wp-json\/wp\/v2\/comments?post=501"}],"version-history":[{"count":3,"href":"https:\/\/wp.ufpel.edu.br\/pgenfermagem\/wp-json\/wp\/v2\/pages\/501\/revisions"}],"predecessor-version":[{"id":5471,"href":"https:\/\/wp.ufpel.edu.br\/pgenfermagem\/wp-json\/wp\/v2\/pages\/501\/revisions\/5471"}],"wp:attachment":[{"href":"https:\/\/wp.ufpel.edu.br\/pgenfermagem\/wp-json\/wp\/v2\/media?parent=501"}],"curies":[{"name":"wp","href":"https:\/\/api.w.org\/{rel}","templated":true}]}}