{"id":49,"date":"2015-10-16T12:05:08","date_gmt":"2015-10-16T15:05:08","guid":{"rendered":"https:\/\/wp.ufpel.edu.br\/pgenfermagem\/?page_id=49"},"modified":"2025-06-02T15:38:28","modified_gmt":"2025-06-02T18:38:28","slug":"coordenacao","status":"publish","type":"page","link":"https:\/\/wp.ufpel.edu.br\/pgenfermagem\/o-curso\/coordenacao\/","title":{"rendered":"Coordena\u00e7\u00e3o"},"content":{"rendered":"<details id=\"always-open\" open>\n<summary style=\"list-style: none\">GEST\u00d5ES<\/summary>\n<details open>\n<summary> 2022 &#8211; Atual<\/summary>\n<details open>\n<summary>Coordena\u00e7\u00e3o<\/summary>\n<p><span class=\"in-data\">Suele Manjourany Silva Duro<\/details>\n<details open>\n<summary>Coordena\u00e7\u00e3o Adjunta<\/summary>\n<p><span class=\"in-data\">Clarice Alves Bonow<\/details>\n<\/details>\n<details>\n<summary> 2020 &#8211; 2021<\/summary>\n<details open>\n<summary>Coordena\u00e7\u00e3o<\/summary>\n<p><span class=\"in-data\">Clarice Alves Bonow<\/details>\n<details open>\n<summary>Coordena\u00e7\u00e3o Adjunta<\/summary>\n<p><span class=\"in-data\">Suele Manjourany Silva Duro<\/details>\n<\/details>\n<details>\n<summary> 2018 &#8211; 2019<\/summary>\n<details open>\n<summary>Coordena\u00e7\u00e3o<\/summary>\n<p><span class=\"in-data\">Elaine Thum\u00e9<\/details>\n<details open>\n<summary>Coordena\u00e7\u00e3o Adjunta<\/summary>\n<p><span class=\"in-data\">Roxana Isabel Cardozo Gonzales<\/details>\n<\/details>\n<details>\n<summary> 2015 &#8211; 2017<\/summary>\n<details open>\n<summary>Coordena\u00e7\u00e3o<\/summary>\n<p><span class=\"in-data\">Rita Maria Heck<\/details>\n<details open>\n<summary>Coordena\u00e7\u00e3o Adjunta<\/summary>\n<p><span class=\"in-data\">Elaine Thum\u00e9<\/details>\n<\/details>\n<details>\n<summary> 2013 &#8211; 2014<\/summary>\n<details open>\n<summary>Coordena\u00e7\u00e3o<\/summary>\n<p><span class=\"in-data\">Eda Schwartz<\/details>\n<details open>\n<summary>Coordena\u00e7\u00e3o Adjunta<\/summary>\n<p><span class=\"in-data\">Rita Maria Heck<\/details>\n<\/details>\n<details>\n<summary> 2011 &#8211; 2012<\/summary>\n<details open>\n<summary>Coordena\u00e7\u00e3o<\/summary>\n<p><span class=\"in-data\">Rita Maria Heck<\/details>\n<details open>\n<summary>Coordena\u00e7\u00e3o Adjunta<\/summary>\n<p><span class=\"in-data\">Elaine Thum\u00e9<\/details>\n<\/details>\n<details>\n<summary> 2009 &#8211; 2010<\/summary>\n<details open>\n<summary>Coordena\u00e7\u00e3o<\/summary>\n<p><span class=\"in-data\">Rita Maria Heck<\/details>\n<details open>\n<summary>Coordena\u00e7\u00e3o Adjunta<\/summary>\n<p><span class=\"in-data\">Eda Schwartz<\/details>\n<\/details>\n<details>\n<summary> 2008 &#8211; 2009<\/summary>\n<details open>\n<summary>Coordena\u00e7\u00e3o<\/summary>\n<p><span class=\"in-data\">Rita Maria Heck<\/details>\n<details open>\n<summary>Coordena\u00e7\u00e3o Adjunta<\/summary>\n<p><span class=\"in-data\">Luciane Prado Kantorski<\/details>\n<\/details>\n<\/details>\n","protected":false},"excerpt":{"rendered":"<p>GEST\u00d5ES 2022 &#8211; Atual Coordena\u00e7\u00e3o Suele Manjourany Silva Duro Coordena\u00e7\u00e3o Adjunta Clarice Alves Bonow 2020 &#8211; 2021 Coordena\u00e7\u00e3o Clarice Alves Bonow Coordena\u00e7\u00e3o Adjunta Suele Manjourany Silva Duro 2018 &#8211; 2019 Coordena\u00e7\u00e3o Elaine Thum\u00e9 Coordena\u00e7\u00e3o Adjunta Roxana Isabel Cardozo Gonzales 2015 &#8211; 2017 Coordena\u00e7\u00e3o Rita Maria Heck Coordena\u00e7\u00e3o Adjunta Elaine Thum\u00e9 2013 &#8211; 2014 Coordena\u00e7\u00e3o Eda [&hellip;]<\/p>\n","protected":false},"author":576,"featured_media":0,"parent":14,"menu_order":4,"comment_status":"closed","ping_status":"closed","template":"","meta":{"footnotes":""},"class_list":["post-49","page","type-page","status-publish","hentry","post"],"jetpack_sharing_enabled":true,"jetpack_shortlink":"https:\/\/wp.me\/P7ii95-N","jetpack-related-posts":[],"_links":{"self":[{"href":"https:\/\/wp.ufpel.edu.br\/pgenfermagem\/wp-json\/wp\/v2\/pages\/49","targetHints":{"allow":["GET"]}}],"collection":[{"href":"https:\/\/wp.ufpel.edu.br\/pgenfermagem\/wp-json\/wp\/v2\/pages"}],"about":[{"href":"https:\/\/wp.ufpel.edu.br\/pgenfermagem\/wp-json\/wp\/v2\/types\/page"}],"author":[{"embeddable":true,"href":"https:\/\/wp.ufpel.edu.br\/pgenfermagem\/wp-json\/wp\/v2\/users\/576"}],"replies":[{"embeddable":true,"href":"https:\/\/wp.ufpel.edu.br\/pgenfermagem\/wp-json\/wp\/v2\/comments?post=49"}],"version-history":[{"count":19,"href":"https:\/\/wp.ufpel.edu.br\/pgenfermagem\/wp-json\/wp\/v2\/pages\/49\/revisions"}],"predecessor-version":[{"id":4815,"href":"https:\/\/wp.ufpel.edu.br\/pgenfermagem\/wp-json\/wp\/v2\/pages\/49\/revisions\/4815"}],"up":[{"embeddable":true,"href":"https:\/\/wp.ufpel.edu.br\/pgenfermagem\/wp-json\/wp\/v2\/pages\/14"}],"wp:attachment":[{"href":"https:\/\/wp.ufpel.edu.br\/pgenfermagem\/wp-json\/wp\/v2\/media?parent=49"}],"curies":[{"name":"wp","href":"https:\/\/api.w.org\/{rel}","templated":true}]}}