{"id":4719,"date":"2025-05-26T18:04:29","date_gmt":"2025-05-26T21:04:29","guid":{"rendered":"https:\/\/wp.ufpel.edu.br\/pgenfermagem\/?page_id=4719"},"modified":"2025-05-26T18:44:12","modified_gmt":"2025-05-26T21:44:12","slug":"teses-e-dissertacoes","status":"publish","type":"page","link":"https:\/\/wp.ufpel.edu.br\/pgenfermagem\/discentes\/teses-e-dissertacoes\/","title":{"rendered":"Teses e Disserta\u00e7\u00f5es"},"content":{"rendered":"<p><span style=\"font-size: 14pt;\"><a href=\"https:\/\/guaiaca.ufpel.edu.br\/browse?type=program&amp;value=Programa+de+P%C3%B3s-Gradua%C3%A7%C3%A3o+em+Enfermagem&amp;sort_by=2&amp;order=DESC&amp;rpp=20&amp;etal=0&amp;submit_browse=Update\" target=\"_blank\" rel=\"noopener\">Tese e Disserta\u00e7\u00f5es dispon\u00edveis no reposit\u00f3rio Guaiaca da UFPel<\/a><\/span><\/p>\n<p>Em caso de indisponibilidade do trabalho desejado, entrar em contato com o PPGEnf pelo e-mail <a href=\"mailto:enfermagemposufpel@gmail.com\" target=\"_blank\" rel=\"noopener\">enfermagemposufpel@gmail.com<\/a>.<\/p>\n","protected":false},"excerpt":{"rendered":"<p>Tese e Disserta\u00e7\u00f5es dispon\u00edveis no reposit\u00f3rio Guaiaca da UFPel Em caso de indisponibilidade do trabalho desejado, entrar em contato com o PPGEnf pelo e-mail enfermagemposufpel@gmail.com.<\/p>\n","protected":false},"author":576,"featured_media":0,"parent":88,"menu_order":0,"comment_status":"closed","ping_status":"closed","template":"","meta":{"footnotes":""},"class_list":["post-4719","page","type-page","status-publish","hentry","post"],"jetpack_sharing_enabled":true,"jetpack_shortlink":"https:\/\/wp.me\/P7ii95-1e7","jetpack-related-posts":[],"_links":{"self":[{"href":"https:\/\/wp.ufpel.edu.br\/pgenfermagem\/wp-json\/wp\/v2\/pages\/4719","targetHints":{"allow":["GET"]}}],"collection":[{"href":"https:\/\/wp.ufpel.edu.br\/pgenfermagem\/wp-json\/wp\/v2\/pages"}],"about":[{"href":"https:\/\/wp.ufpel.edu.br\/pgenfermagem\/wp-json\/wp\/v2\/types\/page"}],"author":[{"embeddable":true,"href":"https:\/\/wp.ufpel.edu.br\/pgenfermagem\/wp-json\/wp\/v2\/users\/576"}],"replies":[{"embeddable":true,"href":"https:\/\/wp.ufpel.edu.br\/pgenfermagem\/wp-json\/wp\/v2\/comments?post=4719"}],"version-history":[{"count":5,"href":"https:\/\/wp.ufpel.edu.br\/pgenfermagem\/wp-json\/wp\/v2\/pages\/4719\/revisions"}],"predecessor-version":[{"id":4725,"href":"https:\/\/wp.ufpel.edu.br\/pgenfermagem\/wp-json\/wp\/v2\/pages\/4719\/revisions\/4725"}],"up":[{"embeddable":true,"href":"https:\/\/wp.ufpel.edu.br\/pgenfermagem\/wp-json\/wp\/v2\/pages\/88"}],"wp:attachment":[{"href":"https:\/\/wp.ufpel.edu.br\/pgenfermagem\/wp-json\/wp\/v2\/media?parent=4719"}],"curies":[{"name":"wp","href":"https:\/\/api.w.org\/{rel}","templated":true}]}}