{"id":45,"date":"2015-10-16T11:04:45","date_gmt":"2015-10-16T14:04:45","guid":{"rendered":"https:\/\/wp.ufpel.edu.br\/pgenfermagem\/?page_id=45"},"modified":"2025-07-30T16:50:26","modified_gmt":"2025-07-30T19:50:26","slug":"contato","status":"publish","type":"page","link":"https:\/\/wp.ufpel.edu.br\/pgenfermagem\/contato\/","title":{"rendered":"Contato"},"content":{"rendered":"<details id=\"always-open\" open=\"\">\n<summary style=\"list-style: none;\"><span style=\"font-size: 16px;\">Secretaria do Programa de P\u00f3s-Gradua\u00e7\u00e3o em Enfermagem<\/span><\/summary>\n<details open=\"\">\n<summary><strong>Hor\u00e1rio de atendimento<\/strong><\/summary>\n<summary><span style=\"font-weight: normal;\">De segunda a sexta-feira,<br \/>\ndas 08:00 \u00e0s 12:00 e<br \/>\ndas 14:00 \u00e0s 18:00<br \/>\n<\/span><\/summary>\n<\/details>\n<details>\n<summary><strong>Email<\/strong><\/summary>\n<summary><span style=\"font-weight: normal;\"><a href=\"mailto:enfermagemposufpel@gmail.com\">enfermagemposufpel@gmail.com<\/a><\/span><\/summary>\n<\/details>\n<details>\n<summary><strong>Telefone<\/strong><\/summary>\n<summary><del><span style=\"font-weight: normal;\">(53) 3284-3823<\/span><\/del><span style=\"font-weight: normal;\"><br \/>\n(53) 3284-3820<br \/>\n(temporariamente na Dire\u00e7\u00e3o da Faculdade de Enfermagem)<\/span><\/summary>\n<\/details>\n<details>\n<summary><strong>Endere\u00e7o<\/strong><\/summary>\n<summary><span style=\"font-weight: normal;\">Rua Gomes Carneiro, 01 | 2\u00ba andar &#8211; <del>Sala 208<\/del> | Pelotas\/RS<br \/>\nSala 206<br \/>\n(temporariamente na Dire\u00e7\u00e3o da Faculdade de Enfermagem)<\/span><\/summary>\n<\/details>\n<details>\n<summary><strong>Secret\u00e1rios<\/strong><\/summary>\n<summary><span style=\"font-weight: normal;\">Jean Fernando Silveira Pires<br \/>\nRodrigo da Rosa Oliveira<\/span><\/summary>\n<\/details>\n<\/details>\n","protected":false},"excerpt":{"rendered":"<p>Secretaria do Programa de P\u00f3s-Gradua\u00e7\u00e3o em Enfermagem Hor\u00e1rio de atendimento De segunda a sexta-feira, das 08:00 \u00e0s 12:00 e das 14:00 \u00e0s 18:00 Email enfermagemposufpel@gmail.com Telefone (53) 3284-3823 (53) 3284-3820 (temporariamente na Dire\u00e7\u00e3o da Faculdade de Enfermagem) Endere\u00e7o Rua Gomes Carneiro, 01 | 2\u00ba andar &#8211; Sala 208 | Pelotas\/RS Sala 206 (temporariamente na Dire\u00e7\u00e3o [&hellip;]<\/p>\n","protected":false},"author":576,"featured_media":0,"parent":0,"menu_order":0,"comment_status":"closed","ping_status":"closed","template":"","meta":{"footnotes":""},"class_list":["post-45","page","type-page","status-publish","hentry","post"],"jetpack_sharing_enabled":true,"jetpack_shortlink":"https:\/\/wp.me\/P7ii95-J","jetpack-related-posts":[],"_links":{"self":[{"href":"https:\/\/wp.ufpel.edu.br\/pgenfermagem\/wp-json\/wp\/v2\/pages\/45","targetHints":{"allow":["GET"]}}],"collection":[{"href":"https:\/\/wp.ufpel.edu.br\/pgenfermagem\/wp-json\/wp\/v2\/pages"}],"about":[{"href":"https:\/\/wp.ufpel.edu.br\/pgenfermagem\/wp-json\/wp\/v2\/types\/page"}],"author":[{"embeddable":true,"href":"https:\/\/wp.ufpel.edu.br\/pgenfermagem\/wp-json\/wp\/v2\/users\/576"}],"replies":[{"embeddable":true,"href":"https:\/\/wp.ufpel.edu.br\/pgenfermagem\/wp-json\/wp\/v2\/comments?post=45"}],"version-history":[{"count":28,"href":"https:\/\/wp.ufpel.edu.br\/pgenfermagem\/wp-json\/wp\/v2\/pages\/45\/revisions"}],"predecessor-version":[{"id":5216,"href":"https:\/\/wp.ufpel.edu.br\/pgenfermagem\/wp-json\/wp\/v2\/pages\/45\/revisions\/5216"}],"wp:attachment":[{"href":"https:\/\/wp.ufpel.edu.br\/pgenfermagem\/wp-json\/wp\/v2\/media?parent=45"}],"curies":[{"name":"wp","href":"https:\/\/api.w.org\/{rel}","templated":true}]}}