{"id":2,"date":"2015-10-15T11:39:36","date_gmt":"2015-10-15T14:39:36","guid":{"rendered":"https:\/\/wp.ufpel.edu.br\/pgenfermagem\/?page_id=2"},"modified":"2025-06-11T01:42:27","modified_gmt":"2025-06-11T04:42:27","slug":"area-concentracao","status":"publish","type":"page","link":"https:\/\/wp.ufpel.edu.br\/pgenfermagem\/o-curso\/area-concentracao\/","title":{"rendered":"\u00c1rea de Concentra\u00e7\u00e3o"},"content":{"rendered":"<details id=\"always-open\" open>\n<summary style=\"list-style: none; font-size: 16px;\"><strong>Pr\u00e1ticas Sociais em Enfermagem e Sa\u00fade<\/strong><\/summary>\n<details open style=\"text-align: justify;\">\n<summary>Ementa<\/summary>\n<p>Consiste em estudos a partir da premissa de que a enfermagem constitui-se numa pr\u00e1tica social em sa\u00fade, contextualizada nos servi\u00e7os de sa\u00fade e na inclus\u00e3o social e cidad\u00e3. Engloba estudos e modelos no campo das pol\u00edticas sociais e de aten\u00e7\u00e3o, promo\u00e7\u00e3o, organiza\u00e7\u00e3o, gest\u00e3o e avalia\u00e7\u00e3o em enfermagem e sa\u00fade.<\/details>\n<\/details>\n","protected":false},"excerpt":{"rendered":"<p>Pr\u00e1ticas Sociais em Enfermagem e Sa\u00fade Ementa Consiste em estudos a partir da premissa de que a enfermagem constitui-se numa pr\u00e1tica social em sa\u00fade, contextualizada nos servi\u00e7os de sa\u00fade e na inclus\u00e3o social e cidad\u00e3. Engloba estudos e modelos no campo das pol\u00edticas sociais e de aten\u00e7\u00e3o, promo\u00e7\u00e3o, organiza\u00e7\u00e3o, gest\u00e3o e avalia\u00e7\u00e3o em enfermagem e [&hellip;]<\/p>\n","protected":false},"author":576,"featured_media":0,"parent":14,"menu_order":1,"comment_status":"closed","ping_status":"closed","template":"","meta":{"footnotes":""},"class_list":["post-2","page","type-page","status-publish","hentry","post"],"jetpack_sharing_enabled":true,"jetpack_shortlink":"https:\/\/wp.me\/P7ii95-2","jetpack-related-posts":[],"_links":{"self":[{"href":"https:\/\/wp.ufpel.edu.br\/pgenfermagem\/wp-json\/wp\/v2\/pages\/2","targetHints":{"allow":["GET"]}}],"collection":[{"href":"https:\/\/wp.ufpel.edu.br\/pgenfermagem\/wp-json\/wp\/v2\/pages"}],"about":[{"href":"https:\/\/wp.ufpel.edu.br\/pgenfermagem\/wp-json\/wp\/v2\/types\/page"}],"author":[{"embeddable":true,"href":"https:\/\/wp.ufpel.edu.br\/pgenfermagem\/wp-json\/wp\/v2\/users\/576"}],"replies":[{"embeddable":true,"href":"https:\/\/wp.ufpel.edu.br\/pgenfermagem\/wp-json\/wp\/v2\/comments?post=2"}],"version-history":[{"count":7,"href":"https:\/\/wp.ufpel.edu.br\/pgenfermagem\/wp-json\/wp\/v2\/pages\/2\/revisions"}],"predecessor-version":[{"id":5098,"href":"https:\/\/wp.ufpel.edu.br\/pgenfermagem\/wp-json\/wp\/v2\/pages\/2\/revisions\/5098"}],"up":[{"embeddable":true,"href":"https:\/\/wp.ufpel.edu.br\/pgenfermagem\/wp-json\/wp\/v2\/pages\/14"}],"wp:attachment":[{"href":"https:\/\/wp.ufpel.edu.br\/pgenfermagem\/wp-json\/wp\/v2\/media?parent=2"}],"curies":[{"name":"wp","href":"https:\/\/api.w.org\/{rel}","templated":true}]}}