{"id":122,"date":"2015-10-16T13:49:08","date_gmt":"2015-10-16T16:49:08","guid":{"rendered":"https:\/\/wp.ufpel.edu.br\/pgenfermagem\/?page_id=122"},"modified":"2025-06-11T02:39:27","modified_gmt":"2025-06-11T05:39:27","slug":"revista","status":"publish","type":"page","link":"https:\/\/wp.ufpel.edu.br\/pgenfermagem\/o-curso\/revista\/","title":{"rendered":"Revista"},"content":{"rendered":"<details id=\"always-open\" open>\n<summary style=\"list-style: none;\"><\/summary>\n<details open=\"\">\n<summary>JOURNAL OF NURSING AND HEALTH<\/summary>\n<p><img loading=\"lazy\" decoding=\"async\" data-attachment-id=\"123\" data-permalink=\"https:\/\/wp.ufpel.edu.br\/pgenfermagem\/o-curso\/revista\/revista\/#main\" data-orig-file=\"https:\/\/wp.ufpel.edu.br\/pgenfermagem\/files\/2015\/10\/revista.png\" data-orig-size=\"906,302\" data-comments-opened=\"0\" data-image-meta=\"{&quot;aperture&quot;:&quot;0&quot;,&quot;credit&quot;:&quot;&quot;,&quot;camera&quot;:&quot;&quot;,&quot;caption&quot;:&quot;&quot;,&quot;created_timestamp&quot;:&quot;0&quot;,&quot;copyright&quot;:&quot;&quot;,&quot;focal_length&quot;:&quot;0&quot;,&quot;iso&quot;:&quot;0&quot;,&quot;shutter_speed&quot;:&quot;0&quot;,&quot;title&quot;:&quot;&quot;,&quot;orientation&quot;:&quot;0&quot;}\" data-image-title=\"revista\" data-image-description=\"\" data-image-caption=\"\" data-medium-file=\"https:\/\/wp.ufpel.edu.br\/pgenfermagem\/files\/2015\/10\/revista-424x141.png\" data-large-file=\"https:\/\/wp.ufpel.edu.br\/pgenfermagem\/files\/2015\/10\/revista-906x220.png\" class=\"aligncenter size-full wp-image-123\" src=\"https:\/\/wp.ufpel.edu.br\/pgenfermagem\/files\/2015\/10\/revista.png\" alt=\"\" width=\"906\" height=\"302\" srcset=\"https:\/\/wp.ufpel.edu.br\/pgenfermagem\/files\/2015\/10\/revista.png 906w, https:\/\/wp.ufpel.edu.br\/pgenfermagem\/files\/2015\/10\/revista-212x71.png 212w, https:\/\/wp.ufpel.edu.br\/pgenfermagem\/files\/2015\/10\/revista-424x141.png 424w\" sizes=\"auto, (max-width: 906px) 100vw, 906px\" \/><\/p>\n<p style=\"text-align: justify;\">O <em>Journal of Nursing and Health<\/em> (JONAH) \u00e9 um peri\u00f3dico online que foi criado em 2011 e est\u00e1 vinculado ao Programa de P\u00f3s-Gradua\u00e7\u00e3o em Enfermagem e \u00e0 Faculdade de Enfermagem da Universidade Federal de Pelotas (UFPel).<\/p>\n<p style=\"text-align: justify;\">Os artigos possuem registro de Digital Object Identifier (DOI). Na classifica\u00e7\u00e3o de peri\u00f3dicos pela Coordena\u00e7\u00e3o de Aperfei\u00e7oamento de Pessoal de N\u00edvel Superior (CAPES) no quadri\u00eanio 2013-2016 a revista tem Qualis B4. Al\u00e9m disso, a Revista est\u00e1 indexada na base de dados: Base de dados em Enfermagem (BDENF), que faz parte do Sistema Latino-Americano e do Caribe de Informa\u00e7\u00e3o em Ci\u00eancias da Sa\u00fade. Acesse os manuscritos na BDENF no seguinte link: <a href=\"http:\/\/pesquisa.bvsalud.org\/portal\/?lang=pt&amp;q=%28ta%3A%28%22journal+of+nursing+and+health%22%29%29\" target=\"_blank\" rel=\"noopener\">http:\/\/pesquisa.bvsalud.org\/portal\/?lang=pt&amp;q=%28ta%3A%28%22journal+of+nursing+and+health%22%29%29<\/a><\/p>\n<p style=\"text-align: justify;\">Outras bases de indexa\u00e7\u00e3o ou reposit\u00f3rios s\u00e3o: Sistema Regional de Informaci\u00f3n en L\u00ednea para Revistas Cient\u00edficas de Am\u00e9rica Latina, el Caribe, Espa\u00f1a y Portugal (Latindex), Google Acad\u00eamico, Funda\u00e7\u00e3o Biblioteca Nacional, Ciberindex &#8211; Cuiden, REDEdit.<\/p>\n<p><strong><a href=\"https:\/\/periodicos.ufpel.edu.br\/ojs2\/index.php\/enfermagem\" target=\"_blank\" rel=\"noopener\">Acesse o JONAH<\/a><\/strong><br \/>\n<\/details>\n<details open=\"\">\n<summary><strong>MISS\u00c3O<\/strong><\/summary>\n<p style=\"text-align: justify;\">Divulgar conhecimentos cient\u00edficos resultados de pesquisas e de relatos de pr\u00e1ticas profissionais com relev\u00e2ncia para a \u00c1rea da Enfermagem e demais \u00e1reas de interesse.<\/p>\n<\/details>\n<details open=\"\">\n<summary><strong>POL\u00cdTICA EDITORIAL<\/strong><\/summary>\n<p style=\"text-align: justify;\">\u00c9 um peri\u00f3dico aberto, gratuito e quadrimestral, composto de um volume por ano com quatro n\u00fameros, e dedicado \u00e0 divulga\u00e7\u00e3o arbitrada da produ\u00e7\u00e3o cient\u00edfica na \u00e1rea de Ci\u00eancias da Sa\u00fade, com \u00eanfase em Enfermagem. O JONAH publica prioritariamente artigos originais destinados \u00e0 divulga\u00e7\u00e3o de resultados de pesquisas, sendo ainda publicadas outras categorias de textos, como revis\u00f5es sistem\u00e1ticas ou integrativas, casos cl\u00ednicos, relatos de experi\u00eancia, artigos de atualiza\u00e7\u00e3o, notas pr\u00e9vias, editoriais, biografias e resenhas.<\/p>\n<p style=\"text-align: justify;\">Os manuscritos devem ser destinados exclusivamente ao JONAH, n\u00e3o sendo permitida sua apresenta\u00e7\u00e3o simult\u00e2nea a outro peri\u00f3dico, tanto do texto, quanto de figuras e tabelas, quer \u00edntegra ou parcialmente, excetuando-se os resumos ou relat\u00f3rios preliminares publicados em anais de reuni\u00f5es cient\u00edficas.<\/p>\n<p style=\"text-align: justify;\">O conte\u00fado do manuscrito (conceitos, ju\u00edzos e opini\u00f5es), anexos e o preenchimento de todos os dados s\u00e3o de inteira responsabilidade de seus autores, eximindo de qualquer falta o Editor.<\/p>\n<\/details>\n<\/details>\n","protected":false},"excerpt":{"rendered":"<p>JOURNAL OF NURSING AND HEALTH O Journal of Nursing and Health (JONAH) \u00e9 um peri\u00f3dico online que foi criado em 2011 e est\u00e1 vinculado ao Programa de P\u00f3s-Gradua\u00e7\u00e3o em Enfermagem e \u00e0 Faculdade de Enfermagem da Universidade Federal de Pelotas (UFPel). Os artigos possuem registro de Digital Object Identifier (DOI). Na classifica\u00e7\u00e3o de peri\u00f3dicos pela [&hellip;]<\/p>\n","protected":false},"author":576,"featured_media":123,"parent":14,"menu_order":0,"comment_status":"closed","ping_status":"closed","template":"","meta":{"footnotes":""},"class_list":["post-122","page","type-page","status-publish","has-post-thumbnail","hentry","post","post-with-thumbnail","post-with-thumbnail-large"],"jetpack_sharing_enabled":true,"jetpack_shortlink":"https:\/\/wp.me\/P7ii95-1Y","jetpack-related-posts":[],"_links":{"self":[{"href":"https:\/\/wp.ufpel.edu.br\/pgenfermagem\/wp-json\/wp\/v2\/pages\/122","targetHints":{"allow":["GET"]}}],"collection":[{"href":"https:\/\/wp.ufpel.edu.br\/pgenfermagem\/wp-json\/wp\/v2\/pages"}],"about":[{"href":"https:\/\/wp.ufpel.edu.br\/pgenfermagem\/wp-json\/wp\/v2\/types\/page"}],"author":[{"embeddable":true,"href":"https:\/\/wp.ufpel.edu.br\/pgenfermagem\/wp-json\/wp\/v2\/users\/576"}],"replies":[{"embeddable":true,"href":"https:\/\/wp.ufpel.edu.br\/pgenfermagem\/wp-json\/wp\/v2\/comments?post=122"}],"version-history":[{"count":12,"href":"https:\/\/wp.ufpel.edu.br\/pgenfermagem\/wp-json\/wp\/v2\/pages\/122\/revisions"}],"predecessor-version":[{"id":5172,"href":"https:\/\/wp.ufpel.edu.br\/pgenfermagem\/wp-json\/wp\/v2\/pages\/122\/revisions\/5172"}],"up":[{"embeddable":true,"href":"https:\/\/wp.ufpel.edu.br\/pgenfermagem\/wp-json\/wp\/v2\/pages\/14"}],"wp:featuredmedia":[{"embeddable":true,"href":"https:\/\/wp.ufpel.edu.br\/pgenfermagem\/wp-json\/wp\/v2\/media\/123"}],"wp:attachment":[{"href":"https:\/\/wp.ufpel.edu.br\/pgenfermagem\/wp-json\/wp\/v2\/media?parent=122"}],"curies":[{"name":"wp","href":"https:\/\/api.w.org\/{rel}","templated":true}]}}