{"id":118,"date":"2015-10-16T13:40:36","date_gmt":"2015-10-16T16:40:36","guid":{"rendered":"https:\/\/wp.ufpel.edu.br\/pgenfermagem\/?page_id=118"},"modified":"2025-09-29T17:06:17","modified_gmt":"2025-09-29T20:06:17","slug":"documentos","status":"publish","type":"page","link":"https:\/\/wp.ufpel.edu.br\/pgenfermagem\/documentos\/","title":{"rendered":"Formul\u00e1rios e Documentos"},"content":{"rendered":"<p><!--\n\n\n\n<details id=\"always-open\" open><span data-mce-type=\"bookmark\" style=\"display: inline-block; width: 0px; overflow: hidden; line-height: 0;\" class=\"mce_SELRES_start\"><\/span>\n\n\n\n<summary style=\"list-style: none;\"><\/summary>\n\n\n\n\n<details id=\"always-open\" open>\n\n\n<summary style=\"list-style: none;\"><\/summary>\n\n\n\n\n<details id=\"always-open\" open>\n\n\n<summary style=\"list-style: none;\">FORMUL\u00c1RIOS E DOCUMENTOS<\/summary>\n\n --><\/p>\n<details id=\"always-open\" open=\"\">\n<summary style=\"list-style: none;\"><\/summary>\n<details id=\"always-open\" open=\"\">\n<summary style=\"list-style: none;\"><\/summary>\n<details open=\"\">\n<summary>MESTRADO<\/summary>\n<summary class=\"in-data\"><a href=\"https:\/\/wp.ufpel.edu.br\/pgenfermagem\/files\/2015\/10\/Plano-Acad\u00eamico-de-Acompanhamento-Mestrado.doc\">Plano Acad\u00eamico de Acompanhamento &#8211; Mestrado<\/a><\/summary>\n<summary class=\"in-data\"><a class=\"download\" href=\"https:\/\/forms.gle\/a7YZLnBRMxHphgm99\" target=\"_blank\" rel=\"noopener noreferrer\">Solicita\u00e7\u00e3o de Qualifica\u00e7\u00e3o de Mestrado<\/a><\/summary>\n<summary class=\"in-data\"><a class=\"download\" href=\"https:\/\/forms.gle\/f5pfRn1b7RHhnN2U7\" target=\"_blank\" rel=\"noopener noreferrer\">Solicita\u00e7\u00e3o de Defesa de Disserta\u00e7\u00e3o<\/a><\/summary>\n<\/details>\n<details open=\"\">\n<summary>DOUTORADO<\/summary>\n<summary class=\"in-data\"><a href=\"https:\/\/wp.ufpel.edu.br\/pgenfermagem\/files\/2015\/10\/Plano-Acad\u00eamico-de-Acompanhamento-Doutorado.doc\">Plano Acad\u00eamico de Acompanhamento &#8211; Doutorado<\/a><\/summary>\n<summary class=\"in-data\"><a class=\"download\" href=\"https:\/\/forms.gle\/5szHRTQnfVzVYVWo6\" target=\"_blank\" rel=\"noopener noreferrer\">Solicita\u00e7\u00e3o de Qualifica\u00e7\u00e3o de Doutorado<\/a><\/summary>\n<summary class=\"in-data\"><a href=\"https:\/\/forms.gle\/jv4Xjojgu2HPy5EK8\" target=\"_blank\" rel=\"noopener noreferrer\">Solicita\u00e7\u00e3o de Defesa de Tese<\/a><\/summary>\n<\/details>\n<details open=\"\">\n<summary>MESTRADO E DOUTORADO<\/summary>\n<summary class=\"in-data\"><a href=\"https:\/\/docs.google.com\/forms\/d\/e\/1FAIpQLSehEUpHOsjsTy27r9Mtf1xzCvD2bvp4e_s5y1zcIJ6N8f-dkg\/viewform?usp=sf_link\" target=\"_blank\" rel=\"noopener\">Solicita\u00e7\u00e3o de Aproveitamento de Disciplinas<\/a><\/summary>\n<summary class=\"in-data\"><a href=\"https:\/\/wp.ufpel.edu.br\/pgenfermagem\/files\/2015\/10\/Solicita\u00e7\u00e3o-de-Coorienta\u00e7\u00e3o.doc\" target=\"_blank\" rel=\"noopener\">Solicita\u00e7\u00e3o de Coorienta\u00e7\u00e3o<\/a><\/summary>\n<summary class=\"in-data\"><a href=\"https:\/\/wp.ufpel.edu.br\/pgenfermagem\/files\/2019\/12\/Documentos-de-Docencia-Orientada.zip\">Documentos do Est\u00e1gio de Doc\u00eancia Orientada<\/a><\/summary>\n<summary class=\"in-data\"><a href=\"https:\/\/wp.ufpel.edu.br\/pgenfermagem\/files\/2024\/08\/Modelo-de-Parecer-para-Qualificacao.docx\">Modelo de Parecer para Qualifica\u00e7\u00e3o<\/a><\/summary>\n<summary class=\"in-data\"><a href=\"https:\/\/wp.ufpel.edu.br\/pgenfermagem\/files\/2024\/08\/Modelo-de-Parecer-para-Defesa.docx\">Modelo de Parecer para Defesa<\/a><\/summary>\n<summary class=\"in-data\"><a href=\"https:\/\/wp.ufpel.edu.br\/pgenfermagem\/files\/2023\/10\/SEI_UFPel-2392523-Resolucao-Bolsas-PPGEnf.pdf\" target=\"_blank\" rel=\"noopener\">Resolu\u00e7\u00e3o N\u00ba 01\/2023 &#8211; Bolsas de Mestrado e Doutorado<\/a><\/summary>\n<summary class=\"in-data\"><a href=\"https:\/\/docs.google.com\/forms\/d\/e\/1FAIpQLScOTt4C2T174Oesp0xzRjW_9JeWJoKJMRZ-LvvBxoqT6bH7uw\/viewform\" target=\"_blank\" rel=\"noopener\">Envio do Volume Final para Homologa\u00e7\u00e3o<\/a><\/summary>\n<\/details>\n<details open=\"\">\n<summary>DOCUMENTOS DA \u00c1REA<\/summary>\n<summary class=\"in-data\"><a href=\"https:\/\/www.gov.br\/capes\/pt-br\/acesso-a-informacao\/acoes-e-programas\/avaliacao\/sobre-a-avaliacao\/areas-avaliacao\/sobre-as-areas-de-avaliacao\/colegio-de-ciencias-da-vida\/ciencias-da-saude\/ENFERMAGEM_DOCAREA_2025_2028.pdf\" target=\"_blank\" rel=\"noopener noreferrer\">Documentos de \u00c1rea da Enfermagem<\/a><\/summary>\n<summary class=\"in-data\"><a href=\"https:\/\/wp.ufpel.edu.br\/pgenfermagem\/files\/2016\/05\/Semin\u00e1rio-S\u00edntese-Acompanhamento-de-Meio-Termo.pdf\" target=\"_blank\" rel=\"noopener noreferrer\">Semin\u00e1rio S\u00edntese &#8211; Acompanhamento de Meio Termo<\/a><\/summary>\n<summary class=\"in-data\"><a href=\"https:\/\/wp.ufpel.edu.br\/pgenfermagem\/files\/2015\/10\/Of.-031-ABEn-Forum-dos-PPG-em-Enfermagem.pdf\" target=\"_blank\" rel=\"noopener noreferrer\">Of. 031 &#8211; ABEn &#8211; F\u00f3rum dos PPG em Enfermagem<\/a><\/summary\n        <\/details>\n<\/details>\n<\/details>\n<p><!-- <\/details>\n\n --><\/p>\n","protected":false},"excerpt":{"rendered":"<p>MESTRADO Plano Acad\u00eamico de Acompanhamento &#8211; Mestrado Solicita\u00e7\u00e3o de Qualifica\u00e7\u00e3o de Mestrado Solicita\u00e7\u00e3o de Defesa de Disserta\u00e7\u00e3o DOUTORADO Plano Acad\u00eamico de Acompanhamento &#8211; Doutorado Solicita\u00e7\u00e3o de Qualifica\u00e7\u00e3o de Doutorado Solicita\u00e7\u00e3o de Defesa de Tese MESTRADO E DOUTORADO Solicita\u00e7\u00e3o de Aproveitamento de Disciplinas Solicita\u00e7\u00e3o de Coorienta\u00e7\u00e3o Documentos do Est\u00e1gio de Doc\u00eancia Orientada Modelo de Parecer para [&hellip;]<\/p>\n","protected":false},"author":576,"featured_media":0,"parent":0,"menu_order":0,"comment_status":"closed","ping_status":"closed","template":"","meta":{"footnotes":""},"class_list":["post-118","page","type-page","status-publish","hentry","post"],"jetpack_sharing_enabled":true,"jetpack_shortlink":"https:\/\/wp.me\/P7ii95-1U","jetpack-related-posts":[],"_links":{"self":[{"href":"https:\/\/wp.ufpel.edu.br\/pgenfermagem\/wp-json\/wp\/v2\/pages\/118","targetHints":{"allow":["GET"]}}],"collection":[{"href":"https:\/\/wp.ufpel.edu.br\/pgenfermagem\/wp-json\/wp\/v2\/pages"}],"about":[{"href":"https:\/\/wp.ufpel.edu.br\/pgenfermagem\/wp-json\/wp\/v2\/types\/page"}],"author":[{"embeddable":true,"href":"https:\/\/wp.ufpel.edu.br\/pgenfermagem\/wp-json\/wp\/v2\/users\/576"}],"replies":[{"embeddable":true,"href":"https:\/\/wp.ufpel.edu.br\/pgenfermagem\/wp-json\/wp\/v2\/comments?post=118"}],"version-history":[{"count":3,"href":"https:\/\/wp.ufpel.edu.br\/pgenfermagem\/wp-json\/wp\/v2\/pages\/118\/revisions"}],"predecessor-version":[{"id":5387,"href":"https:\/\/wp.ufpel.edu.br\/pgenfermagem\/wp-json\/wp\/v2\/pages\/118\/revisions\/5387"}],"wp:attachment":[{"href":"https:\/\/wp.ufpel.edu.br\/pgenfermagem\/wp-json\/wp\/v2\/media?parent=118"}],"curies":[{"name":"wp","href":"https:\/\/api.w.org\/{rel}","templated":true}]}}