{"id":922,"date":"2019-12-04T16:18:13","date_gmt":"2019-12-04T19:18:13","guid":{"rendered":"https:\/\/wp.ufpel.edu.br\/pgca\/?page_id=922"},"modified":"2025-03-07T15:53:28","modified_gmt":"2025-03-07T18:53:28","slug":"contato-dos-professores-do-curso","status":"publish","type":"page","link":"https:\/\/wp.ufpel.edu.br\/pgca\/contato-dos-professores-do-curso\/","title":{"rendered":"Contato dos Professores do Curso"},"content":{"rendered":"<p>Eventuais d\u00favidas sobre o conte\u00fado relacionado \u00e0s disciplinas dever\u00e3o ser enviadas via f\u00f3rum ou email dos professores.<\/p>\n<table style=\"height: 595px\" width=\"690\">\n<tbody>\n<tr style=\"height: 10px\">\n<td style=\"height: 10px;width: 357px\"><strong>Nome<\/strong><\/td>\n<td style=\"height: 10px;width: 316px\"><strong>E-mail<\/strong><\/td>\n<\/tr>\n<tr style=\"height: 24px\">\n<td style=\"height: 24px;width: 357px\">Carla Rosane Barbosa Mendon\u00e7a<\/td>\n<td style=\"height: 24px;width: 316px\">carlaufpel@hotmail.com<\/td>\n<\/tr>\n<tr style=\"height: 24px\">\n<td style=\"height: 24px;width: 357px\">Caroline Dellinghausen Borges<\/td>\n<td style=\"height: 24px;width: 316px\">caroldellin@hotmail.com<\/td>\n<\/tr>\n<tr style=\"height: 22px\">\n<td style=\"height: 22px;width: 357px\">Caroline Peixoto Bastos<\/td>\n<td style=\"height: 22px;width: 316px\">carolpebastos@yahoo.com.br<\/td>\n<\/tr>\n<tr style=\"height: 26px\">\n<td style=\"height: 26px;width: 357px\">Eliezer Avila Gandra<\/td>\n<td style=\"height: 26px;width: 316px\">gandraea@hotmail.com<\/td>\n<\/tr>\n<tr style=\"height: 26px\">\n<td style=\"height: 26px;width: 357px\">Elizangela Gon\u00e7alves de Oliveira<\/td>\n<td style=\"height: 26px;width: 316px\">elizangelagoliveira1@gmail.com<\/td>\n<\/tr>\n<tr style=\"height: 26px\">\n<td style=\"height: 26px;width: 357px\">Fabrizio da Fonseca Barbosa<\/td>\n<td style=\"height: 26px;width: 316px\">fabriziobarbosa@yahoo.com.br<\/td>\n<\/tr>\n<tr style=\"height: 31px\">\n<td style=\"height: 31px;width: 357px\">Francine Novack Victoria<\/td>\n<td style=\"height: 31px;width: 316px\">francinevictoria@yahoo.com.br<\/td>\n<\/tr>\n<tr style=\"height: 31px\">\n<td style=\"height: 31px;width: 357px\">Graciele Da Silva Campelo Borges<\/td>\n<td style=\"height: 31px;width: 316px\">gracieleborges@gmail.com<\/td>\n<\/tr>\n<tr style=\"height: 31px\">\n<td style=\"height: 31px;width: 357px\">Josiane Freitas Chim<\/td>\n<td style=\"height: 31px;width: 316px\">josianechim@gmail.com<\/td>\n<\/tr>\n<tr style=\"height: 28px\">\n<td style=\"height: 28px;width: 357px\">M\u00e1rcia Arocha Gularte<\/td>\n<td style=\"height: 28px;width: 316px\">marciagularte@hotmail.com<\/td>\n<\/tr>\n<tr style=\"height: 30px\">\n<td style=\"height: 30px;width: 357px\">N\u00e1dia Carbonera<\/td>\n<td style=\"height: 30px;width: 316px\">nadiacarbonera@yahoo.com.br<\/td>\n<\/tr>\n<tr style=\"height: 31px\">\n<td style=\"height: 31px;width: 357px\">Rosana Colussi<\/td>\n<td style=\"height: 31px;width: 316px\">rosana_colussi@yahoo.com.br<\/td>\n<\/tr>\n<tr style=\"height: 30px\">\n<td style=\"height: 30px;width: 357px\">Rui Carlos Zambiazi<\/td>\n<td style=\"height: 30px;width: 316px\">zambiazi@ufpel.tche.br<\/td>\n<\/tr>\n<tr style=\"height: 31px\">\n<td style=\"height: 31px;width: 357px\">Tatiana Valesca Rodriguez Alicieo<\/td>\n<td style=\"height: 31px;width: 316px\">tatianavra@hotmail.com<\/td>\n<\/tr>\n<tr style=\"height: 31px\">\n<td style=\"height: 31px;width: 357px\">Valdecir Carlos Ferri<\/td>\n<td style=\"height: 31px;width: 316px\">ferriufpel@gmail.com<\/td>\n<\/tr>\n<tr style=\"height: 31px\">\n<td style=\"height: 31px;width: 357px\">Vanessa Pires da Rosa<\/td>\n<td style=\"height: 31px;width: 316px\">vprosa_rs@hotmail.com<\/td>\n<\/tr>\n<\/tbody>\n<\/table>\n<p>&nbsp;<\/p>\n<p>&nbsp;<\/p>\n","protected":false},"excerpt":{"rendered":"<p>Eventuais d\u00favidas sobre o conte\u00fado relacionado \u00e0s disciplinas dever\u00e3o ser enviadas via f\u00f3rum ou email dos professores. Nome E-mail Carla Rosane Barbosa Mendon\u00e7a carlaufpel@hotmail.com Caroline Dellinghausen Borges caroldellin@hotmail.com Caroline Peixoto Bastos carolpebastos@yahoo.com.br Eliezer Avila Gandra gandraea@hotmail.com Elizangela Gon\u00e7alves de Oliveira elizangelagoliveira1@gmail.com Fabrizio da Fonseca Barbosa fabriziobarbosa@yahoo.com.br Francine Novack Victoria francinevictoria@yahoo.com.br Graciele Da Silva Campelo Borges [&hellip;]<\/p>\n","protected":false},"author":11,"featured_media":0,"parent":0,"menu_order":0,"comment_status":"closed","ping_status":"closed","template":"","meta":{"footnotes":""},"class_list":["post-922","page","type-page","status-publish","hentry"],"_links":{"self":[{"href":"https:\/\/wp.ufpel.edu.br\/pgca\/wp-json\/wp\/v2\/pages\/922","targetHints":{"allow":["GET"]}}],"collection":[{"href":"https:\/\/wp.ufpel.edu.br\/pgca\/wp-json\/wp\/v2\/pages"}],"about":[{"href":"https:\/\/wp.ufpel.edu.br\/pgca\/wp-json\/wp\/v2\/types\/page"}],"author":[{"embeddable":true,"href":"https:\/\/wp.ufpel.edu.br\/pgca\/wp-json\/wp\/v2\/users\/11"}],"replies":[{"embeddable":true,"href":"https:\/\/wp.ufpel.edu.br\/pgca\/wp-json\/wp\/v2\/comments?post=922"}],"version-history":[{"count":7,"href":"https:\/\/wp.ufpel.edu.br\/pgca\/wp-json\/wp\/v2\/pages\/922\/revisions"}],"predecessor-version":[{"id":1242,"href":"https:\/\/wp.ufpel.edu.br\/pgca\/wp-json\/wp\/v2\/pages\/922\/revisions\/1242"}],"wp:attachment":[{"href":"https:\/\/wp.ufpel.edu.br\/pgca\/wp-json\/wp\/v2\/media?parent=922"}],"curies":[{"name":"wp","href":"https:\/\/api.w.org\/{rel}","templated":true}]}}