{"id":74,"date":"2009-04-03T11:49:24","date_gmt":"2009-04-03T14:49:24","guid":{"rendered":"https:\/\/wp.ufpel.edu.br\/pgca\/?page_id=74"},"modified":"2026-04-09T10:47:36","modified_gmt":"2026-04-09T13:47:36","slug":"calendario-das-disciplinas-200901","status":"publish","type":"page","link":"https:\/\/wp.ufpel.edu.br\/pgca\/calendario-das-disciplinas-200901\/","title":{"rendered":"Calend\u00e1rio das Disciplinas"},"content":{"rendered":"<p><strong>Datas de in\u00edcio das disciplinas do Curso para 2025:<\/strong><\/p>\n<ul>\n<li><a href=\"https:\/\/wp.ufpel.edu.br\/pgca\/files\/2025\/04\/Manual-de-informacoes-2025-01-NOVO.pdf\">Calend\u00e1rio Turma 2025\/01 &#8211; Tec. Frutas e Hortali\u00e7as: Manual de informa\u00e7\u00f5es 2025-01 &#8211; NOVO<\/a><\/li>\n<li><a href=\"https:\/\/wp.ufpel.edu.br\/pgca\/files\/2025\/04\/Manual-de-informacoes-2025-01-NOVO.pdf\">Calend\u00e1rio Turma 2025\/02 &#8211;<\/a> <a href=\"https:\/\/wp.ufpel.edu.br\/pgca\/files\/2026\/04\/Manual-de-informacoes-2025-02-Frutas-e-Hortalicas-Turma-2025-02.pdf\">Manual de informa\u00e7\u00f5es 2025-02 &#8211; Frutas e Hortali\u00e7as Turma 2025-02<\/a><\/li>\n<li><a href=\"https:\/\/wp.ufpel.edu.br\/pgca\/files\/2025\/04\/Manual-de-informacoes-2025-01-NOVO.pdf\">Calend\u00e1rio Turma 2025\/02 &#8211; Tec. Carnes e Leites: <\/a><a href=\"https:\/\/wp.ufpel.edu.br\/pgca\/files\/2025\/09\/Manual-de-informacoes-2025-02-Carnes-e-Leites-2.pdf\">Manual de informa\u00e7\u00f5es 2025-02 &#8211; Carnes e Leites 2<\/a><\/li>\n<\/ul>\n<p>&nbsp;<\/p>\n<p><strong>Datas de in\u00edcio das disciplinas do Curso para 2026:<\/strong><\/p>\n<ul>\n<li>Calend\u00e1rio Turma 2026\/01 &#8211; Tec. Frutas e Hortali\u00e7as:\u00a0 <a href=\"https:\/\/wp.ufpel.edu.br\/pgca\/files\/2026\/04\/Manual-de-informacoes-2026-01-Frutas-e-Hortalicas.pdf\">Manual de informa\u00e7\u00f5es 2026-01 &#8211; Frutas e Hortali\u00e7as<\/a><\/li>\n<\/ul>\n<p>&nbsp;<\/p>\n","protected":false},"excerpt":{"rendered":"<p>Datas de in\u00edcio das disciplinas do Curso para 2025: Calend\u00e1rio Turma 2025\/01 &#8211; Tec. Frutas e Hortali\u00e7as: Manual de informa\u00e7\u00f5es 2025-01 &#8211; NOVO Calend\u00e1rio Turma 2025\/02 &#8211; Manual de informa\u00e7\u00f5es 2025-02 &#8211; Frutas e Hortali\u00e7as Turma 2025-02 Calend\u00e1rio Turma 2025\/02 &#8211; Tec. Carnes e Leites: Manual de informa\u00e7\u00f5es 2025-02 &#8211; Carnes e Leites 2 &nbsp; [&hellip;]<\/p>\n","protected":false},"author":11,"featured_media":0,"parent":0,"menu_order":0,"comment_status":"closed","ping_status":"closed","template":"","meta":{"footnotes":""},"class_list":["post-74","page","type-page","status-publish","hentry"],"_links":{"self":[{"href":"https:\/\/wp.ufpel.edu.br\/pgca\/wp-json\/wp\/v2\/pages\/74","targetHints":{"allow":["GET"]}}],"collection":[{"href":"https:\/\/wp.ufpel.edu.br\/pgca\/wp-json\/wp\/v2\/pages"}],"about":[{"href":"https:\/\/wp.ufpel.edu.br\/pgca\/wp-json\/wp\/v2\/types\/page"}],"author":[{"embeddable":true,"href":"https:\/\/wp.ufpel.edu.br\/pgca\/wp-json\/wp\/v2\/users\/11"}],"replies":[{"embeddable":true,"href":"https:\/\/wp.ufpel.edu.br\/pgca\/wp-json\/wp\/v2\/comments?post=74"}],"version-history":[{"count":4,"href":"https:\/\/wp.ufpel.edu.br\/pgca\/wp-json\/wp\/v2\/pages\/74\/revisions"}],"predecessor-version":[{"id":1326,"href":"https:\/\/wp.ufpel.edu.br\/pgca\/wp-json\/wp\/v2\/pages\/74\/revisions\/1326"}],"wp:attachment":[{"href":"https:\/\/wp.ufpel.edu.br\/pgca\/wp-json\/wp\/v2\/media?parent=74"}],"curies":[{"name":"wp","href":"https:\/\/api.w.org\/{rel}","templated":true}]}}