{"id":44,"date":"2009-03-24T10:55:47","date_gmt":"2009-03-24T13:55:47","guid":{"rendered":"https:\/\/wp.ufpel.edu.br\/pgca\/?page_id=44"},"modified":"2025-07-24T15:40:06","modified_gmt":"2025-07-24T18:40:06","slug":"documentos","status":"publish","type":"page","link":"https:\/\/wp.ufpel.edu.br\/pgca\/documentos\/","title":{"rendered":"Documentos"},"content":{"rendered":"<p><a href=\"https:\/\/wp.ufpel.edu.br\/pgca\/files\/2021\/04\/REGIMENTO-CPGCA.pdf\">REGIMENTO-CPGCA<\/a><\/p>\n<p><a href=\"https:\/\/wp.ufpel.edu.br\/pgca\/files\/2022\/05\/Formulario-de-inscricao-PGCA.doc\">Formul\u00e1rio de inscri\u00e7\u00e3o PGCA<\/a><\/p>\n<p><a href=\"https:\/\/wp.ufpel.edu.br\/pgca\/files\/2009\/03\/Formul\u00e1rio-Trancamento.doc\">Formul\u00e1rio Trancamento<\/a><\/p>\n<p>Normas de formata\u00e7\u00e3o de trabalhos UFPEL:\u00a0<a href=\"https:\/\/wp.ufpel.edu.br\/sisbi\/manual-de-normas-ufpel-para-trabalhos-academicos-atualizada-2023\/\">https:\/\/wp.ufpel.edu.br\/sisbi\/manual-de-normas-ufpel-para-trabalhos-academicos-atualizada-2023\/<\/a><\/p>\n","protected":false},"excerpt":{"rendered":"<p>REGIMENTO-CPGCA Formul\u00e1rio de inscri\u00e7\u00e3o PGCA Formul\u00e1rio Trancamento Normas de formata\u00e7\u00e3o de trabalhos UFPEL:\u00a0https:\/\/wp.ufpel.edu.br\/sisbi\/manual-de-normas-ufpel-para-trabalhos-academicos-atualizada-2023\/<\/p>\n","protected":false},"author":11,"featured_media":0,"parent":0,"menu_order":0,"comment_status":"closed","ping_status":"closed","template":"","meta":{"footnotes":""},"class_list":["post-44","page","type-page","status-publish","hentry"],"_links":{"self":[{"href":"https:\/\/wp.ufpel.edu.br\/pgca\/wp-json\/wp\/v2\/pages\/44","targetHints":{"allow":["GET"]}}],"collection":[{"href":"https:\/\/wp.ufpel.edu.br\/pgca\/wp-json\/wp\/v2\/pages"}],"about":[{"href":"https:\/\/wp.ufpel.edu.br\/pgca\/wp-json\/wp\/v2\/types\/page"}],"author":[{"embeddable":true,"href":"https:\/\/wp.ufpel.edu.br\/pgca\/wp-json\/wp\/v2\/users\/11"}],"replies":[{"embeddable":true,"href":"https:\/\/wp.ufpel.edu.br\/pgca\/wp-json\/wp\/v2\/comments?post=44"}],"version-history":[{"count":43,"href":"https:\/\/wp.ufpel.edu.br\/pgca\/wp-json\/wp\/v2\/pages\/44\/revisions"}],"predecessor-version":[{"id":1281,"href":"https:\/\/wp.ufpel.edu.br\/pgca\/wp-json\/wp\/v2\/pages\/44\/revisions\/1281"}],"wp:attachment":[{"href":"https:\/\/wp.ufpel.edu.br\/pgca\/wp-json\/wp\/v2\/media?parent=44"}],"curies":[{"name":"wp","href":"https:\/\/api.w.org\/{rel}","templated":true}]}}