{"id":36,"date":"2009-03-24T10:40:33","date_gmt":"2009-03-24T13:40:33","guid":{"rendered":"https:\/\/wp.ufpel.edu.br\/pgca\/?page_id=36"},"modified":"2025-07-23T19:45:47","modified_gmt":"2025-07-23T22:45:47","slug":"estrutura-curricular","status":"publish","type":"page","link":"https:\/\/wp.ufpel.edu.br\/pgca\/estrutura-curricular\/","title":{"rendered":"Estrutura Curricular"},"content":{"rendered":"<p><strong>Disciplinas da \u00c1rea de Concentra\u00e7\u00e3o em Frutas e Hortali\u00e7as:<\/strong><\/p>\n<p>I &#8211; Estrutura, fisiologia e composi\u00e7\u00e3o qu\u00edmica de frutas e hortali\u00e7as<\/p>\n<p>II &#8211; Seguran\u00e7a e qualidade de frutas e hortali\u00e7as<\/p>\n<p>III &#8211; Frutas e hortali\u00e7as minimamente processadas e refrigeradas<\/p>\n<p>IV &#8211; Tecnologia de polpas e sucos de frutas e hortali\u00e7as<\/p>\n<p>V &#8211; Frutas e hortali\u00e7as em conserva<\/p>\n<p>VI &#8211; Frutas e hortali\u00e7as fermentadas e congeladas<\/p>\n<p>VII &#8211; Geleias, doces cremosos e em massa<\/p>\n<p>VIII &#8211; Frutas e hortali\u00e7as osmoticamente desidratadas e saturadas<\/p>\n<p>IX &#8211; Secagem de frutas e hortali\u00e7as<\/p>\n<p>X &#8211; An\u00e1lise sensorial<\/p>\n<p>XI &#8211; Microbiologia de frutas e hortali\u00e7as<\/p>\n<p>XII &#8211; An\u00e1lises f\u00edsico-qu\u00edmicas de frutas e hortali\u00e7as<\/p>\n<p>Trabalho de conclus\u00e3o de curso<\/p>\n<p><strong>Disciplinas da \u00c1rea de Concentra\u00e7\u00e3o em Carnes e Leites:\u00a0<\/strong><\/p>\n<p>I &#8211; Mat\u00e9rias-Primas de Origem Animal<\/p>\n<p>II &#8211; Derivados L\u00e1teos<\/p>\n<p>III &#8211; Derivados C\u00e1rneos<\/p>\n<p>IV &#8211; Higiene e Controle de Qualidade<\/p>\n<p>V \u2013 An\u00e1lise F\u00edsico-Qu\u00edmica e Instrumental de Produtos de Origem Animal<\/p>\n<p>VI &#8211; An\u00e1lise Sensorial e Microbiol\u00f3gica de alimentos de origem animal<\/p>\n<p>Trabalho de conclus\u00e3o de curso<\/p>\n<p>&nbsp;<\/p>\n","protected":false},"excerpt":{"rendered":"<p>Disciplinas da \u00c1rea de Concentra\u00e7\u00e3o em Frutas e Hortali\u00e7as: I &#8211; Estrutura, fisiologia e composi\u00e7\u00e3o qu\u00edmica de frutas e hortali\u00e7as II &#8211; Seguran\u00e7a e qualidade de frutas e hortali\u00e7as III &#8211; Frutas e hortali\u00e7as minimamente processadas e refrigeradas IV &#8211; Tecnologia de polpas e sucos de frutas e hortali\u00e7as V &#8211; Frutas e hortali\u00e7as em [&hellip;]<\/p>\n","protected":false},"author":11,"featured_media":0,"parent":0,"menu_order":4,"comment_status":"closed","ping_status":"closed","template":"","meta":{"footnotes":""},"class_list":["post-36","page","type-page","status-publish","hentry"],"_links":{"self":[{"href":"https:\/\/wp.ufpel.edu.br\/pgca\/wp-json\/wp\/v2\/pages\/36","targetHints":{"allow":["GET"]}}],"collection":[{"href":"https:\/\/wp.ufpel.edu.br\/pgca\/wp-json\/wp\/v2\/pages"}],"about":[{"href":"https:\/\/wp.ufpel.edu.br\/pgca\/wp-json\/wp\/v2\/types\/page"}],"author":[{"embeddable":true,"href":"https:\/\/wp.ufpel.edu.br\/pgca\/wp-json\/wp\/v2\/users\/11"}],"replies":[{"embeddable":true,"href":"https:\/\/wp.ufpel.edu.br\/pgca\/wp-json\/wp\/v2\/comments?post=36"}],"version-history":[{"count":8,"href":"https:\/\/wp.ufpel.edu.br\/pgca\/wp-json\/wp\/v2\/pages\/36\/revisions"}],"predecessor-version":[{"id":1272,"href":"https:\/\/wp.ufpel.edu.br\/pgca\/wp-json\/wp\/v2\/pages\/36\/revisions\/1272"}],"wp:attachment":[{"href":"https:\/\/wp.ufpel.edu.br\/pgca\/wp-json\/wp\/v2\/media?parent=36"}],"curies":[{"name":"wp","href":"https:\/\/api.w.org\/{rel}","templated":true}]}}