{"id":34,"date":"2009-03-24T10:37:56","date_gmt":"2009-03-24T13:37:56","guid":{"rendered":"https:\/\/wp.ufpel.edu.br\/pgca\/?page_id=34"},"modified":"2009-04-05T11:50:15","modified_gmt":"2009-04-05T14:50:15","slug":"objetivos","status":"publish","type":"page","link":"https:\/\/wp.ufpel.edu.br\/pgca\/objetivos\/","title":{"rendered":"Objetivos"},"content":{"rendered":"<ul>\n<li>\n<p style=\"text-align: justify\"><span style=\"color: #000000\"><span style=\"font-weight: 700;font-size: 8pt;font-family: Verdana\">Capacitar profissionais das \u00e1reas de alimentos e correlatas, atrav\u00e9s de qualifica\u00e7\u00e3o objetiva e pr\u00e1tica, visando a adequa\u00e7\u00e3o do seu perfil para a atua\u00e7\u00e3o direcionada \u00e0 qualidade dos produtos de frutas e hortali\u00e7as;<\/span><\/span><\/p>\n<\/li>\n<li>\n<p style=\"text-align: justify\"><span style=\"color: #000000\"><span style=\"font-weight: 700;font-size: 8pt;font-family: Verdana\">Complementar e aprofundar conhecimentos de profissionais atrav\u00e9s de orienta\u00e7\u00e3o \u00e0 dist\u00e2ncia e regime did\u00e1tico intensivo, sem que haja necessidade dos alunos vinculados a empresas\u00a0ausentarem-se por longos per\u00edodos do seu local de trabalho; <\/span><\/span><\/p>\n<\/li>\n<li>\n<p style=\"text-align: justify\"><span style=\"color: #000000\"><span style=\"font-weight: 700;font-size: 8pt;font-family: Verdana\">Possibilitar a atualiza\u00e7\u00e3o em rela\u00e7\u00e3o \u00e0s exig\u00eancias da legisla\u00e7\u00e3o relativa aos m\u00e9todos modernos de avalia\u00e7\u00e3o de produtos de frutas e hortali\u00e7as. <\/span><\/span><\/p>\n<\/li>\n<\/ul>\n","protected":false},"excerpt":{"rendered":"<p>Capacitar profissionais das \u00e1reas de alimentos e correlatas, atrav\u00e9s de qualifica\u00e7\u00e3o objetiva e pr\u00e1tica, visando a adequa\u00e7\u00e3o do seu perfil para a atua\u00e7\u00e3o direcionada \u00e0 qualidade dos produtos de frutas e hortali\u00e7as; Complementar e aprofundar conhecimentos de profissionais atrav\u00e9s de orienta\u00e7\u00e3o \u00e0 dist\u00e2ncia e regime did\u00e1tico intensivo, sem que haja necessidade dos alunos vinculados a [&hellip;]<\/p>\n","protected":false},"author":11,"featured_media":0,"parent":0,"menu_order":2,"comment_status":"closed","ping_status":"open","template":"","meta":{"footnotes":""},"class_list":["post-34","page","type-page","status-publish","hentry"],"_links":{"self":[{"href":"https:\/\/wp.ufpel.edu.br\/pgca\/wp-json\/wp\/v2\/pages\/34","targetHints":{"allow":["GET"]}}],"collection":[{"href":"https:\/\/wp.ufpel.edu.br\/pgca\/wp-json\/wp\/v2\/pages"}],"about":[{"href":"https:\/\/wp.ufpel.edu.br\/pgca\/wp-json\/wp\/v2\/types\/page"}],"author":[{"embeddable":true,"href":"https:\/\/wp.ufpel.edu.br\/pgca\/wp-json\/wp\/v2\/users\/11"}],"replies":[{"embeddable":true,"href":"https:\/\/wp.ufpel.edu.br\/pgca\/wp-json\/wp\/v2\/comments?post=34"}],"version-history":[{"count":4,"href":"https:\/\/wp.ufpel.edu.br\/pgca\/wp-json\/wp\/v2\/pages\/34\/revisions"}],"predecessor-version":[{"id":82,"href":"https:\/\/wp.ufpel.edu.br\/pgca\/wp-json\/wp\/v2\/pages\/34\/revisions\/82"}],"wp:attachment":[{"href":"https:\/\/wp.ufpel.edu.br\/pgca\/wp-json\/wp\/v2\/media?parent=34"}],"curies":[{"name":"wp","href":"https:\/\/api.w.org\/{rel}","templated":true}]}}