{"id":29,"date":"2009-03-24T10:00:52","date_gmt":"2009-03-24T13:00:52","guid":{"rendered":"https:\/\/wp.ufpel.edu.br\/pgca\/?page_id=29"},"modified":"2025-07-23T20:00:34","modified_gmt":"2025-07-23T23:00:34","slug":"publico-alvo","status":"publish","type":"page","link":"https:\/\/wp.ufpel.edu.br\/pgca\/publico-alvo\/","title":{"rendered":"P\u00fablico Alvo"},"content":{"rendered":"<p>O Curso \u00e9 destinado a profissionais de n\u00edvel superior Graduados nos cursos listados abaixo:<\/p>\n<p>Qu\u00edmica de Alimentos e Engenharia de Alimentos;<\/p>\n<p>Agronomia e Engenharia Agr\u00edcola;<\/p>\n<p>Qu\u00edmica,\u00a0Qu\u00edmica Industrial,\u00a0Engenharia Qu\u00edmica e Qu\u00edmica Industrial de Alimentos;<\/p>\n<p>Economia Dom\u00e9stica;<\/p>\n<p>Nutri\u00e7\u00e3o;<\/p>\n<p>Farm\u00e1cia;<\/p>\n<p>Biologia;<\/p>\n<p>Tecnologia de Alimentos,\u00a0Tecnologia Agroindustrial, Tecnologia em Fruticultura e\u00a0Tecnologia em Viticultura;<\/p>\n<p>Enologia;<\/p>\n<p>\u00c1reas afins, com atividades afins \u00e0 \u00e1rea de Tecnologia de Frutas e Hortali\u00e7as e Tecnologia de Carnes e Leites.<\/p>\n","protected":false},"excerpt":{"rendered":"<p>O Curso \u00e9 destinado a profissionais de n\u00edvel superior Graduados nos cursos listados abaixo: Qu\u00edmica de Alimentos e Engenharia de Alimentos; Agronomia e Engenharia Agr\u00edcola; Qu\u00edmica,\u00a0Qu\u00edmica Industrial,\u00a0Engenharia Qu\u00edmica e Qu\u00edmica Industrial de Alimentos; Economia Dom\u00e9stica; Nutri\u00e7\u00e3o; Farm\u00e1cia; Biologia; Tecnologia de Alimentos,\u00a0Tecnologia Agroindustrial, Tecnologia em Fruticultura e\u00a0Tecnologia em Viticultura; Enologia; \u00c1reas afins, com atividades afins \u00e0 [&hellip;]<\/p>\n","protected":false},"author":1,"featured_media":0,"parent":0,"menu_order":3,"comment_status":"closed","ping_status":"closed","template":"","meta":{"footnotes":""},"class_list":["post-29","page","type-page","status-publish","hentry"],"_links":{"self":[{"href":"https:\/\/wp.ufpel.edu.br\/pgca\/wp-json\/wp\/v2\/pages\/29","targetHints":{"allow":["GET"]}}],"collection":[{"href":"https:\/\/wp.ufpel.edu.br\/pgca\/wp-json\/wp\/v2\/pages"}],"about":[{"href":"https:\/\/wp.ufpel.edu.br\/pgca\/wp-json\/wp\/v2\/types\/page"}],"author":[{"embeddable":true,"href":"https:\/\/wp.ufpel.edu.br\/pgca\/wp-json\/wp\/v2\/users\/1"}],"replies":[{"embeddable":true,"href":"https:\/\/wp.ufpel.edu.br\/pgca\/wp-json\/wp\/v2\/comments?post=29"}],"version-history":[{"count":8,"href":"https:\/\/wp.ufpel.edu.br\/pgca\/wp-json\/wp\/v2\/pages\/29\/revisions"}],"predecessor-version":[{"id":1275,"href":"https:\/\/wp.ufpel.edu.br\/pgca\/wp-json\/wp\/v2\/pages\/29\/revisions\/1275"}],"wp:attachment":[{"href":"https:\/\/wp.ufpel.edu.br\/pgca\/wp-json\/wp\/v2\/media?parent=29"}],"curies":[{"name":"wp","href":"https:\/\/api.w.org\/{rel}","templated":true}]}}