{"id":87,"date":"2018-05-05T10:20:43","date_gmt":"2018-05-05T13:20:43","guid":{"rendered":"https:\/\/wp.ufpel.edu.br\/petterapia\/?page_id=87"},"modified":"2020-03-31T18:07:11","modified_gmt":"2020-03-31T21:07:11","slug":"quemsomos","status":"publish","type":"page","link":"https:\/\/wp.ufpel.edu.br\/petterapia\/quemsomos\/","title":{"rendered":"Quem somos"},"content":{"rendered":"<p style=\"text-align: justify\">O Pet Terapia \u00e9 um projeto de ensino, pesquisa e extens\u00e3o da Faculdade de Veterin\u00e1ria da Universidade Federal de Pelotas sendo que desde 2006 realiza interven\u00e7\u00f5es assistidas por animais em diversas institui\u00e7\u00f5es do munic\u00edpio de Pelotas (RS) e regi\u00e3o. O projeto ainda conta com uma equipe multidisciplinar composta por docentes, discentes da gradua\u00e7\u00e3o e p\u00f3s-gradua\u00e7\u00e3o, profissionais da \u00e1rea da sa\u00fade e educa\u00e7\u00e3o.<\/p>\n<p>&nbsp;<\/p>\n<div id=\"attachment_174\" style=\"width: 1034px\" class=\"wp-caption aligncenter\"><img aria-describedby=\"caption-attachment-174\" class=\"wp-image-174 size-large\" src=\"https:\/\/wp.ufpel.edu.br\/petterapia\/files\/2020\/03\/Imagem1-1024x644.png\" alt=\"\" width=\"1024\" height=\"644\" srcset=\"https:\/\/wp.ufpel.edu.br\/petterapia\/files\/2020\/03\/Imagem1-1024x644.png 1024w, https:\/\/wp.ufpel.edu.br\/petterapia\/files\/2020\/03\/Imagem1-400x252.png 400w, https:\/\/wp.ufpel.edu.br\/petterapia\/files\/2020\/03\/Imagem1-768x483.png 768w, https:\/\/wp.ufpel.edu.br\/petterapia\/files\/2020\/03\/Imagem1-1536x966.png 1536w, https:\/\/wp.ufpel.edu.br\/petterapia\/files\/2020\/03\/Imagem1-2048x1288.png 2048w\" sizes=\"(max-width: 1024px) 100vw, 1024px\" \/><p id=\"caption-attachment-174\" class=\"wp-caption-text\">Colaboradores do Pet Terapia desde 2006<\/p><\/div>\n<p>&nbsp;<\/p>\n<p style=\"text-align: justify\">Atualmente o projeto possui 12 c\u00e3es e 1 gato coterapeutas e de modo a garantir a sa\u00fade destes animais s\u00e3o realizadas de forma sistem\u00e1tica exames cl\u00ednicos e de rotina, como hematol\u00f3gicos, bioqu\u00edmicos, coproparasitol\u00f3gicos e de imagem. Al\u00e9m disso, os animais passam por protocolo higi\u00eanico-sanit\u00e1rio, que inclui banhos, tosa higi\u00eanicas, corte de unhas, escova\u00e7\u00e3o dent\u00e1ria di\u00e1ria, controle de endo e ectoparasitas e vacina\u00e7\u00e3o anual. A fim de capacitar os c\u00e3es co-terapeutas, estes s\u00e3o treinados rotineiramente pela equipe do projeto. Os treinamentos se baseiam em tr\u00eas partes, respectivamente passeio higi\u00eanico, caminhada e treinamento espec\u00edfico. O treinamento espec\u00edfico inclu\u00ed comandos b\u00e1sicos, dessensibiliza\u00e7\u00e3o, adapta\u00e7\u00e3o, socializa\u00e7\u00e3o e melhora na aptid\u00e3o individual do animal, seja por meio de busca de objetos, realizar jogos com petiscos ou truques.<\/p>\n<p style=\"text-align: justify\">\n","protected":false},"excerpt":{"rendered":"<p>O Pet Terapia \u00e9 um projeto de ensino, pesquisa e extens\u00e3o da Faculdade de Veterin\u00e1ria da Universidade Federal de Pelotas sendo que desde 2006 realiza interven\u00e7\u00f5es assistidas por animais em diversas institui\u00e7\u00f5es do munic\u00edpio de Pelotas (RS) e regi\u00e3o. O projeto ainda conta com uma equipe multidisciplinar composta por docentes, discentes da gradua\u00e7\u00e3o e p\u00f3s-gradua\u00e7\u00e3o, [&hellip;]<\/p>\n","protected":false},"author":658,"featured_media":0,"parent":0,"menu_order":0,"comment_status":"closed","ping_status":"closed","template":"","meta":{"footnotes":""},"class_list":["post-87","page","type-page","status-publish","hentry"],"jetpack_sharing_enabled":true,"_links":{"self":[{"href":"https:\/\/wp.ufpel.edu.br\/petterapia\/wp-json\/wp\/v2\/pages\/87","targetHints":{"allow":["GET"]}}],"collection":[{"href":"https:\/\/wp.ufpel.edu.br\/petterapia\/wp-json\/wp\/v2\/pages"}],"about":[{"href":"https:\/\/wp.ufpel.edu.br\/petterapia\/wp-json\/wp\/v2\/types\/page"}],"author":[{"embeddable":true,"href":"https:\/\/wp.ufpel.edu.br\/petterapia\/wp-json\/wp\/v2\/users\/658"}],"replies":[{"embeddable":true,"href":"https:\/\/wp.ufpel.edu.br\/petterapia\/wp-json\/wp\/v2\/comments?post=87"}],"version-history":[{"count":8,"href":"https:\/\/wp.ufpel.edu.br\/petterapia\/wp-json\/wp\/v2\/pages\/87\/revisions"}],"predecessor-version":[{"id":247,"href":"https:\/\/wp.ufpel.edu.br\/petterapia\/wp-json\/wp\/v2\/pages\/87\/revisions\/247"}],"wp:attachment":[{"href":"https:\/\/wp.ufpel.edu.br\/petterapia\/wp-json\/wp\/v2\/media?parent=87"}],"curies":[{"name":"wp","href":"https:\/\/api.w.org\/{rel}","templated":true}]}}