{"id":9,"date":"2022-08-31T13:33:24","date_gmt":"2022-08-31T16:33:24","guid":{"rendered":"https:\/\/wp.ufpel.edu.br\/petpedagogia\/?page_id=9"},"modified":"2025-01-29T22:24:00","modified_gmt":"2025-01-30T01:24:00","slug":"planejamento","status":"publish","type":"page","link":"https:\/\/wp.ufpel.edu.br\/petpedagogia\/planejamento\/","title":{"rendered":"Planejamentos"},"content":{"rendered":"<p><span class=\"OYPEnA text-decoration-none text-strikethrough-none\" style=\"font-family: verdana, geneva, sans-serif; color: #333333; font-size: 12pt;\">O planejamento engloba as atividades de ensino, pesquisa e extens\u00e3o realizadas durante todo o ano. Portanto, \u00e9 elaborado de forma colaborativa para atender \u00e0s necessidades identificadas pelo grupo.<\/span><\/p>\n<p><span class=\"OYPEnA text-decoration-none text-strikethrough-none\" style=\"font-family: helvetica, arial, sans-serif; color: #000000;\"><img loading=\"lazy\" decoding=\"async\" class=\"alignnone size-medium wp-image-272\" src=\"https:\/\/wp.ufpel.edu.br\/petpedagogia\/files\/2024\/05\/Rotina-de-estudos-rosa-ilustrado-post-instagram-3-400x400.png\" alt=\"\" width=\"400\" height=\"400\" srcset=\"https:\/\/wp.ufpel.edu.br\/petpedagogia\/files\/2024\/05\/Rotina-de-estudos-rosa-ilustrado-post-instagram-3-400x400.png 400w, https:\/\/wp.ufpel.edu.br\/petpedagogia\/files\/2024\/05\/Rotina-de-estudos-rosa-ilustrado-post-instagram-3-1024x1024.png 1024w, https:\/\/wp.ufpel.edu.br\/petpedagogia\/files\/2024\/05\/Rotina-de-estudos-rosa-ilustrado-post-instagram-3-200x200.png 200w, https:\/\/wp.ufpel.edu.br\/petpedagogia\/files\/2024\/05\/Rotina-de-estudos-rosa-ilustrado-post-instagram-3-768x768.png 768w, https:\/\/wp.ufpel.edu.br\/petpedagogia\/files\/2024\/05\/Rotina-de-estudos-rosa-ilustrado-post-instagram-3.png 1080w\" sizes=\"auto, (max-width: 400px) 100vw, 400px\" \/><\/span><\/p>\n<p><span style=\"color: #cc99ff; font-family: georgia, palatino, serif; font-size: 14pt;\">Planejamento 2022<\/span><\/p>\n<p><span style=\"font-family: verdana, geneva, sans-serif; color: #333333; font-size: 12pt;\">Para acessar o <a style=\"color: #333333;\" href=\"https:\/\/wp.ufpel.edu.br\/petpedagogia\/files\/2024\/05\/Planejamento-2022-PET-Pedagogia.pdf\">Planejamento 2022 &#8211; PET Pedagogia<\/a> basta clicar no documento dispon\u00edvel em PDF.\u00a0<\/span><\/p>\n<p><span style=\"color: #cc99ff; font-family: georgia, palatino, serif; font-size: 14pt;\">Planejamento 2023<\/span><\/p>\n<p><span style=\"font-family: verdana, geneva, sans-serif; color: #333333; font-size: 12pt;\">Para acessar o <a style=\"color: #333333;\" href=\"https:\/\/wp.ufpel.edu.br\/petpedagogia\/files\/2023\/03\/Planejamento-2023-PET-Pedagogia.pdf\">Planejamento 2023 &#8211; PET Pedagogia<\/a> basta clicar no documento dispon\u00edvel em PDF.\u00a0<\/span><\/p>\n<p><span style=\"color: #cc99ff; font-family: georgia, palatino, serif; font-size: 14pt;\">Planejamento 2024<\/span><\/p>\n<p><span style=\"font-family: verdana, geneva, sans-serif; font-size: 12pt; color: #333333;\">Para acessar o <a style=\"color: #333333;\" href=\"https:\/\/wp.ufpel.edu.br\/petpedagogia\/files\/2025\/01\/Planejamento-2024-FINAL-SIGPET.pdf\">Planejamento 2024 &#8211; PET Pedagogia<\/a> basta clicar no documento dispon\u00edvel em PDF.<\/span><\/p>\n<p><span style=\"color: #cc99ff; font-family: georgia, palatino, serif; font-size: 14pt;\">Planejamento 2025<\/span><\/p>\n<p><span style=\"font-family: verdana, geneva, sans-serif; font-size: 12pt; color: #333333;\">Para acessar o <a style=\"color: #333333;\" href=\"https:\/\/wp.ufpel.edu.br\/petpedagogia\/files\/2025\/01\/Planejamento-2025-FINAL.pdf\">Planejamento 2025 &#8211; PET Pedagogia<\/a> basta clicar no documento dispon\u00edvel em PDF.<\/span><\/p>\n<p>&nbsp;<\/p>\n","protected":false},"excerpt":{"rendered":"<p>O planejamento engloba as atividades de ensino, pesquisa e extens\u00e3o realizadas durante todo o ano. Portanto, \u00e9 elaborado de forma colaborativa para atender \u00e0s necessidades identificadas pelo grupo. Planejamento 2022 Para acessar o Planejamento 2022 &#8211; PET Pedagogia basta clicar no documento dispon\u00edvel em PDF.\u00a0 Planejamento 2023 Para acessar o Planejamento 2023 &#8211; PET Pedagogia [&hellip;]<\/p>\n","protected":false},"author":1251,"featured_media":0,"parent":0,"menu_order":0,"comment_status":"closed","ping_status":"closed","template":"","meta":{"footnotes":""},"class_list":["post-9","page","type-page","status-publish","hentry","post"],"_links":{"self":[{"href":"https:\/\/wp.ufpel.edu.br\/petpedagogia\/wp-json\/wp\/v2\/pages\/9","targetHints":{"allow":["GET"]}}],"collection":[{"href":"https:\/\/wp.ufpel.edu.br\/petpedagogia\/wp-json\/wp\/v2\/pages"}],"about":[{"href":"https:\/\/wp.ufpel.edu.br\/petpedagogia\/wp-json\/wp\/v2\/types\/page"}],"author":[{"embeddable":true,"href":"https:\/\/wp.ufpel.edu.br\/petpedagogia\/wp-json\/wp\/v2\/users\/1251"}],"replies":[{"embeddable":true,"href":"https:\/\/wp.ufpel.edu.br\/petpedagogia\/wp-json\/wp\/v2\/comments?post=9"}],"version-history":[{"count":13,"href":"https:\/\/wp.ufpel.edu.br\/petpedagogia\/wp-json\/wp\/v2\/pages\/9\/revisions"}],"predecessor-version":[{"id":805,"href":"https:\/\/wp.ufpel.edu.br\/petpedagogia\/wp-json\/wp\/v2\/pages\/9\/revisions\/805"}],"wp:attachment":[{"href":"https:\/\/wp.ufpel.edu.br\/petpedagogia\/wp-json\/wp\/v2\/media?parent=9"}],"curies":[{"name":"wp","href":"https:\/\/api.w.org\/{rel}","templated":true}]}}