{"id":609,"date":"2024-12-07T15:48:58","date_gmt":"2024-12-07T18:48:58","guid":{"rendered":"https:\/\/wp.ufpel.edu.br\/petpedagogia\/?page_id=609"},"modified":"2025-05-24T21:11:28","modified_gmt":"2025-05-25T00:11:28","slug":"relatorios","status":"publish","type":"page","link":"https:\/\/wp.ufpel.edu.br\/petpedagogia\/relatorios\/","title":{"rendered":"Relat\u00f3rios"},"content":{"rendered":"<p><span class=\"OYPEnA text-decoration-none text-strikethrough-none\" style=\"font-family: verdana, geneva, sans-serif; color: #333333; font-size: 12pt;\">O relat\u00f3rio engloba as atividades de ensino, pesquisa e extens\u00e3o realizadas durante todo o ano. Portanto, \u00e9 escrito de forma coletiva pelo grupo, abrangendo os resultados obtidos com as a\u00e7\u00f5es desenvolvidas.<\/span><\/p>\n<p><span style=\"color: #cc99ff; font-family: georgia, palatino, serif; font-size: 14pt;\">Relat\u00f3rio 2021<\/span><\/p>\n<p><span style=\"font-family: verdana, geneva, sans-serif; color: #333333; font-size: 12pt;\">Para acessar o <a style=\"color: #333333;\" href=\"https:\/\/wp.ufpel.edu.br\/petpedagogia\/files\/2024\/12\/relatorio-2021.pdf\">Relat\u00f3rio 2021 &#8211; PET Pedagogia<\/a> basta clicar no documento dispon\u00edvel em PDF.\u00a0<\/span><\/p>\n<p><span style=\"color: #cc99ff; font-family: georgia, palatino, serif; font-size: 14pt;\">Relat\u00f3rio 2022<\/span><\/p>\n<p><span style=\"font-family: verdana, geneva, sans-serif; color: #333333; font-size: 12pt;\">Para acessar o <a style=\"color: #333333;\" href=\"https:\/\/wp.ufpel.edu.br\/petpedagogia\/files\/2024\/12\/Relatorio-2022.pdf\">Relat\u00f3rio 2022 &#8211; PET Pedagogia<\/a> basta clicar no documento dispon\u00edvel em PDF.<\/span><\/p>\n<p><span style=\"color: #cc99ff; font-family: georgia, palatino, serif; font-size: 14pt;\">Relat\u00f3rio 2023<\/span><\/p>\n<p><span style=\"font-family: verdana, geneva, sans-serif; color: #333333; font-size: 12pt;\">Para acessar o <a style=\"color: #333333;\" href=\"https:\/\/wp.ufpel.edu.br\/petpedagogia\/files\/2024\/12\/Relatorio-2023.pdf\"><span style=\"font-family: verdana, geneva, sans-serif; font-size: 12pt; color: #333333;\">Relat\u00f3rio<\/span> 2023 &#8211; PET Pedagogia<\/a> basta clicar no documento dispon\u00edvel em PDF<\/span><\/p>\n<p><span style=\"color: #cc99ff; font-family: georgia, palatino, serif; font-size: 14pt;\">Relat\u00f3rio 2024<\/span><\/p>\n<p><span style=\"font-family: verdana, geneva, sans-serif; color: #333333; font-size: 12pt;\">Para acessar o <a style=\"color: #333333;\" href=\"https:\/\/wp.ufpel.edu.br\/petpedagogia\/files\/2025\/05\/RElatorio-final-2024.pdf\">Relat\u00f3rio 2024 &#8211; PET Pedagogia<\/a> basta clicar no documento dispon\u00edvel em PDF<\/span><\/p>\n","protected":false},"excerpt":{"rendered":"<p>O relat\u00f3rio engloba as atividades de ensino, pesquisa e extens\u00e3o realizadas durante todo o ano. Portanto, \u00e9 escrito de forma coletiva pelo grupo, abrangendo os resultados obtidos com as a\u00e7\u00f5es desenvolvidas. Relat\u00f3rio 2021 Para acessar o Relat\u00f3rio 2021 &#8211; PET Pedagogia basta clicar no documento dispon\u00edvel em PDF.\u00a0 Relat\u00f3rio 2022 Para acessar o Relat\u00f3rio 2022 [&hellip;]<\/p>\n","protected":false},"author":1251,"featured_media":0,"parent":0,"menu_order":0,"comment_status":"closed","ping_status":"closed","template":"","meta":{"footnotes":""},"class_list":["post-609","page","type-page","status-publish","hentry","post"],"_links":{"self":[{"href":"https:\/\/wp.ufpel.edu.br\/petpedagogia\/wp-json\/wp\/v2\/pages\/609","targetHints":{"allow":["GET"]}}],"collection":[{"href":"https:\/\/wp.ufpel.edu.br\/petpedagogia\/wp-json\/wp\/v2\/pages"}],"about":[{"href":"https:\/\/wp.ufpel.edu.br\/petpedagogia\/wp-json\/wp\/v2\/types\/page"}],"author":[{"embeddable":true,"href":"https:\/\/wp.ufpel.edu.br\/petpedagogia\/wp-json\/wp\/v2\/users\/1251"}],"replies":[{"embeddable":true,"href":"https:\/\/wp.ufpel.edu.br\/petpedagogia\/wp-json\/wp\/v2\/comments?post=609"}],"version-history":[{"count":5,"href":"https:\/\/wp.ufpel.edu.br\/petpedagogia\/wp-json\/wp\/v2\/pages\/609\/revisions"}],"predecessor-version":[{"id":844,"href":"https:\/\/wp.ufpel.edu.br\/petpedagogia\/wp-json\/wp\/v2\/pages\/609\/revisions\/844"}],"wp:attachment":[{"href":"https:\/\/wp.ufpel.edu.br\/petpedagogia\/wp-json\/wp\/v2\/media?parent=609"}],"curies":[{"name":"wp","href":"https:\/\/api.w.org\/{rel}","templated":true}]}}