{"id":326,"date":"2024-05-25T15:08:14","date_gmt":"2024-05-25T18:08:14","guid":{"rendered":"https:\/\/wp.ufpel.edu.br\/petpedagogia\/?page_id=326"},"modified":"2025-05-26T17:10:40","modified_gmt":"2025-05-26T20:10:40","slug":"trabalhos","status":"publish","type":"page","link":"https:\/\/wp.ufpel.edu.br\/petpedagogia\/trabalhos\/","title":{"rendered":"Trabalhos"},"content":{"rendered":"<p><img loading=\"lazy\" decoding=\"async\" class=\"size-medium wp-image-383 aligncenter\" src=\"https:\/\/wp.ufpel.edu.br\/petpedagogia\/files\/2024\/06\/O-que-correu-bem-6-e1719774177977-400x92.png\" alt=\"\" width=\"400\" height=\"92\" srcset=\"https:\/\/wp.ufpel.edu.br\/petpedagogia\/files\/2024\/06\/O-que-correu-bem-6-e1719774177977-400x92.png 400w, https:\/\/wp.ufpel.edu.br\/petpedagogia\/files\/2024\/06\/O-que-correu-bem-6-e1719774177977-1024x235.png 1024w, https:\/\/wp.ufpel.edu.br\/petpedagogia\/files\/2024\/06\/O-que-correu-bem-6-e1719774177977-768x176.png 768w, https:\/\/wp.ufpel.edu.br\/petpedagogia\/files\/2024\/06\/O-que-correu-bem-6-e1719774177977.png 1280w\" sizes=\"auto, (max-width: 400px) 100vw, 400px\" \/><\/p>\n<p><img loading=\"lazy\" decoding=\"async\" class=\"aligncenter wp-image-403\" src=\"https:\/\/wp.ufpel.edu.br\/petpedagogia\/files\/2024\/07\/A-semana-Integrada-de-Inovacao-Ensino-Pesquisa-e-Extensao-e-um-evento-da-Universidade-Federal-de-Pelotas-UFPel-que-atraves-do-tripe-academico-produz-uma-sociabilizacao-cientifica-entre-os-di-3-1024x142.png\" alt=\"\" width=\"900\" height=\"125\" srcset=\"https:\/\/wp.ufpel.edu.br\/petpedagogia\/files\/2024\/07\/A-semana-Integrada-de-Inovacao-Ensino-Pesquisa-e-Extensao-e-um-evento-da-Universidade-Federal-de-Pelotas-UFPel-que-atraves-do-tripe-academico-produz-uma-sociabilizacao-cientifica-entre-os-di-3-1024x142.png 1024w, https:\/\/wp.ufpel.edu.br\/petpedagogia\/files\/2024\/07\/A-semana-Integrada-de-Inovacao-Ensino-Pesquisa-e-Extensao-e-um-evento-da-Universidade-Federal-de-Pelotas-UFPel-que-atraves-do-tripe-academico-produz-uma-sociabilizacao-cientifica-entre-os-di-3-400x56.png 400w, https:\/\/wp.ufpel.edu.br\/petpedagogia\/files\/2024\/07\/A-semana-Integrada-de-Inovacao-Ensino-Pesquisa-e-Extensao-e-um-evento-da-Universidade-Federal-de-Pelotas-UFPel-que-atraves-do-tripe-academico-produz-uma-sociabilizacao-cientifica-entre-os-di-3-768x107.png 768w, https:\/\/wp.ufpel.edu.br\/petpedagogia\/files\/2024\/07\/A-semana-Integrada-de-Inovacao-Ensino-Pesquisa-e-Extensao-e-um-evento-da-Universidade-Federal-de-Pelotas-UFPel-que-atraves-do-tripe-academico-produz-uma-sociabilizacao-cientifica-entre-os-di-3.png 1080w\" sizes=\"auto, (max-width: 900px) 100vw, 900px\" \/><\/p>\n<p style=\"text-align: center;\"><span style=\"font-size: 14pt; color: #ae71eb;\">Congresso de Ensino de Gradua\u00e7\u00e3o &#8211; (CEG)<\/span><\/p>\n<p style=\"text-align: center;\"><span style=\"font-size: 18pt; color: #ae71eb;\"> 2022<\/span><\/p>\n<p style=\"text-align: center;\"><span style=\"color: #333333;\"><a style=\"color: #333333;\" href=\"https:\/\/cti.ufpel.edu.br\/siepe\/arquivos\/2022\/G5_05396.pdf\">Processo de elabora\u00e7\u00e3o do jogo de consci\u00eancia fonol\u00f3gica: labirinto da bruxa Baratuxa<\/a>\u00a0<\/span><\/p>\n<p style=\"text-align: center;\"><span style=\"font-size: 18pt; color: #ae71eb;\">2023<\/span><\/p>\n<p style=\"text-align: center;\"><span style=\"color: #333333;\"><a style=\"color: #333333;\" href=\"https:\/\/wp.ufpel.edu.br\/petpedagogia\/files\/2025\/05\/Resumo-Expandido-AS-AC\u0327O\u0303ES-DE-ENSINO-PESQUISA-E-EXTENSA\u0303O-DO-PET-PEDAGOGIA-2023.pdf\">As a\u00e7\u00f5es de ensino, pesquisa e extens\u00e3o do PET Pedagogia<\/a><\/span><\/p>\n<p style=\"text-align: center;\"><span style=\"color: #333333;\"><a style=\"color: #333333;\" href=\"https:\/\/wp.ufpel.edu.br\/petpedagogia\/files\/2025\/05\/O-PET-ta-contigo.docx-1.pdf\">Monitoria em estudos lingu\u00edsticos: o PET t\u00e1 contigo.<\/a><\/span><\/p>\n<p style=\"text-align: center;\"><span style=\"font-size: 18pt; color: #ae71eb;\">2024<\/span><\/p>\n<p style=\"text-align: center;\"><span style=\"color: #333333;\"><a style=\"color: #333333;\" href=\"https:\/\/wp.ufpel.edu.br\/petpedagogia\/files\/2025\/05\/GESTAO-ESCOLAR-EXPERIENCIA-DE-PRE-ESTAGIO-EM-UMA-ESCOLA-DA-REDE-PUBLICA-ESTADUAL-DE-PELOTAS-RS.pdf\">Gest\u00e3o escolar: Exper\u00eancia de pr\u00e9 est\u00e1gio em uma escola da rede p\u00fablica estadual de Pelotas &#8211; RS<\/a><\/span><\/p>\n<p style=\"text-align: center;\"><span style=\"color: #333333;\"><a style=\"color: #333333;\" href=\"https:\/\/wp.ufpel.edu.br\/petpedagogia\/files\/2025\/05\/CEG-Leituras-e-partilhas-1.pdf\">Leituras e partilhas: O compartilhamento das bases te\u00f3ricas e metodol\u00f3gicas das a\u00e7\u00f5es do Pet Pedagogia<\/a><\/span><\/p>\n<p style=\"text-align: center;\"><span style=\"color: #333333;\"><a style=\"color: #333333;\" href=\"https:\/\/wp.ufpel.edu.br\/petpedagogia\/files\/2025\/05\/CLUBE-DE-LEITURA-\u2013-O-AVESSO-DA-PELE.pdf\">Clube de leitura &#8211; O avesso da pele<\/a><\/span><\/p>\n<p style=\"text-align: center;\"><span style=\"color: #333333;\"><a style=\"color: #333333;\" href=\"https:\/\/wp.ufpel.edu.br\/petpedagogia\/files\/2025\/05\/EDUCACAO-TRANSFORMADORA-ACAO-DO-PET-PEDAGOGIA-NO.pdf\">Educa\u00e7\u00e3o transformadora: A\u00e7\u00e3o do Pet Pedagogia no contexto de desastre clim\u00e1tico ambiental<\/a><\/span><\/p>\n<p>&nbsp;<\/p>\n<p style=\"text-align: center;\"><span style=\"font-size: 14pt; color: #ae71eb;\">\u00a0Congresso de Inicia\u00e7\u00e3o Cient\u00edfica &#8211; (CIC)<\/span><\/p>\n<p style=\"text-align: center;\"><span style=\"font-size: 18pt; color: #ae71eb;\"> 2022<\/span><\/p>\n<p style=\"text-align: center;\"><span style=\"color: #333333;\"><a style=\"color: #333333;\" href=\"https:\/\/cti.ufpel.edu.br\/siepe\/arquivos\/2022\/CH_02375.pdf\">Pr\u00e1ticas de gest\u00e3o democr\u00e1tica na reintegra\u00e7\u00e3o de v\u00ednculos com o CMP: Impactos e consequ\u00eancias da pandemia na educa\u00e7\u00e3o<\/a><\/span><\/p>\n<p style=\"text-align: center;\"><span style=\"color: #333333;\"><a style=\"color: #333333;\" href=\"https:\/\/cti.ufpel.edu.br\/siepe\/arquivos\/2022\/CH_05395.pdf\">Uma carta para ensinar: alguns livros sobre a COVID-19<\/a>\u00a0<\/span><\/p>\n<p style=\"text-align: center;\"><span style=\"color: #333333;\"><a style=\"color: #333333;\" href=\"https:\/\/cti.ufpel.edu.br\/siepe\/arquivos\/2022\/CH_01269.pdf\">Literatura para uma educa\u00e7\u00e3o antirracista: PET Pedagogia indica<\/a><\/span><\/p>\n<p style=\"text-align: center;\"><span style=\"color: #333333;\"><a style=\"color: #333333;\" href=\"https:\/\/cti.ufpel.edu.br\/siepe\/arquivos\/2022\/CH_00449.pdf\">Conhecer para escutar: direitos dascrian\u00e7as nas literaturas de acervos universit\u00e1rios<\/a>\u00a0<\/span><\/p>\n<p style=\"text-align: center;\"><span style=\"font-size: 18pt; color: #ae71eb;\">2023<\/span><\/p>\n<p style=\"text-align: center;\"><span style=\"color: #333333;\"><a style=\"color: #333333;\" href=\"https:\/\/wp.ufpel.edu.br\/petpedagogia\/files\/2025\/05\/IX-SIIEPE-CIC-Monique-Klumb-Rafaela-Strelow-Gilceane-Porto.docx.pdf\">Alfabetiza\u00e7\u00e3o durante o ensino remoto emergencial em escolas da zona rural: uma an\u00e1lise a partir dos anais do V e VI CONBALF<\/a><\/span><\/p>\n<p style=\"text-align: center;\"><span style=\"color: #333333;\"><a style=\"color: #333333;\" href=\"https:\/\/wp.ufpel.edu.br\/petpedagogia\/files\/2025\/05\/JOGOS-FONOLOGICOS-E-AQUISICAO-DO-SISTEMA-DE-ESCRITA-ALFABETICA.pdf\"> Jogos fonol\u00f3gicos e aquisi\u00e7\u00e3o do sistema de escrita alfab\u00e9tica pelas crian\u00e7as do ciclo de alfabetiza\u00e7\u00e3o<\/a><\/span><\/p>\n<p style=\"text-align: center;\"><span style=\"color: #333333;\"><a style=\"color: #333333;\" href=\"https:\/\/wp.ufpel.edu.br\/petpedagogia\/files\/2025\/05\/CIC_MENDES-Rafael.pdf\">O texto de tradi\u00e7\u00e3o oral no ensino da oralidade<\/a><\/span><\/p>\n<p style=\"text-align: center;\"><span style=\"color: #333333;\"><a style=\"color: #333333;\" href=\"https:\/\/wp.ufpel.edu.br\/petpedagogia\/files\/2025\/05\/IX-SIIEPE-CIC-Rafaela-Strelow-Laura-Gomes-Cassiana-Freitas-e-Camily-San-Martin.docx-1.pdf\">Pr\u00e1ticas pedag\u00f3gicas e a produ\u00e7\u00e3o textual no ciclo de alfabetiza\u00e7\u00e3o: um estudo \u00e0 luz das pesquisas do CONBALF.<\/a><\/span><\/p>\n<p style=\"text-align: center;\"><span style=\"font-size: 18pt; color: #cc99ff;\">2024<\/span><\/p>\n<p style=\"text-align: center;\"><span style=\"color: #333333;\"><a style=\"color: #333333;\" href=\"https:\/\/wp.ufpel.edu.br\/petpedagogia\/files\/2025\/05\/CONSCIENCIA-FONOLOGICA-NO-CICLO-DE-ALFABETIZACAO.pdf\">Consci\u00eancia fonol\u00f3gica no ciclo de alfabetiza\u00e7\u00e3o: uma an\u00e1lise a partir do planejamento docente<\/a><\/span><\/p>\n<p style=\"text-align: center;\"><span style=\"color: #333333;\"><a style=\"color: #333333;\" href=\"https:\/\/wp.ufpel.edu.br\/petpedagogia\/files\/2025\/05\/CIC-2024.pdf\">Analisando o novo componente curricular das escolas da rede municipal de Pelotas \u201cIntrodu\u00e7\u00e3o \u00e0 produ\u00e7\u00e3o liter\u00e1ria&#8221;: uma pesquisa com as professoras ministrantes<\/a><\/span><\/p>\n<p style=\"text-align: center;\"><span style=\"color: #333333;\"><a style=\"color: #333333;\" href=\"https:\/\/wp.ufpel.edu.br\/petpedagogia\/files\/2025\/05\/O-JOGO-COMO-ATIVIDADE-DIDATICA-NA-PROPOSTA-GEEMPIANA-DE-ALFABETIZACAO.pdf\"> O jogo como atividade did\u00e1tica na proposta geempiana de alfabetiza\u00e7\u00e3o<\/a><\/span><\/p>\n<p style=\"text-align: center;\"><span style=\"color: #333333;\"><a style=\"color: #333333;\" href=\"https:\/\/wp.ufpel.edu.br\/petpedagogia\/files\/2025\/05\/A-CULTURA-DO-AMBIENTE-EDUCACIONAL-URBANO-APLICADA-EM.pdf\">A cultura do ambiente educacional urbano aplicada em uma escola rural:\u00a0 desafios na efetiva\u00e7\u00e3o do direito \u00e0 educa\u00e7\u00e3o no campo<\/a><\/span><\/p>\n<p>&nbsp;<\/p>\n<p style=\"text-align: center;\"><span style=\"font-size: 14pt; color: #ae71eb;\">Congresso de Extens\u00e3o e Cultura (CEC)<\/span><\/p>\n<p style=\"text-align: center;\"><span style=\"font-size: 18pt; color: #ae71eb;\"> 2022<\/span><\/p>\n<p style=\"text-align: center;\"><span style=\"color: #333333;\"><a style=\"color: #333333;\" href=\"https:\/\/wp.ufpel.edu.br\/congressoextensao\/files\/2022\/12\/2022EDUCACAO.pdf\">Prazer e compromisso: um grupo de leitura liter\u00e1ria<\/a>\u00a0<\/span><\/p>\n<p style=\"text-align: center;\"><span style=\"color: #333333;\"><a style=\"color: #333333;\" href=\"https:\/\/wp.ufpel.edu.br\/congressoextensao\/files\/2022\/12\/2022EDUCACAO.pdf\">Um espa\u00e7o liter\u00e1rio infantil: Instituto Estadual de Educa\u00e7\u00e3o Assis Brasil<\/a>\u00a0<\/span><\/p>\n<p style=\"text-align: center;\"><span style=\"font-size: 18pt; color: #ae71eb;\">2023<\/span><\/p>\n<p style=\"text-align: center;\"><span style=\"color: #333333;\"><a style=\"color: #333333;\" href=\"https:\/\/wp.ufpel.edu.br\/petpedagogia\/files\/2025\/05\/APRENDENDO-COM-A-MESTRA-MAGDA-SOARES_PROJETO-DE-EXTENSAO.pdf\"> Aprendendo com a mestra Magda Soares: projeto de extens\u00e3o com professoras alfabetizadoras<\/a><\/span><\/p>\n<p style=\"text-align: center;\"><span style=\"color: #333333;\"><a style=\"color: #333333;\" href=\"https:\/\/wp.ufpel.edu.br\/petpedagogia\/files\/2025\/05\/CEC_MENDES-Rafael-1.pdf\">Ateli\u00ea did\u00e1tico e criativo: recursos para uma alfabetiza\u00e7\u00e3o mais divertida<\/a><\/span><\/p>\n<p style=\"text-align: center;\"><span style=\"color: #333333;\"><a style=\"color: #333333;\" href=\"https:\/\/wp.ufpel.edu.br\/petpedagogia\/files\/2025\/05\/CEC-Ciclo-de-debates-Diuli-Rafael-Mateus-Gabriela-Rafaela-Gilceane.pdf\"> Ciclo de estudos e debates sobre alfabetiza\u00e7\u00e3o e inclus\u00e3o: a import\u00e2ncia da qualifica\u00e7\u00e3o docente<\/a><\/span><\/p>\n<p style=\"text-align: center;\"><span style=\"color: #333333;\"><a style=\"color: #333333;\" href=\"https:\/\/wp.ufpel.edu.br\/petpedagogia\/files\/2025\/05\/CEC-Clube-de-Leitura.pdf\"> Clube de leitura: (in)corporando literaturas brasileiras<\/a><\/span><\/p>\n<p style=\"text-align: center;\"><span style=\"color: #333333;\"><a style=\"color: #333333;\" href=\"https:\/\/wp.ufpel.edu.br\/petpedagogia\/files\/2025\/05\/CONVERSAS-COM-QUEM-GOSTA-DE-ENSINAR_-CONSTRUINDO-PONTES-ENTRE-DISCENTES-DA-PEDAGOGIA-E-PROFESSORAS-ALFABETIZADORAS_Resumo_CEC_2023.docx.pdf\"> Conversas com quem gosta de ensinar: construindo pontes entre discentes da pedagogia e professoras alfabetizadoras.<\/a><\/span><\/p>\n<p>&nbsp;<\/p>\n<p><img loading=\"lazy\" decoding=\"async\" class=\"size-medium wp-image-428 aligncenter\" src=\"https:\/\/wp.ufpel.edu.br\/petpedagogia\/files\/2024\/07\/O-que-correu-bem-12-e1720999907995-400x90.png\" alt=\"\" width=\"400\" height=\"90\" srcset=\"https:\/\/wp.ufpel.edu.br\/petpedagogia\/files\/2024\/07\/O-que-correu-bem-12-e1720999907995-400x90.png 400w, https:\/\/wp.ufpel.edu.br\/petpedagogia\/files\/2024\/07\/O-que-correu-bem-12-e1720999907995-1024x231.png 1024w, https:\/\/wp.ufpel.edu.br\/petpedagogia\/files\/2024\/07\/O-que-correu-bem-12-e1720999907995-768x173.png 768w, https:\/\/wp.ufpel.edu.br\/petpedagogia\/files\/2024\/07\/O-que-correu-bem-12-e1720999907995.png 1276w\" sizes=\"auto, (max-width: 400px) 100vw, 400px\" \/><\/p>\n<p><img loading=\"lazy\" decoding=\"async\" class=\"aligncenter wp-image-429\" src=\"https:\/\/wp.ufpel.edu.br\/petpedagogia\/files\/2024\/07\/Aaaaaaa-1-1024x142.png\" alt=\"\" width=\"900\" height=\"125\" srcset=\"https:\/\/wp.ufpel.edu.br\/petpedagogia\/files\/2024\/07\/Aaaaaaa-1-1024x142.png 1024w, https:\/\/wp.ufpel.edu.br\/petpedagogia\/files\/2024\/07\/Aaaaaaa-1-400x56.png 400w, https:\/\/wp.ufpel.edu.br\/petpedagogia\/files\/2024\/07\/Aaaaaaa-1-768x107.png 768w, https:\/\/wp.ufpel.edu.br\/petpedagogia\/files\/2024\/07\/Aaaaaaa-1.png 1080w\" sizes=\"auto, (max-width: 900px) 100vw, 900px\" \/><\/p>\n<p style=\"text-align: center;\"><span style=\"font-size: 18pt; color: #ae71eb;\">2023<\/span><\/p>\n<p style=\"text-align: center;\"><span style=\"color: #333333;\"><a style=\"color: #333333;\" href=\"https:\/\/www.even3.com.br\/anais\/enapet2023\/681947-ensinar-e-aprender-nos-desafios-da-docencia--a-pesquisa-como-eixo-central-das-atividades-do-pet-pedagogia\/\">ENSINAR E APRENDER NOS DESAFIOS DA DOC\u00caNCIA: a pesquisa como eixo central das atividades do PET Pedagogia<\/a><\/span><\/p>\n<p>&nbsp;<\/p>\n<p><img loading=\"lazy\" decoding=\"async\" class=\"size-medium wp-image-353 aligncenter\" src=\"https:\/\/wp.ufpel.edu.br\/petpedagogia\/files\/2024\/06\/O-que-correu-bem-1-e1717967947955-400x88.png\" alt=\"\" width=\"400\" height=\"88\" srcset=\"https:\/\/wp.ufpel.edu.br\/petpedagogia\/files\/2024\/06\/O-que-correu-bem-1-e1717967947955-400x88.png 400w, https:\/\/wp.ufpel.edu.br\/petpedagogia\/files\/2024\/06\/O-que-correu-bem-1-e1717967947955-1024x225.png 1024w, https:\/\/wp.ufpel.edu.br\/petpedagogia\/files\/2024\/06\/O-que-correu-bem-1-e1717967947955-768x169.png 768w, https:\/\/wp.ufpel.edu.br\/petpedagogia\/files\/2024\/06\/O-que-correu-bem-1-e1717967947955.png 1280w\" sizes=\"auto, (max-width: 400px) 100vw, 400px\" \/><\/p>\n<p><img loading=\"lazy\" decoding=\"async\" class=\"aligncenter wp-image-402\" src=\"https:\/\/wp.ufpel.edu.br\/petpedagogia\/files\/2024\/07\/A-semana-Integrada-de-Inovacao-Ensino-Pesquisa-e-Extensao-e-um-evento-da-Universidade-Federal-de-Pelotas-UFPel-que-atraves-do-tripe-academico-produz-uma-sociabilizacao-cientifica-entre-os-di-2.png\" alt=\"\" width=\"900\" height=\"125\" srcset=\"https:\/\/wp.ufpel.edu.br\/petpedagogia\/files\/2024\/07\/A-semana-Integrada-de-Inovacao-Ensino-Pesquisa-e-Extensao-e-um-evento-da-Universidade-Federal-de-Pelotas-UFPel-que-atraves-do-tripe-academico-produz-uma-sociabilizacao-cientifica-entre-os-di-2.png 1080w, https:\/\/wp.ufpel.edu.br\/petpedagogia\/files\/2024\/07\/A-semana-Integrada-de-Inovacao-Ensino-Pesquisa-e-Extensao-e-um-evento-da-Universidade-Federal-de-Pelotas-UFPel-que-atraves-do-tripe-academico-produz-uma-sociabilizacao-cientifica-entre-os-di-2-400x56.png 400w, https:\/\/wp.ufpel.edu.br\/petpedagogia\/files\/2024\/07\/A-semana-Integrada-de-Inovacao-Ensino-Pesquisa-e-Extensao-e-um-evento-da-Universidade-Federal-de-Pelotas-UFPel-que-atraves-do-tripe-academico-produz-uma-sociabilizacao-cientifica-entre-os-di-2-1024x142.png 1024w, https:\/\/wp.ufpel.edu.br\/petpedagogia\/files\/2024\/07\/A-semana-Integrada-de-Inovacao-Ensino-Pesquisa-e-Extensao-e-um-evento-da-Universidade-Federal-de-Pelotas-UFPel-que-atraves-do-tripe-academico-produz-uma-sociabilizacao-cientifica-entre-os-di-2-768x107.png 768w\" sizes=\"auto, (max-width: 900px) 100vw, 900px\" \/><\/p>\n<p style=\"text-align: center;\"><span style=\"font-size: 18pt; color: #ae71eb;\">2023<\/span><\/p>\n<p style=\"text-align: center;\"><span style=\"color: #333333;\"><a style=\"color: #333333;\" href=\"https:\/\/eventos.udesc.br\/ocs\/index.php\/V_CBA\/viconbalf\/paper\/view\/2591\/1790\">ENSINO DA ORALIDADE NO CICLO DEALFABETIZA\u00c7\u00c3O: contribui\u00e7\u00f5es do CONBALF<\/a><\/span><\/p>\n<p style=\"text-align: center;\"><span style=\"color: #333333;\"><a style=\"color: #333333;\" href=\"https:\/\/eventos.udesc.br\/ocs\/index.php\/V_CBA\/viconbalf\/paper\/view\/2597\/1850\">O QUE H\u00c1 SOBRE CONSCI\u00caNCIA FONOL\u00d3GICA? Um estudo sobre o eixo estruturante an\u00e1lise lingu\u00edstica e as habilidades metafonol\u00f3gicas<\/a><\/span><\/p>\n<p style=\"text-align: center;\"><span style=\"color: #333333;\"><a style=\"color: #333333;\" href=\"https:\/\/eventos.udesc.br\/ocs\/index.php\/V_CBA\/viconbalf\/paper\/view\/2664\/1820\"> LETRAMENTO QUEER: um olhar desobediente aos corpos dissidentes<\/a><\/span><\/p>\n<p style=\"text-align: center;\"><span style=\"color: #333333;\"><a style=\"color: #333333;\" href=\"https:\/\/eventos.udesc.br\/ocs\/index.php\/V_CBA\/viconbalf\/paper\/view\/2650\/1851\">O QUE OS TRABALHOS DO CONBALF APRESENTAM SOBRE LEITURA?<\/a><\/span><\/p>\n<p style=\"text-align: center;\"><span style=\"color: #333333;\"><a style=\"color: #333333;\" href=\"https:\/\/eventos.udesc.br\/ocs\/index.php\/V_CBA\/viconbalf\/paper\/view\/2558\/1885\">PRODU\u00c7\u00c3O DE TEXTOS ESCRITOS: UMA REVIS\u00c3O DOS TRABALHOS DO CONBALF<\/a><\/span><\/p>\n<p>&nbsp;<\/p>\n","protected":false},"excerpt":{"rendered":"<p>Congresso de Ensino de Gradua\u00e7\u00e3o &#8211; (CEG) 2022 Processo de elabora\u00e7\u00e3o do jogo de consci\u00eancia fonol\u00f3gica: labirinto da bruxa Baratuxa\u00a0 2023 As a\u00e7\u00f5es de ensino, pesquisa e extens\u00e3o do PET Pedagogia Monitoria em estudos lingu\u00edsticos: o PET t\u00e1 contigo. 2024 Gest\u00e3o escolar: Exper\u00eancia de pr\u00e9 est\u00e1gio em uma escola da rede p\u00fablica estadual de Pelotas [&hellip;]<\/p>\n","protected":false},"author":1251,"featured_media":0,"parent":0,"menu_order":0,"comment_status":"closed","ping_status":"closed","template":"","meta":{"footnotes":""},"class_list":["post-326","page","type-page","status-publish","hentry","post"],"_links":{"self":[{"href":"https:\/\/wp.ufpel.edu.br\/petpedagogia\/wp-json\/wp\/v2\/pages\/326","targetHints":{"allow":["GET"]}}],"collection":[{"href":"https:\/\/wp.ufpel.edu.br\/petpedagogia\/wp-json\/wp\/v2\/pages"}],"about":[{"href":"https:\/\/wp.ufpel.edu.br\/petpedagogia\/wp-json\/wp\/v2\/types\/page"}],"author":[{"embeddable":true,"href":"https:\/\/wp.ufpel.edu.br\/petpedagogia\/wp-json\/wp\/v2\/users\/1251"}],"replies":[{"embeddable":true,"href":"https:\/\/wp.ufpel.edu.br\/petpedagogia\/wp-json\/wp\/v2\/comments?post=326"}],"version-history":[{"count":40,"href":"https:\/\/wp.ufpel.edu.br\/petpedagogia\/wp-json\/wp\/v2\/pages\/326\/revisions"}],"predecessor-version":[{"id":928,"href":"https:\/\/wp.ufpel.edu.br\/petpedagogia\/wp-json\/wp\/v2\/pages\/326\/revisions\/928"}],"wp:attachment":[{"href":"https:\/\/wp.ufpel.edu.br\/petpedagogia\/wp-json\/wp\/v2\/media?parent=326"}],"curies":[{"name":"wp","href":"https:\/\/api.w.org\/{rel}","templated":true}]}}