{"id":99,"date":"2024-06-06T15:08:46","date_gmt":"2024-06-06T18:08:46","guid":{"rendered":"https:\/\/wp.ufpel.edu.br\/petodonto\/?page_id=99"},"modified":"2024-06-15T17:02:53","modified_gmt":"2024-06-15T20:02:53","slug":"extensao","status":"publish","type":"page","link":"https:\/\/wp.ufpel.edu.br\/petodonto\/atividades\/extensao\/","title":{"rendered":"Extens\u00e3o"},"content":{"rendered":"<div class=\"BL3dva\">\n<div class=\"OSxNQL\">\n<div class=\"OFA52E\">\n<div class=\"cD_92h UitnHM\" tabindex=\"-1\" data-hook=\"post-title\">\n<h1 class=\"UbhFJ7 nkqC0Q blog-post-title-font blog-post-title-color blog-text-color post-title blog-hover-container-element-color FG3qXk blog-post-page-title-font\" data-hook=\"post-title\"><span class=\"post-title__text blog-post-title-font blog-post-title-color\" style=\"font-size: 18pt;\"><span class=\"blog-post-title-font blog-post-title-color\">PROJETOS DE EXTENS\u00c3O<\/span><\/span><\/h1>\n<h1 class=\"UbhFJ7 nkqC0Q blog-post-title-font blog-post-title-color blog-text-color post-title blog-hover-container-element-color FG3qXk blog-post-page-title-font\" data-hook=\"post-title\"><span style=\"font-weight: 300; color: #333333;\">Os petianos participam de projetos de extens\u00e3o da faculdade de acordo com os seus gostos e interesses pessoais, prestando servi\u00e7os \u00e0 popula\u00e7\u00e3o! As atividades de extens\u00e3o s\u00e3o voltadas \u00e0 comunidade, ou seja, ao p\u00fablico externo \u00e0 universidade.<\/span><\/h1>\n<p>Confira os projetos que est\u00e3o ativos na faculdade: <a href=\"https:\/\/wp.ufpel.edu.br\/odontologia\/extensao\/projetos\/\">https:\/\/wp.ufpel.edu.br\/odontologia\/extensao\/projetos\/<\/a><\/p>\n<\/div>\n<\/div>\n<\/div>\n<\/div>\n","protected":false},"excerpt":{"rendered":"<p>PROJETOS DE EXTENS\u00c3O Os petianos participam de projetos de extens\u00e3o da faculdade de acordo com os seus gostos e interesses pessoais, prestando servi\u00e7os \u00e0 popula\u00e7\u00e3o! As atividades de extens\u00e3o s\u00e3o voltadas \u00e0 comunidade, ou seja, ao p\u00fablico externo \u00e0 universidade. &hellip; <a href=\"https:\/\/wp.ufpel.edu.br\/petodonto\/atividades\/extensao\/\">Continue lendo <span class=\"meta-nav\">&rarr;<\/span><\/a><\/p>\n","protected":false},"author":1371,"featured_media":0,"parent":73,"menu_order":1,"comment_status":"closed","ping_status":"closed","template":"","meta":{"footnotes":""},"class_list":["post-99","page","type-page","status-publish","hentry"],"_links":{"self":[{"href":"https:\/\/wp.ufpel.edu.br\/petodonto\/wp-json\/wp\/v2\/pages\/99","targetHints":{"allow":["GET"]}}],"collection":[{"href":"https:\/\/wp.ufpel.edu.br\/petodonto\/wp-json\/wp\/v2\/pages"}],"about":[{"href":"https:\/\/wp.ufpel.edu.br\/petodonto\/wp-json\/wp\/v2\/types\/page"}],"author":[{"embeddable":true,"href":"https:\/\/wp.ufpel.edu.br\/petodonto\/wp-json\/wp\/v2\/users\/1371"}],"replies":[{"embeddable":true,"href":"https:\/\/wp.ufpel.edu.br\/petodonto\/wp-json\/wp\/v2\/comments?post=99"}],"version-history":[{"count":3,"href":"https:\/\/wp.ufpel.edu.br\/petodonto\/wp-json\/wp\/v2\/pages\/99\/revisions"}],"predecessor-version":[{"id":289,"href":"https:\/\/wp.ufpel.edu.br\/petodonto\/wp-json\/wp\/v2\/pages\/99\/revisions\/289"}],"up":[{"embeddable":true,"href":"https:\/\/wp.ufpel.edu.br\/petodonto\/wp-json\/wp\/v2\/pages\/73"}],"wp:attachment":[{"href":"https:\/\/wp.ufpel.edu.br\/petodonto\/wp-json\/wp\/v2\/media?parent=99"}],"curies":[{"name":"wp","href":"https:\/\/api.w.org\/{rel}","templated":true}]}}