{"id":87,"date":"2024-06-05T15:33:19","date_gmt":"2024-06-05T18:33:19","guid":{"rendered":"https:\/\/wp.ufpel.edu.br\/petodonto\/?page_id=87"},"modified":"2024-06-25T00:49:56","modified_gmt":"2024-06-25T03:49:56","slug":"ensino","status":"publish","type":"page","link":"https:\/\/wp.ufpel.edu.br\/petodonto\/atividades\/ensino\/","title":{"rendered":"Ensino"},"content":{"rendered":"<div class=\"BL3dva\">\n<div class=\"OSxNQL\">\n<div class=\"OFA52E\">\n<div class=\"cD_92h UitnHM\" tabindex=\"-1\" data-hook=\"post-title\">\n<h1 class=\"UbhFJ7 nkqC0Q blog-post-title-font blog-post-title-color blog-text-color post-title blog-hover-container-element-color FG3qXk blog-post-page-title-font\" data-hook=\"post-title\"><span class=\"post-title__text blog-post-title-font blog-post-title-color\" style=\"font-size: 18pt;\"><span class=\"blog-post-title-font blog-post-title-color\">PBL<\/span><\/span><\/h1>\n<h1 class=\"UbhFJ7 nkqC0Q blog-post-title-font blog-post-title-color blog-text-color post-title blog-hover-container-element-color FG3qXk blog-post-page-title-font\" data-hook=\"post-title\"><span style=\"font-weight: 300; color: #333333;\">PBL (Problem Based Learning) \u00e9 a sigla que representa uma metodologia incr\u00edvel de ensino e aprendizagem! O tutor traz algum problema-chave, relacionado a assuntos diversos, para o grupo discutir e resolver. O grupo \u00e9 dividido em equipes e quem ficar com a maior pontua\u00e7\u00e3o ganha. \u00c9 uma competi\u00e7\u00e3o saud\u00e1vel e divertida que vem ganhando cada vez mais espa\u00e7o dentro do nosso grupo!<\/span><\/h1>\n<\/div>\n<\/div>\n<\/div>\n<\/div>\n<p><!--more--><\/p>\n<p><span style=\"font-size: 18pt; color: #000000; font-weight: bold;\">FUTURO PROFISSIONAL<\/span><\/p>\n<div class=\"BL3dva\">\n<div class=\"OSxNQL\">\n<div class=\"OFA52E\">\n<div class=\"cD_92h UitnHM\" tabindex=\"-1\" data-hook=\"post-title\">\n<h1 class=\"UbhFJ7 nkqC0Q blog-post-title-font blog-post-title-color blog-text-color post-title blog-hover-container-element-color FG3qXk blog-post-page-title-font\" data-hook=\"post-title\"><span style=\"font-weight: 300; color: #333333;\">Essa atividade \u00e9 a nossa atividade mais inspiradora! Atrav\u00e9s de ex-petianos, conhecemos suas trajet\u00f3rias depois de deixarem esse grupo, como cresceram ao longo de suas vidas e na carreira profissional. De um jeito bem descontra\u00eddo, nossos integrantes podem ter uma ideia do que fazer quando forem egressos. Obrigada por compartilharem suas hist\u00f3rias!<\/span><\/h1>\n<\/div>\n<\/div>\n<\/div>\n<\/div>\n<div class=\"nLG8d5 F_3u4N\" data-hook=\"post-description\">\n<article class=\"blog-post-page-font\">\n<div class=\"post-content__body stSKMK\">\n<div class=\"moHCnT\">\n<div class=\"moHCnT\">\n<div class=\"fTEXDR\" data-rce-version=\"10.82.0\">\n<div class=\"fziNR\" dir=\"ltr\" data-id=\"content-viewer\">\n<div class=\"xKBwl\">\n<div class=\"o5r2s\">\n<div data-hook=\"rcv-block1\">Alguns ex-petianos que participaram do Futuro Profissional:<\/div>\n<div data-hook=\"rcv-block3\">&#8211; Sandrina e Tiago (@casaldentistica)<\/div>\n<div data-hook=\"rcv-block4\">&#8211; Alondra V\u00e1squez (intercambista mexicana na UFPel)<\/div>\n<div data-hook=\"rcv-block5\">&#8211; Karoline Von Ahn Pinto (ex-petiana do nosso grupo)<\/div>\n<div data-hook=\"rcv-block6\">&#8211; Lauren Frenzel Schuch (ex-petiana do nosso grupo)<\/div>\n<\/div>\n<\/div>\n<\/div>\n<\/div>\n<\/div>\n<\/div>\n<\/div>\n<\/article>\n<\/div>\n<p><!--more--><\/p>\n<div class=\"BL3dva\">\n<div class=\"OSxNQL\">\n<div class=\"OFA52E\">\n<div class=\"cD_92h UitnHM\" tabindex=\"-1\" data-hook=\"post-title\">\n<h1 class=\"UbhFJ7 nkqC0Q blog-post-title-font blog-post-title-color blog-text-color post-title blog-hover-container-element-color FG3qXk blog-post-page-title-font\" data-hook=\"post-title\"><span class=\"post-title__text blog-post-title-font blog-post-title-color\" style=\"font-size: 18pt;\"><span class=\"blog-post-title-font blog-post-title-color\">TED PET<\/span><\/span><\/h1>\n<\/div>\n<\/div>\n<p class=\"lkwdFf OFA52E\">O nosso grupo tamb\u00e9m se preocupa muito com a orat\u00f3ria! Foi assim, que em 2018 instituimos o TEDPET, para apresentar em at\u00e9 18 minutos, no estilo TED Talks, sobre assuntos diversos. De uma forma emotiva e inspiradora, procuramos desenvolver nossas habilidades de transmitir conhecimentos! O nosso tutor geralmente nos presenteia com um livro por ano, e a partir desse livro, criamos o nosso TED!<\/p>\n<\/div>\n<\/div>\n<p><!--more--><\/p>\n<p><span style=\"font-size: 18pt; color: #000000; font-weight: bold;\">GUARDI\u00d5ES DO SORRISO<\/span><\/p>\n<div class=\"nLG8d5 F_3u4N\" data-hook=\"post-description\">\n<article class=\"blog-post-page-font\">\n<div class=\"post-content__body stSKMK\">\n<div class=\"moHCnT\">\n<div class=\"moHCnT\">\n<div class=\"fTEXDR\" data-rce-version=\"10.82.0\">\n<div class=\"fziNR\" dir=\"ltr\" data-id=\"content-viewer\">\n<div class=\"xKBwl\">\n<div class=\"o5r2s\">\n<div data-breakout=\"normal\">\n<p id=\"viewer-3qdkk\" class=\"xEOXg iKTke _4M3bV _9-Qxn\" dir=\"auto\"><span class=\"bFOZY _4M3bV\">Guardi\u00f5es do Sorriso \u00e9 um projeto de extens\u00e3o que visa a educa\u00e7\u00e3o em sa\u00fade \u00e0s crian\u00e7as e adolescentes de comunidades pertencentes ao munic\u00edpio de Pelotas. S\u00e3o utilizados recursos audiovisuais para que a informa\u00e7\u00e3o seja passada da forma mais l\u00fadica poss\u00edvel aos alunos. \u00c9 extremamente engrandecedor a experi\u00eancia de levar educa\u00e7\u00e3o e conhecimento aos membros da nossa sociedade!<\/span><\/p>\n<p class=\"xEOXg iKTke _4M3bV _9-Qxn\" dir=\"auto\">Alguns locais que os Guardi\u00f5es j\u00e1 passaram:<\/p>\n<ul>\n<li class=\"xEOXg iKTke _4M3bV _9-Qxn\" dir=\"auto\">Col\u00e9gio Estadual Cassiano do Nascimento<\/li>\n<li class=\"xEOXg iKTke _4M3bV _9-Qxn\" dir=\"auto\">Projeto Semear<\/li>\n<li>Escola de Educa\u00e7\u00e3o Infantil Crian\u00e7a Feliz<\/li>\n<\/ul>\n<\/div>\n<\/div>\n<\/div>\n<\/div>\n<\/div>\n<\/div>\n<\/div>\n<\/div>\n<\/article>\n<\/div>\n<p><!--more--><\/p>\n<div class=\"BL3dva\">\n<div class=\"OSxNQL\">\n<div class=\"OFA52E\">\n<div class=\"cD_92h UitnHM\" tabindex=\"-1\" data-hook=\"post-title\">\n<h1 class=\"UbhFJ7 nkqC0Q blog-post-title-font blog-post-title-color blog-text-color post-title blog-hover-container-element-color FG3qXk blog-post-page-title-font\" data-hook=\"post-title\"><span class=\"post-title__text blog-post-title-font blog-post-title-color\" style=\"font-size: 18pt;\"><span class=\"blog-post-title-font blog-post-title-color\">FEIRA DAS PROFISS\u00d5ES<\/span><\/span><\/h1>\n<\/div>\n<\/div>\n<\/div>\n<\/div>\n<div class=\"nLG8d5 F_3u4N\" data-hook=\"post-description\">\n<article class=\"blog-post-page-font\">\n<div class=\"post-content__body stSKMK\">\n<div class=\"moHCnT\">\n<div class=\"moHCnT\">\n<div class=\"fTEXDR\" data-rce-version=\"10.82.0\">\n<div class=\"fziNR\" dir=\"ltr\" data-id=\"content-viewer\">\n<div class=\"xKBwl\">\n<div data-hook=\"rcv-block-first\">A Feira das Profiss\u00f5es acontece todos os anos e tem como intuito ajudar os vestibulandos a conhecerem melhor as op\u00e7\u00f5es do mercado de trabalho. Graduandos de v\u00e1rios cursos da Universidade apresentam suas metodologias e diferenciais, esclarecendo as d\u00favidas e curiosidades da garotada que quer entrar logo na faculdade. \u00c9 um evento muito interessante e engrandecedor! E, claro, n\u00f3s do grupo falamos sobre como \u00e9 estar cursando Odontologia!<\/div>\n<\/div>\n<\/div>\n<\/div>\n<\/div>\n<\/div>\n<\/div>\n<\/article>\n<\/div>\n<p><!--more--><\/p>\n<div class=\"BL3dva\">\n<div class=\"OSxNQL\">\n<div class=\"OFA52E\">\n<div class=\"cD_92h UitnHM\" tabindex=\"-1\" data-hook=\"post-title\">\n<h1 class=\"UbhFJ7 nkqC0Q blog-post-title-font blog-post-title-color blog-text-color post-title blog-hover-container-element-color FG3qXk blog-post-page-title-font\" data-hook=\"post-title\"><span class=\"post-title__text blog-post-title-font blog-post-title-color\" style=\"font-size: 18pt;\"><span class=\"blog-post-title-font blog-post-title-color\">HANDS ON<\/span><\/span><\/h1>\n<\/div>\n<\/div>\n<\/div>\n<\/div>\n<div class=\"nLG8d5 F_3u4N\" data-hook=\"post-description\">\n<article class=\"blog-post-page-font\">\n<div class=\"post-content__body stSKMK\">\n<div class=\"moHCnT\">\n<div class=\"moHCnT\">\n<div class=\"fTEXDR\" data-rce-version=\"10.82.0\">\n<div class=\"fziNR\" dir=\"ltr\" data-id=\"content-viewer\">\n<div class=\"xKBwl\">\n<div data-hook=\"rcv-block-first\">HANDS ON \u00e9 uma express\u00e3o usada que significa \u201cmeter a m\u00e3o na massa\u201d ou \u201caprender fazendo\u201d. Esporadicamente convidamos algum professor pra nos ensinar algo novo ou pouco praticado dentro da nossa \u00e1rea. Aprender praticando acaba sendo mais f\u00e1cil com algu\u00e9m nos instruindo!<\/div>\n<div class=\"o5r2s\">\n<div data-hook=\"rcv-block1\"><\/div>\n<div data-hook=\"rcv-block1\">Os \u00faltimos HANDS ON realizados com o grupo foram:<\/div>\n<div data-hook=\"rcv-block3\">&#8211; Restaura\u00e7\u00f5es diretas em am\u00e1lgama<\/div>\n<div data-hook=\"rcv-block5\">&#8211; Oficina do curr\u00edculo Lattes<\/div>\n<div data-hook=\"rcv-block6\">&#8211; T\u00e9cnicas cir\u00fargicas periodontais<\/div>\n<div data-hook=\"rcv-block7\">&#8211; Planejamento em Odontologia<\/div>\n<\/div>\n<\/div>\n<\/div>\n<\/div>\n<\/div>\n<div data-hook=\"rcv-block8\"><\/div>\n<div class=\"moHCnT\">\n<div class=\"fTEXDR\" data-rce-version=\"10.82.0\">\n<div class=\"fziNR\" dir=\"ltr\" data-id=\"content-viewer\">\n<div class=\"xKBwl\">\n<div class=\"o5r2s\">\n<p>O que mais vem por a\u00ed? Estamos no aguardo!<\/p>\n<div><\/div>\n<div data-hook=\"rcv-block8\"><\/div>\n<\/div>\n<\/div>\n<\/div>\n<\/div>\n<\/div>\n<\/div>\n<\/div>\n<\/article>\n<\/div>\n<div>\n<div><\/div>\n<div><\/div>\n<\/div>\n","protected":false},"excerpt":{"rendered":"<p>PBL PBL (Problem Based Learning) \u00e9 a sigla que representa uma metodologia incr\u00edvel de ensino e aprendizagem! O tutor traz algum problema-chave, relacionado a assuntos diversos, para o grupo discutir e resolver. O grupo \u00e9 dividido em equipes e quem &hellip; <a href=\"https:\/\/wp.ufpel.edu.br\/petodonto\/atividades\/ensino\/\">Continue lendo <span class=\"meta-nav\">&rarr;<\/span><\/a><\/p>\n","protected":false},"author":1371,"featured_media":0,"parent":73,"menu_order":0,"comment_status":"closed","ping_status":"closed","template":"","meta":{"footnotes":""},"class_list":["post-87","page","type-page","status-publish","hentry"],"_links":{"self":[{"href":"https:\/\/wp.ufpel.edu.br\/petodonto\/wp-json\/wp\/v2\/pages\/87","targetHints":{"allow":["GET"]}}],"collection":[{"href":"https:\/\/wp.ufpel.edu.br\/petodonto\/wp-json\/wp\/v2\/pages"}],"about":[{"href":"https:\/\/wp.ufpel.edu.br\/petodonto\/wp-json\/wp\/v2\/types\/page"}],"author":[{"embeddable":true,"href":"https:\/\/wp.ufpel.edu.br\/petodonto\/wp-json\/wp\/v2\/users\/1371"}],"replies":[{"embeddable":true,"href":"https:\/\/wp.ufpel.edu.br\/petodonto\/wp-json\/wp\/v2\/comments?post=87"}],"version-history":[{"count":18,"href":"https:\/\/wp.ufpel.edu.br\/petodonto\/wp-json\/wp\/v2\/pages\/87\/revisions"}],"predecessor-version":[{"id":400,"href":"https:\/\/wp.ufpel.edu.br\/petodonto\/wp-json\/wp\/v2\/pages\/87\/revisions\/400"}],"up":[{"embeddable":true,"href":"https:\/\/wp.ufpel.edu.br\/petodonto\/wp-json\/wp\/v2\/pages\/73"}],"wp:attachment":[{"href":"https:\/\/wp.ufpel.edu.br\/petodonto\/wp-json\/wp\/v2\/media?parent=87"}],"curies":[{"name":"wp","href":"https:\/\/api.w.org\/{rel}","templated":true}]}}