{"id":73,"date":"2024-05-28T14:37:04","date_gmt":"2024-05-28T17:37:04","guid":{"rendered":"https:\/\/wp.ufpel.edu.br\/petodonto\/?page_id=73"},"modified":"2024-06-24T21:03:38","modified_gmt":"2024-06-25T00:03:38","slug":"atividades","status":"publish","type":"page","link":"https:\/\/wp.ufpel.edu.br\/petodonto\/atividades\/","title":{"rendered":"Atividades"},"content":{"rendered":"<h1><span style=\"font-size: 18pt;\">Palestras <\/span><\/h1>\n<p>Gostamos de organizar palestras, eventos e aulas sobre diversos temas com grandes professores. Nossos eventos normalmente acontecem uma vez ao m\u00eas e s\u00e3o abertos ao p\u00fablico em geral, com inscri\u00e7\u00f5es pr\u00e9vias e vagas limitadas!<\/p>\n<div><\/div>\n<div><\/div>\n<h1><\/h1>\n<h1><span style=\"font-size: 18pt;\">Oficina Lattes<\/span><\/h1>\n<p>Uma das atividades que gostamos de fazer pelo menos uma vez ao ano \u00e9 a nossa Oficina Lattes! Ministrada pelo professor Wellington Luiz da Rosa, ela auxilia nossos peitianos a completarem e atualizarem adequadamente seu curr\u00edculo Lattes durante a gradua\u00e7\u00e3o, curr\u00edculo que \u00e9 solicitado em diversos processos seletivos, inclusive na nossa sele\u00e7\u00e3o PET Odonto!<\/p>\n<div>\n<div><\/div>\n<\/div>\n<div><\/div>\n<h1><\/h1>\n<h1><span style=\"font-size: 18pt;\">Semana PET<\/span><\/h1>\n<p>Durante a pandemia, realizamos a Semana PET, um ciclo de palestras online e gratuito, com diversos professores da nossa FO-UFPel. As palestras envolviam assuntos variados e de diferentes complexidades, a fim de contemplar todos os semestres da gradua\u00e7\u00e3o.<\/p>\n<div><\/div>\n<p>&nbsp;<\/p>\n","protected":false},"excerpt":{"rendered":"<p>Palestras Gostamos de organizar palestras, eventos e aulas sobre diversos temas com grandes professores. Nossos eventos normalmente acontecem uma vez ao m\u00eas e s\u00e3o abertos ao p\u00fablico em geral, com inscri\u00e7\u00f5es pr\u00e9vias e vagas limitadas! Oficina Lattes Uma das atividades &hellip; <a href=\"https:\/\/wp.ufpel.edu.br\/petodonto\/atividades\/\">Continue lendo <span class=\"meta-nav\">&rarr;<\/span><\/a><\/p>\n","protected":false},"author":1371,"featured_media":0,"parent":0,"menu_order":0,"comment_status":"closed","ping_status":"closed","template":"","meta":{"footnotes":""},"class_list":["post-73","page","type-page","status-publish","hentry"],"_links":{"self":[{"href":"https:\/\/wp.ufpel.edu.br\/petodonto\/wp-json\/wp\/v2\/pages\/73","targetHints":{"allow":["GET"]}}],"collection":[{"href":"https:\/\/wp.ufpel.edu.br\/petodonto\/wp-json\/wp\/v2\/pages"}],"about":[{"href":"https:\/\/wp.ufpel.edu.br\/petodonto\/wp-json\/wp\/v2\/types\/page"}],"author":[{"embeddable":true,"href":"https:\/\/wp.ufpel.edu.br\/petodonto\/wp-json\/wp\/v2\/users\/1371"}],"replies":[{"embeddable":true,"href":"https:\/\/wp.ufpel.edu.br\/petodonto\/wp-json\/wp\/v2\/comments?post=73"}],"version-history":[{"count":8,"href":"https:\/\/wp.ufpel.edu.br\/petodonto\/wp-json\/wp\/v2\/pages\/73\/revisions"}],"predecessor-version":[{"id":447,"href":"https:\/\/wp.ufpel.edu.br\/petodonto\/wp-json\/wp\/v2\/pages\/73\/revisions\/447"}],"wp:attachment":[{"href":"https:\/\/wp.ufpel.edu.br\/petodonto\/wp-json\/wp\/v2\/media?parent=73"}],"curies":[{"name":"wp","href":"https:\/\/api.w.org\/{rel}","templated":true}]}}