{"id":496,"date":"2024-08-08T09:51:12","date_gmt":"2024-08-08T12:51:12","guid":{"rendered":"https:\/\/wp.ufpel.edu.br\/petodonto\/?page_id=496"},"modified":"2024-08-22T12:53:54","modified_gmt":"2024-08-22T15:53:54","slug":"caso-1-pbl","status":"publish","type":"page","link":"https:\/\/wp.ufpel.edu.br\/petodonto\/atividades\/ensino\/pbl\/caso-1-pbl\/","title":{"rendered":"Caso 1 &#8211; PBL"},"content":{"rendered":"<p><span style=\"font-size: 14pt; color: #333399;\"><strong>Paciente:<\/strong><\/span> Yasmin Costa Silva<\/p>\n<p>Acesse o sistema Oxig\u00eanio para ter acesso aos dados do paciente, <a href=\"https:\/\/teste.oxigenioufpel.com.br\/index.php\">clicando aqui<\/a>.<\/p>\n<p><!--more--><\/p>\n<p><span style=\"color: #333399; font-size: 14pt;\"><strong>Fotos iniciais:<\/strong><\/span><\/p>\n<div class=\"n2_ss_slider_publish__option_code\" dir=\"ltr\" data-mode=\"id\"><\/div>\n<div dir=\"ltr\" data-mode=\"id\"><\/div>\n<p><!--more--><\/p>\n<p><span style=\"color: #333399; font-size: 14pt;\"><strong>Caso cl\u00ednico:<\/strong><\/span><\/p>\n\n<!-- iframe plugin v.6.0 wordpress.org\/plugins\/iframe\/ -->\n<iframe loading=\"lazy\" title=\"PBL - Caso 1\" frameborder=\"0\" 0=\"allowfullscreen\" mozallowfullscreen=\"true\" webkitallowfullscreen=\"true\" allow=\"autoplay; fullscreen; xr-spatial-tracking\" 1=\"xr-spatial-tracking\" 2=\"execution-while-out-of-viewport\" 3=\"execution-while-not-rendered\" 4=\"web-share\" src=\"https:\/\/sketchfab.com\/models\/276faead8c624ff0b934d2654d942865\/embed\" width=\"100%\" height=\"500\" scrolling=\"yes\" class=\"iframe-class\"><\/iframe>\n\n<p>&nbsp;<\/p>\n<p><span style=\"font-size: 14pt; color: #333399;\"><strong>Exerc\u00edcio 1:<\/strong><\/span><\/p>\n<p>Paciente foi encaminhado para voc\u00ea pelo setor de triagem. Nesta primeira consulta voc\u00ea deve verificar as necessidades do paciente, coletar informa\u00e7\u00f5es importantes e explique ao paciente as poss\u00edveis solu\u00e7\u00f5es prot\u00e9ticas para este caso espec\u00edfico.<\/p>\n<hr \/>\n<p><span style=\"font-size: 14pt; color: #333399;\"><strong>Exerc\u00edcio 2:<\/strong><\/span><\/p>\n<p>Agora que voc\u00ea j\u00e1 conversou com a paciente e teve acesso aos seus exames de imagem. Sugira ao menos duas op\u00e7\u00f5es de tratamento informando as poss\u00edveis vantagens, desvantagens, tempo de realiza\u00e7\u00e3o e custos previstos para o tratamento, para que ele possa decidir o que fazer.<\/p>\n<p>Importante: As duas op\u00e7\u00f5es de tratamento devem ser inclu\u00eddas no prontu\u00e1rio da paciente utilizando a fun\u00e7\u00e3o &#8220;Cadastros -&gt; Plano de tratamento&#8221;.<\/p>\n<p>&nbsp;<\/p>\n","protected":false},"excerpt":{"rendered":"<p>Paciente: Yasmin Costa Silva Acesse o sistema Oxig\u00eanio para ter acesso aos dados do paciente, clicando aqui.<\/p>\n","protected":false},"author":1038,"featured_media":0,"parent":488,"menu_order":0,"comment_status":"closed","ping_status":"closed","template":"","meta":{"footnotes":""},"class_list":["post-496","page","type-page","status-publish","hentry"],"_links":{"self":[{"href":"https:\/\/wp.ufpel.edu.br\/petodonto\/wp-json\/wp\/v2\/pages\/496","targetHints":{"allow":["GET"]}}],"collection":[{"href":"https:\/\/wp.ufpel.edu.br\/petodonto\/wp-json\/wp\/v2\/pages"}],"about":[{"href":"https:\/\/wp.ufpel.edu.br\/petodonto\/wp-json\/wp\/v2\/types\/page"}],"author":[{"embeddable":true,"href":"https:\/\/wp.ufpel.edu.br\/petodonto\/wp-json\/wp\/v2\/users\/1038"}],"replies":[{"embeddable":true,"href":"https:\/\/wp.ufpel.edu.br\/petodonto\/wp-json\/wp\/v2\/comments?post=496"}],"version-history":[{"count":10,"href":"https:\/\/wp.ufpel.edu.br\/petodonto\/wp-json\/wp\/v2\/pages\/496\/revisions"}],"predecessor-version":[{"id":572,"href":"https:\/\/wp.ufpel.edu.br\/petodonto\/wp-json\/wp\/v2\/pages\/496\/revisions\/572"}],"up":[{"embeddable":true,"href":"https:\/\/wp.ufpel.edu.br\/petodonto\/wp-json\/wp\/v2\/pages\/488"}],"wp:attachment":[{"href":"https:\/\/wp.ufpel.edu.br\/petodonto\/wp-json\/wp\/v2\/media?parent=496"}],"curies":[{"name":"wp","href":"https:\/\/api.w.org\/{rel}","templated":true}]}}