{"id":258,"date":"2024-06-15T16:14:23","date_gmt":"2024-06-15T19:14:23","guid":{"rendered":"https:\/\/wp.ufpel.edu.br\/petodonto\/?page_id=258"},"modified":"2024-06-24T21:14:05","modified_gmt":"2024-06-25T00:14:05","slug":"eventos","status":"publish","type":"page","link":"https:\/\/wp.ufpel.edu.br\/petodonto\/eventos\/","title":{"rendered":"Eventos"},"content":{"rendered":"<p>N\u00f3s gostamos muito de participar de eventos! Todo ano tentamos ir em congressos, simp\u00f3sios e encontros regionais ou nacionais. \u00c9 sempre bom se manter informado, n\u00e3o \u00e9 mesmo? Congressos diversos que se oportunizarem durante o ano ter\u00e3o sempre o incentivo para participa\u00e7\u00e3o se n\u00e3o de todo o grupo, pelo menos de representa\u00e7\u00f5es deste. Participe tamb\u00e9m!<\/p>\n<ul>\n<li><strong>Participa\u00e7\u00e3o do grupo Pet Odonto na 9\u00aa Semana Integrada de Inova\u00e7\u00e3o, Ensino, Pesquisa, Extens\u00e3o e Inova\u00e7\u00e3o\u00a0<\/strong><\/li>\n<\/ul>\n<p>Esses s\u00e3o alguns dos registros das participa\u00e7\u00f5es nas diversas \u00e1reas que compuseram o SIIEPE &#8211; UFPel!<br \/>\nNossos petianos deram show em suas apresenta\u00e7\u00f5es e representaram o time com os mais diversos temas dentro das Odontologia, levando tem\u00e1ticas dentro do ensino, da pesquisa e da extens\u00e3o.<\/p>\n<div><\/div>\n<div><\/div>\n<div><\/div>\n<p>&nbsp;<\/p>\n<ul>\n<li><strong>Participa\u00e7\u00e3o das petianas no 27\u00b0 Encontro Ga\u00facho de Endodontia (GPERGS)<\/strong><\/li>\n<\/ul>\n<div><img loading=\"lazy\" decoding=\"async\" class=\" wp-image-433 aligncenter\" src=\"https:\/\/wp.ufpel.edu.br\/petodonto\/files\/2024\/06\/IMG_8642-400x400.jpeg\" alt=\"\" width=\"275\" height=\"275\" srcset=\"https:\/\/wp.ufpel.edu.br\/petodonto\/files\/2024\/06\/IMG_8642-400x400.jpeg 400w, https:\/\/wp.ufpel.edu.br\/petodonto\/files\/2024\/06\/IMG_8642-200x200.jpeg 200w, https:\/\/wp.ufpel.edu.br\/petodonto\/files\/2024\/06\/IMG_8642-768x765.jpeg 768w, https:\/\/wp.ufpel.edu.br\/petodonto\/files\/2024\/06\/IMG_8642-301x300.jpeg 301w, https:\/\/wp.ufpel.edu.br\/petodonto\/files\/2024\/06\/IMG_8642.jpeg 828w\" sizes=\"auto, (max-width: 275px) 100vw, 275px\" \/><\/div>\n<div><\/div>\n<div><\/div>\n<div><\/div>\n<ul>\n<li><strong>Grupo PET bem representado no XXX SOBRAPI (Congresso Brasileiro de Periodontologia e Implantodontia)\u00a0<\/strong><\/li>\n<\/ul>\n<div>Nossa petiana Amanda Prux foi premiada na categoria relato de caso cl\u00ednico!<\/div>\n<div><img loading=\"lazy\" decoding=\"async\" class=\"wp-image-434 alignleft\" src=\"https:\/\/wp.ufpel.edu.br\/petodonto\/files\/2024\/06\/IMG_8644-400x397.jpeg\" alt=\"\" width=\"245\" height=\"243\" srcset=\"https:\/\/wp.ufpel.edu.br\/petodonto\/files\/2024\/06\/IMG_8644-400x397.jpeg 400w, https:\/\/wp.ufpel.edu.br\/petodonto\/files\/2024\/06\/IMG_8644-768x762.jpeg 768w, https:\/\/wp.ufpel.edu.br\/petodonto\/files\/2024\/06\/IMG_8644-302x300.jpeg 302w, https:\/\/wp.ufpel.edu.br\/petodonto\/files\/2024\/06\/IMG_8644.jpeg 828w\" sizes=\"auto, (max-width: 245px) 100vw, 245px\" \/><img loading=\"lazy\" decoding=\"async\" class=\"wp-image-435 alignright\" src=\"https:\/\/wp.ufpel.edu.br\/petodonto\/files\/2024\/06\/IMG_8645-400x396.jpeg\" alt=\"\" width=\"249\" height=\"246\" srcset=\"https:\/\/wp.ufpel.edu.br\/petodonto\/files\/2024\/06\/IMG_8645-400x396.jpeg 400w, https:\/\/wp.ufpel.edu.br\/petodonto\/files\/2024\/06\/IMG_8645-768x761.jpeg 768w, https:\/\/wp.ufpel.edu.br\/petodonto\/files\/2024\/06\/IMG_8645-303x300.jpeg 303w, https:\/\/wp.ufpel.edu.br\/petodonto\/files\/2024\/06\/IMG_8645.jpeg 828w\" sizes=\"auto, (max-width: 249px) 100vw, 249px\" \/><\/div>\n","protected":false},"excerpt":{"rendered":"<p>N\u00f3s gostamos muito de participar de eventos! Todo ano tentamos ir em congressos, simp\u00f3sios e encontros regionais ou nacionais. \u00c9 sempre bom se manter informado, n\u00e3o \u00e9 mesmo? Congressos diversos que se oportunizarem durante o ano ter\u00e3o sempre o incentivo &hellip; <a href=\"https:\/\/wp.ufpel.edu.br\/petodonto\/eventos\/\">Continue lendo <span class=\"meta-nav\">&rarr;<\/span><\/a><\/p>\n","protected":false},"author":1371,"featured_media":0,"parent":0,"menu_order":0,"comment_status":"closed","ping_status":"closed","template":"","meta":{"footnotes":""},"class_list":["post-258","page","type-page","status-publish","hentry"],"_links":{"self":[{"href":"https:\/\/wp.ufpel.edu.br\/petodonto\/wp-json\/wp\/v2\/pages\/258","targetHints":{"allow":["GET"]}}],"collection":[{"href":"https:\/\/wp.ufpel.edu.br\/petodonto\/wp-json\/wp\/v2\/pages"}],"about":[{"href":"https:\/\/wp.ufpel.edu.br\/petodonto\/wp-json\/wp\/v2\/types\/page"}],"author":[{"embeddable":true,"href":"https:\/\/wp.ufpel.edu.br\/petodonto\/wp-json\/wp\/v2\/users\/1371"}],"replies":[{"embeddable":true,"href":"https:\/\/wp.ufpel.edu.br\/petodonto\/wp-json\/wp\/v2\/comments?post=258"}],"version-history":[{"count":10,"href":"https:\/\/wp.ufpel.edu.br\/petodonto\/wp-json\/wp\/v2\/pages\/258\/revisions"}],"predecessor-version":[{"id":420,"href":"https:\/\/wp.ufpel.edu.br\/petodonto\/wp-json\/wp\/v2\/pages\/258\/revisions\/420"}],"wp:attachment":[{"href":"https:\/\/wp.ufpel.edu.br\/petodonto\/wp-json\/wp\/v2\/media?parent=258"}],"curies":[{"name":"wp","href":"https:\/\/api.w.org\/{rel}","templated":true}]}}