{"id":174,"date":"2024-06-06T15:16:34","date_gmt":"2024-06-06T18:16:34","guid":{"rendered":"https:\/\/wp.ufpel.edu.br\/petodonto\/?page_id=174"},"modified":"2024-06-24T19:33:49","modified_gmt":"2024-06-24T22:33:49","slug":"relatorios","status":"publish","type":"page","link":"https:\/\/wp.ufpel.edu.br\/petodonto\/relatorios\/","title":{"rendered":"Relat\u00f3rios"},"content":{"rendered":"<p>Todos os anos o grupo PET se re\u00fane, juntamente com seu tutor, para relatar o que foi feito no ano e quais as atividades e projetos que dar\u00e3o continuidade no pr\u00f3ximo ano. Acessa os arquivos linkados pra conferir o que andamos aprontando!<\/p>\n<ul>\n<li data-hook=\"post-title\"><a href=\"https:\/\/wp.ufpel.edu.br\/petodonto\/files\/2024\/06\/Planejamento_2024.pdf\">Planejamento PET 2024<\/a><\/li>\n<li data-hook=\"post-title\"><a href=\"https:\/\/wp.ufpel.edu.br\/petodonto\/files\/2024\/06\/Relatorio_2023.pdf\">Relat\u00f3rio PET 2023<\/a><\/li>\n<li class=\"UbhFJ7 nkqC0Q blog-post-title-font blog-post-title-color blog-text-color post-title blog-hover-container-element-color FG3qXk blog-post-page-title-font\" data-hook=\"post-title\"><span class=\"post-title__text blog-post-title-font blog-post-title-color\"><span class=\"blog-post-title-font blog-post-title-color\"><a href=\"https:\/\/wp.ufpel.edu.br\/petodonto\/files\/2024\/06\/Planejamento_PET_2023.pdf\">Planejamento PET 2023<\/a><\/span><\/span><\/li>\n<li><span class=\"post-title__text blog-post-title-font blog-post-title-color\"><span class=\"blog-post-title-font blog-post-title-color\"><a href=\"https:\/\/wp.ufpel.edu.br\/petodonto\/files\/2024\/06\/Relatorio_PET_2022.pdf\">Relat\u00f3rio PET 2022<\/a><\/span><\/span><\/li>\n<li><a href=\"https:\/\/wp.ufpel.edu.br\/petodonto\/files\/2024\/06\/Planejamento_2022.pdf\">Planejamento PET 2022<\/a><\/li>\n<li class=\"UbhFJ7 nkqC0Q blog-post-title-font blog-post-title-color blog-text-color post-title blog-hover-container-element-color FG3qXk blog-post-page-title-font\" data-hook=\"post-title\"><span class=\"post-title__text blog-post-title-font blog-post-title-color\"><span class=\"blog-post-title-font blog-post-title-color\"><a href=\"https:\/\/wp.ufpel.edu.br\/petodonto\/files\/2024\/06\/Relatorio_PET2021.pdf\">Relat\u00f3rio PET 2021<\/a><\/span><\/span><\/li>\n<li data-hook=\"post-title\"><a href=\"https:\/\/wp.ufpel.edu.br\/petodonto\/files\/2024\/06\/Planejamento_2021.pdf\">Planejamento PET 2021<\/a><\/li>\n<\/ul>\n","protected":false},"excerpt":{"rendered":"<p>Todos os anos o grupo PET se re\u00fane, juntamente com seu tutor, para relatar o que foi feito no ano e quais as atividades e projetos que dar\u00e3o continuidade no pr\u00f3ximo ano. Acessa os arquivos linkados pra conferir o que &hellip; <a href=\"https:\/\/wp.ufpel.edu.br\/petodonto\/relatorios\/\">Continue lendo <span class=\"meta-nav\">&rarr;<\/span><\/a><\/p>\n","protected":false},"author":1371,"featured_media":0,"parent":0,"menu_order":0,"comment_status":"closed","ping_status":"closed","template":"","meta":{"footnotes":""},"class_list":["post-174","page","type-page","status-publish","hentry"],"_links":{"self":[{"href":"https:\/\/wp.ufpel.edu.br\/petodonto\/wp-json\/wp\/v2\/pages\/174","targetHints":{"allow":["GET"]}}],"collection":[{"href":"https:\/\/wp.ufpel.edu.br\/petodonto\/wp-json\/wp\/v2\/pages"}],"about":[{"href":"https:\/\/wp.ufpel.edu.br\/petodonto\/wp-json\/wp\/v2\/types\/page"}],"author":[{"embeddable":true,"href":"https:\/\/wp.ufpel.edu.br\/petodonto\/wp-json\/wp\/v2\/users\/1371"}],"replies":[{"embeddable":true,"href":"https:\/\/wp.ufpel.edu.br\/petodonto\/wp-json\/wp\/v2\/comments?post=174"}],"version-history":[{"count":11,"href":"https:\/\/wp.ufpel.edu.br\/petodonto\/wp-json\/wp\/v2\/pages\/174\/revisions"}],"predecessor-version":[{"id":373,"href":"https:\/\/wp.ufpel.edu.br\/petodonto\/wp-json\/wp\/v2\/pages\/174\/revisions\/373"}],"wp:attachment":[{"href":"https:\/\/wp.ufpel.edu.br\/petodonto\/wp-json\/wp\/v2\/media?parent=174"}],"curies":[{"name":"wp","href":"https:\/\/api.w.org\/{rel}","templated":true}]}}