{"id":171,"date":"2024-06-06T15:16:12","date_gmt":"2024-06-06T18:16:12","guid":{"rendered":"https:\/\/wp.ufpel.edu.br\/petodonto\/?page_id=171"},"modified":"2026-02-14T09:13:20","modified_gmt":"2026-02-14T12:13:20","slug":"contato","status":"publish","type":"page","link":"https:\/\/wp.ufpel.edu.br\/petodonto\/contato\/","title":{"rendered":"Contato"},"content":{"rendered":"<div id=\"icq6xr74_1\" class=\"HcOXKn SxM0TO QxJLC3 icq6xr74_1 wixui-rich-text\" data-testid=\"richTextElement\">\n<p class=\"font_8 wixui-rich-text__text\" style=\"text-align: left;\">Se voc\u00ea precisa de mais informa\u00e7\u00f5es, tem d\u00favidas, ou gostaria de oferecer um sugest\u00e3o, entre em contato. Voc\u00ea pode falar conosco por telefone ou e-mail.<br \/>\nN\u00f3s vamos responder assim que poss\u00edvel.<\/p>\n<\/div>\n<div id=\"icq70yax\" class=\"HcOXKn SxM0TO QxJLC3 icq70yax wixui-rich-text\" data-testid=\"richTextElement\">\n<p class=\"font_9 wixui-rich-text__text\" style=\"text-align: left;\"><span class=\"wixui-rich-text__text\">Endere\u00e7o: Rua Gon\u00e7alves Chaves, 457<br \/>\n<\/span><span class=\"wixui-rich-text__text\">CEP: 96015-560 \u00a0Pelotas\/RS<br \/>\n<\/span><span class=\"wixui-rich-text__text\">Faculdade de Odontologia da UFPEL &#8211; Sala 708 <a href=\"https:\/\/maps.app.goo.gl\/covHx3cDKaMcqeDh6\">https:\/\/maps.app.goo.gl\/covHx3cDKaMcqeDh6<\/a><\/span><\/p>\n<p class=\"font_9 wixui-rich-text__text\" style=\"text-align: left;\"><span style=\"text-align: center;\">E-mail: <\/span><a style=\"text-align: center;\" href=\"mailto:odontopetufpel@gmail.com\">odontopetufpel@gmail.com<\/a><br \/>\nInstagram: <a href=\"https:\/\/www.instagram.com\/petodontologiaufpel?utm_source=ig_web_button_share_sheet&amp;igsh=ZDNlZDc0MzIxNw==\">@petodontologiaufpel<\/a><span class=\"wixui-rich-text__text\"><br \/>\nFones: (53) 32256741\/ (53) 32224162\/ (53) 32226690\/ (53) 32224439\/ (53) 32224305 \/ <\/span><span class=\"wixui-rich-text__text\">Ramal: 140<\/span><\/p>\n<\/div>\n","protected":false},"excerpt":{"rendered":"<p>Se voc\u00ea precisa de mais informa\u00e7\u00f5es, tem d\u00favidas, ou gostaria de oferecer um sugest\u00e3o, entre em contato. Voc\u00ea pode falar conosco por telefone ou e-mail. N\u00f3s vamos responder assim que poss\u00edvel. Endere\u00e7o: Rua Gon\u00e7alves Chaves, 457 CEP: 96015-560 \u00a0Pelotas\/RS Faculdade &hellip; <a href=\"https:\/\/wp.ufpel.edu.br\/petodonto\/contato\/\">Continue lendo <span class=\"meta-nav\">&rarr;<\/span><\/a><\/p>\n","protected":false},"author":1371,"featured_media":0,"parent":0,"menu_order":0,"comment_status":"closed","ping_status":"closed","template":"","meta":{"footnotes":""},"class_list":["post-171","page","type-page","status-publish","hentry"],"_links":{"self":[{"href":"https:\/\/wp.ufpel.edu.br\/petodonto\/wp-json\/wp\/v2\/pages\/171","targetHints":{"allow":["GET"]}}],"collection":[{"href":"https:\/\/wp.ufpel.edu.br\/petodonto\/wp-json\/wp\/v2\/pages"}],"about":[{"href":"https:\/\/wp.ufpel.edu.br\/petodonto\/wp-json\/wp\/v2\/types\/page"}],"author":[{"embeddable":true,"href":"https:\/\/wp.ufpel.edu.br\/petodonto\/wp-json\/wp\/v2\/users\/1371"}],"replies":[{"embeddable":true,"href":"https:\/\/wp.ufpel.edu.br\/petodonto\/wp-json\/wp\/v2\/comments?post=171"}],"version-history":[{"count":4,"href":"https:\/\/wp.ufpel.edu.br\/petodonto\/wp-json\/wp\/v2\/pages\/171\/revisions"}],"predecessor-version":[{"id":669,"href":"https:\/\/wp.ufpel.edu.br\/petodonto\/wp-json\/wp\/v2\/pages\/171\/revisions\/669"}],"wp:attachment":[{"href":"https:\/\/wp.ufpel.edu.br\/petodonto\/wp-json\/wp\/v2\/media?parent=171"}],"curies":[{"name":"wp","href":"https:\/\/api.w.org\/{rel}","templated":true}]}}