{"id":142,"date":"2024-06-06T15:02:32","date_gmt":"2024-06-06T18:02:32","guid":{"rendered":"https:\/\/wp.ufpel.edu.br\/petodonto\/?page_id=142"},"modified":"2024-11-13T11:09:01","modified_gmt":"2024-11-13T14:09:01","slug":"editais-anteriores","status":"publish","type":"page","link":"https:\/\/wp.ufpel.edu.br\/petodonto\/processos-seletivos\/editais-anteriores\/","title":{"rendered":"Editais anteriores"},"content":{"rendered":"<ul>\n<li><a href=\"https:\/\/wp.ufpel.edu.br\/petodonto\/files\/2024\/06\/SEI_UFPel-2638938-Edital.pdf\">Edital de Sele\u00e7\u00e3o &#8211; PET 2024\/1<\/a><\/li>\n<li><a href=\"https:\/\/wp.ufpel.edu.br\/petodonto\/files\/2024\/06\/Edital_Selecao_PET_Odonto_2022.pdf\">Edital de Sele\u00e7\u00e3o &#8211; PET 2022<\/a><\/li>\n<li><a href=\"https:\/\/wp.ufpel.edu.br\/petodonto\/files\/2024\/06\/Edital_Selecao_PET_2021-Final.pdf\">Edital de Sele\u00e7ao &#8211; PET 2021 <\/a><\/li>\n<\/ul>\n","protected":false},"excerpt":{"rendered":"<p>Edital de Sele\u00e7\u00e3o &#8211; PET 2024\/1 Edital de Sele\u00e7\u00e3o &#8211; PET 2022 Edital de Sele\u00e7ao &#8211; PET 2021<\/p>\n","protected":false},"author":1371,"featured_media":0,"parent":163,"menu_order":0,"comment_status":"closed","ping_status":"closed","template":"","meta":{"footnotes":""},"class_list":["post-142","page","type-page","status-publish","hentry"],"_links":{"self":[{"href":"https:\/\/wp.ufpel.edu.br\/petodonto\/wp-json\/wp\/v2\/pages\/142","targetHints":{"allow":["GET"]}}],"collection":[{"href":"https:\/\/wp.ufpel.edu.br\/petodonto\/wp-json\/wp\/v2\/pages"}],"about":[{"href":"https:\/\/wp.ufpel.edu.br\/petodonto\/wp-json\/wp\/v2\/types\/page"}],"author":[{"embeddable":true,"href":"https:\/\/wp.ufpel.edu.br\/petodonto\/wp-json\/wp\/v2\/users\/1371"}],"replies":[{"embeddable":true,"href":"https:\/\/wp.ufpel.edu.br\/petodonto\/wp-json\/wp\/v2\/comments?post=142"}],"version-history":[{"count":4,"href":"https:\/\/wp.ufpel.edu.br\/petodonto\/wp-json\/wp\/v2\/pages\/142\/revisions"}],"predecessor-version":[{"id":600,"href":"https:\/\/wp.ufpel.edu.br\/petodonto\/wp-json\/wp\/v2\/pages\/142\/revisions\/600"}],"up":[{"embeddable":true,"href":"https:\/\/wp.ufpel.edu.br\/petodonto\/wp-json\/wp\/v2\/pages\/163"}],"wp:attachment":[{"href":"https:\/\/wp.ufpel.edu.br\/petodonto\/wp-json\/wp\/v2\/media?parent=142"}],"curies":[{"name":"wp","href":"https:\/\/api.w.org\/{rel}","templated":true}]}}