{"id":862,"date":"2024-02-15T19:13:35","date_gmt":"2024-02-15T22:13:35","guid":{"rendered":"https:\/\/wp.ufpel.edu.br\/petmeteorologia\/?page_id=862"},"modified":"2025-01-03T09:30:33","modified_gmt":"2025-01-03T12:30:33","slug":"apoio-didatico","status":"publish","type":"page","link":"https:\/\/wp.ufpel.edu.br\/petmeteorologia\/apoio-didatico\/","title":{"rendered":"APOIO DID\u00c1TICO"},"content":{"rendered":"<p style=\"text-align: justify;\">No geral, o aluno ingressante no Curso de Meteorologia apresenta defici\u00eancias t\u00e9cnicas, especialmente com rela\u00e7\u00e3o \u00e0 F\u00edsica e Matem\u00e1tica. Este \u00e9 um dos principais motivos de evas\u00e3o discente, haja vista que estas \u00e1reas comp\u00f5em praticamente a totalidade das disciplinas dos primeiros semestres do curso. Desta forma, o Apoio Did\u00e1tico em forma de monitorias atua como important\u00edssima ferramenta de combate direto \u00e0 evas\u00e3o do curso.<\/p>\n","protected":false},"excerpt":{"rendered":"<p>No geral, o aluno ingressante no Curso de Meteorologia apresenta defici\u00eancias t\u00e9cnicas, especialmente com rela\u00e7\u00e3o \u00e0 F\u00edsica e Matem\u00e1tica. Este \u00e9 um dos principais motivos de evas\u00e3o discente, haja vista que estas \u00e1reas comp\u00f5em praticamente a totalidade das disciplinas dos primeiros semestres do curso. Desta forma, o Apoio Did\u00e1tico em forma de monitorias atua como &hellip; <a href=\"https:\/\/wp.ufpel.edu.br\/petmeteorologia\/apoio-didatico\/\" class=\"more-link\">Continue lendo <span class=\"screen-reader-text\">APOIO DID\u00c1TICO<\/span> <span class=\"meta-nav\">&rarr;<\/span><\/a><\/p>\n","protected":false},"author":186,"featured_media":0,"parent":0,"menu_order":0,"comment_status":"closed","ping_status":"closed","template":"","meta":{"footnotes":""},"class_list":["post-862","page","type-page","status-publish","hentry"],"_links":{"self":[{"href":"https:\/\/wp.ufpel.edu.br\/petmeteorologia\/wp-json\/wp\/v2\/pages\/862","targetHints":{"allow":["GET"]}}],"collection":[{"href":"https:\/\/wp.ufpel.edu.br\/petmeteorologia\/wp-json\/wp\/v2\/pages"}],"about":[{"href":"https:\/\/wp.ufpel.edu.br\/petmeteorologia\/wp-json\/wp\/v2\/types\/page"}],"author":[{"embeddable":true,"href":"https:\/\/wp.ufpel.edu.br\/petmeteorologia\/wp-json\/wp\/v2\/users\/186"}],"replies":[{"embeddable":true,"href":"https:\/\/wp.ufpel.edu.br\/petmeteorologia\/wp-json\/wp\/v2\/comments?post=862"}],"version-history":[{"count":3,"href":"https:\/\/wp.ufpel.edu.br\/petmeteorologia\/wp-json\/wp\/v2\/pages\/862\/revisions"}],"predecessor-version":[{"id":1176,"href":"https:\/\/wp.ufpel.edu.br\/petmeteorologia\/wp-json\/wp\/v2\/pages\/862\/revisions\/1176"}],"wp:attachment":[{"href":"https:\/\/wp.ufpel.edu.br\/petmeteorologia\/wp-json\/wp\/v2\/media?parent=862"}],"curies":[{"name":"wp","href":"https:\/\/api.w.org\/{rel}","templated":true}]}}