{"id":861,"date":"2024-02-15T19:13:35","date_gmt":"2024-02-15T22:13:35","guid":{"rendered":"https:\/\/wp.ufpel.edu.br\/petmeteorologia\/?page_id=861"},"modified":"2025-01-03T09:37:24","modified_gmt":"2025-01-03T12:37:24","slug":"previsao-do-pet","status":"publish","type":"page","link":"https:\/\/wp.ufpel.edu.br\/petmeteorologia\/previsao-do-pet\/","title":{"rendered":"PREVIS\u00c3O DO PET"},"content":{"rendered":"<p style=\"text-align: justify;\">O curso de Meteorologia possui uma grande quantidade de disciplinas te\u00f3ricas. Os sistemas de tempo s\u00e3o complexos e sua previs\u00e3o n\u00e3o \u00e9 uma tarefa f\u00e1cil. Torna-se necess\u00e1rio o exerc\u00edcio constante das atividades de an\u00e1lise, discuss\u00e3o e previs\u00e3o, de modo que os conhecimentos te\u00f3ricos sejam aplicados e sedimentados por meio de atividades pr\u00e1ticas e interativas entre alunos, professores e profissionais atuantes. Desta forma, o grupo PET ir\u00e1 ao longo do ano fazer dois tipos de a\u00e7\u00f5es referentes \u00e0 previs\u00e3o do tempo. A primeira \u00e9 a organiza\u00e7\u00e3o e apresenta\u00e7\u00e3o da previs\u00e3o da semana dentro do projeto Bjerknes, que consiste em um grupo de estudos para an\u00e1lise, discuss\u00e3o e apresenta\u00e7\u00e3o das condi\u00e7\u00f5es atmosf\u00e9ricas atuantes, sob coordena\u00e7\u00e3o da Prof\u00aa. D\u00e9bora Sim\u00f5es (Depto. de Meteorologia). A segunda, realizar ao longo do semestre, encontros, com alunos de todos os semestres, para uma pr\u00e1tica de previs\u00e3o do tempo, apresentando aos interessados as t\u00e9cnicas e ferramentas utilizadas, assim como a apresenta\u00e7\u00e3o dos resultados.<\/p>\n","protected":false},"excerpt":{"rendered":"<p>O curso de Meteorologia possui uma grande quantidade de disciplinas te\u00f3ricas. Os sistemas de tempo s\u00e3o complexos e sua previs\u00e3o n\u00e3o \u00e9 uma tarefa f\u00e1cil. Torna-se necess\u00e1rio o exerc\u00edcio constante das atividades de an\u00e1lise, discuss\u00e3o e previs\u00e3o, de modo que os conhecimentos te\u00f3ricos sejam aplicados e sedimentados por meio de atividades pr\u00e1ticas e interativas entre &hellip; <a href=\"https:\/\/wp.ufpel.edu.br\/petmeteorologia\/previsao-do-pet\/\" class=\"more-link\">Continue lendo <span class=\"screen-reader-text\">PREVIS\u00c3O DO PET<\/span> <span class=\"meta-nav\">&rarr;<\/span><\/a><\/p>\n","protected":false},"author":186,"featured_media":0,"parent":0,"menu_order":0,"comment_status":"closed","ping_status":"closed","template":"","meta":{"footnotes":""},"class_list":["post-861","page","type-page","status-publish","hentry"],"_links":{"self":[{"href":"https:\/\/wp.ufpel.edu.br\/petmeteorologia\/wp-json\/wp\/v2\/pages\/861","targetHints":{"allow":["GET"]}}],"collection":[{"href":"https:\/\/wp.ufpel.edu.br\/petmeteorologia\/wp-json\/wp\/v2\/pages"}],"about":[{"href":"https:\/\/wp.ufpel.edu.br\/petmeteorologia\/wp-json\/wp\/v2\/types\/page"}],"author":[{"embeddable":true,"href":"https:\/\/wp.ufpel.edu.br\/petmeteorologia\/wp-json\/wp\/v2\/users\/186"}],"replies":[{"embeddable":true,"href":"https:\/\/wp.ufpel.edu.br\/petmeteorologia\/wp-json\/wp\/v2\/comments?post=861"}],"version-history":[{"count":3,"href":"https:\/\/wp.ufpel.edu.br\/petmeteorologia\/wp-json\/wp\/v2\/pages\/861\/revisions"}],"predecessor-version":[{"id":1180,"href":"https:\/\/wp.ufpel.edu.br\/petmeteorologia\/wp-json\/wp\/v2\/pages\/861\/revisions\/1180"}],"wp:attachment":[{"href":"https:\/\/wp.ufpel.edu.br\/petmeteorologia\/wp-json\/wp\/v2\/media?parent=861"}],"curies":[{"name":"wp","href":"https:\/\/api.w.org\/{rel}","templated":true}]}}