{"id":860,"date":"2024-02-15T19:13:35","date_gmt":"2024-02-15T22:13:35","guid":{"rendered":"https:\/\/wp.ufpel.edu.br\/petmeteorologia\/?page_id=860"},"modified":"2025-01-03T09:38:54","modified_gmt":"2025-01-03T12:38:54","slug":"pet-do-campo-a-cidade","status":"publish","type":"page","link":"https:\/\/wp.ufpel.edu.br\/petmeteorologia\/pet-do-campo-a-cidade\/","title":{"rendered":"PET DO CAMPO A CIDADE"},"content":{"rendered":"<p style=\"text-align: justify;\">Muitas vezes observamos que a meteorologia, por mais que esteja presente na vida de todos, em todos os dias, ainda \u00e9 uma ci\u00eancia pouco difundida. Um problema recorrente, principalmente em fun\u00e7\u00e3o do f\u00e1cil acesso \u00e0 informa\u00e7\u00f5es, s\u00e3o as fake news. Com o intuito de esclarecer as pessoas da comunidade o que \u00e9 uma not\u00edcia falsa (Fake News) de alerta meteorol\u00f3gico, assim como para entender a melhor maneira de se fazer entender pelo p\u00fablico, os alunos criar\u00e3o panfletos explicativos e apresenta\u00e7\u00f5es curtas para pequenos grupos, que poder\u00e3o ser apresentadas em locais espec\u00edficos como em feiras, mostras e at\u00e9 mesmo em cooperativas e associa\u00e7\u00f5es espec\u00edficas mediante agendamento pr\u00e9vio. Nessas oportunidades, os petianos ir\u00e3o desenvolver question\u00e1rios espec\u00edficos ao p\u00fablico atendido para entender como a meteorologia chega \u00e0 sua rotina e a melhor forma de se comunicar e seus principais temas e aplica\u00e7\u00f5es para cada pessoa. Al\u00e9m disso, pretende-se levar a\u00e7\u00f5es que visem, de maneira pr\u00e1tica, despertar na comunidade o uso de energias renov\u00e1veis como fonte de energia, assim como a utiliza\u00e7\u00e3o da \u00e1gua da chuva para agricultura e resid\u00eancias.<\/p>\n","protected":false},"excerpt":{"rendered":"<p>Muitas vezes observamos que a meteorologia, por mais que esteja presente na vida de todos, em todos os dias, ainda \u00e9 uma ci\u00eancia pouco difundida. Um problema recorrente, principalmente em fun\u00e7\u00e3o do f\u00e1cil acesso \u00e0 informa\u00e7\u00f5es, s\u00e3o as fake news. Com o intuito de esclarecer as pessoas da comunidade o que \u00e9 uma not\u00edcia falsa &hellip; <a href=\"https:\/\/wp.ufpel.edu.br\/petmeteorologia\/pet-do-campo-a-cidade\/\" class=\"more-link\">Continue lendo <span class=\"screen-reader-text\">PET DO CAMPO A CIDADE<\/span> <span class=\"meta-nav\">&rarr;<\/span><\/a><\/p>\n","protected":false},"author":186,"featured_media":0,"parent":0,"menu_order":0,"comment_status":"closed","ping_status":"closed","template":"","meta":{"footnotes":""},"class_list":["post-860","page","type-page","status-publish","hentry"],"_links":{"self":[{"href":"https:\/\/wp.ufpel.edu.br\/petmeteorologia\/wp-json\/wp\/v2\/pages\/860","targetHints":{"allow":["GET"]}}],"collection":[{"href":"https:\/\/wp.ufpel.edu.br\/petmeteorologia\/wp-json\/wp\/v2\/pages"}],"about":[{"href":"https:\/\/wp.ufpel.edu.br\/petmeteorologia\/wp-json\/wp\/v2\/types\/page"}],"author":[{"embeddable":true,"href":"https:\/\/wp.ufpel.edu.br\/petmeteorologia\/wp-json\/wp\/v2\/users\/186"}],"replies":[{"embeddable":true,"href":"https:\/\/wp.ufpel.edu.br\/petmeteorologia\/wp-json\/wp\/v2\/comments?post=860"}],"version-history":[{"count":3,"href":"https:\/\/wp.ufpel.edu.br\/petmeteorologia\/wp-json\/wp\/v2\/pages\/860\/revisions"}],"predecessor-version":[{"id":1182,"href":"https:\/\/wp.ufpel.edu.br\/petmeteorologia\/wp-json\/wp\/v2\/pages\/860\/revisions\/1182"}],"wp:attachment":[{"href":"https:\/\/wp.ufpel.edu.br\/petmeteorologia\/wp-json\/wp\/v2\/media?parent=860"}],"curies":[{"name":"wp","href":"https:\/\/api.w.org\/{rel}","templated":true}]}}