{"id":859,"date":"2024-02-15T19:13:35","date_gmt":"2024-02-15T22:13:35","guid":{"rendered":"https:\/\/wp.ufpel.edu.br\/petmeteorologia\/?page_id=859"},"modified":"2025-01-03T09:32:29","modified_gmt":"2025-01-03T12:32:29","slug":"clube-da-astronomia","status":"publish","type":"page","link":"https:\/\/wp.ufpel.edu.br\/petmeteorologia\/clube-da-astronomia\/","title":{"rendered":"CLUBE DA ASTRONOMIA"},"content":{"rendered":"<p style=\"text-align: justify;\">Grande parte dos alunos que ingressam no curso de meteorologia n\u00e3o t\u00eam ideia do que os espera pela frente. Muitos entram acreditando que o curso assemelha-se com o de geografia, outros pensam que \u00e9 f\u00edsico e alguns acreditam que ter\u00e3o um embasamento maior em astronomia. Sendo assim, grande parte dos nossos alunos t\u00eam apresentado interesse na \u00e1rea de astronomia, que no curso s\u00f3 \u00e9 abordado em uma disciplina eletiva de \u201cElementos de Astronomia e Geod\u00e9sia\u201d. Ent\u00e3o, para suprir essa curiosidade e interesse, os petianos sugerem a cria\u00e7\u00e3o do \u201cClube de Astronomia\u201d, com o intuito de troca de conhecimento sobre a \u00e1rea, e de maior engajamento entre os alunos e professores da UFPEL. Essa atividade visa uma integra\u00e7\u00e3o com o grupo PET F\u00edsica, buscando uma melhor intera\u00e7\u00e3o entre os petianos e demais alunos dos cursos.<\/p>\n","protected":false},"excerpt":{"rendered":"<p>Grande parte dos alunos que ingressam no curso de meteorologia n\u00e3o t\u00eam ideia do que os espera pela frente. Muitos entram acreditando que o curso assemelha-se com o de geografia, outros pensam que \u00e9 f\u00edsico e alguns acreditam que ter\u00e3o um embasamento maior em astronomia. Sendo assim, grande parte dos nossos alunos t\u00eam apresentado interesse &hellip; <a href=\"https:\/\/wp.ufpel.edu.br\/petmeteorologia\/clube-da-astronomia\/\" class=\"more-link\">Continue lendo <span class=\"screen-reader-text\">CLUBE DA ASTRONOMIA<\/span> <span class=\"meta-nav\">&rarr;<\/span><\/a><\/p>\n","protected":false},"author":186,"featured_media":0,"parent":0,"menu_order":0,"comment_status":"closed","ping_status":"closed","template":"","meta":{"footnotes":""},"class_list":["post-859","page","type-page","status-publish","hentry"],"_links":{"self":[{"href":"https:\/\/wp.ufpel.edu.br\/petmeteorologia\/wp-json\/wp\/v2\/pages\/859","targetHints":{"allow":["GET"]}}],"collection":[{"href":"https:\/\/wp.ufpel.edu.br\/petmeteorologia\/wp-json\/wp\/v2\/pages"}],"about":[{"href":"https:\/\/wp.ufpel.edu.br\/petmeteorologia\/wp-json\/wp\/v2\/types\/page"}],"author":[{"embeddable":true,"href":"https:\/\/wp.ufpel.edu.br\/petmeteorologia\/wp-json\/wp\/v2\/users\/186"}],"replies":[{"embeddable":true,"href":"https:\/\/wp.ufpel.edu.br\/petmeteorologia\/wp-json\/wp\/v2\/comments?post=859"}],"version-history":[{"count":3,"href":"https:\/\/wp.ufpel.edu.br\/petmeteorologia\/wp-json\/wp\/v2\/pages\/859\/revisions"}],"predecessor-version":[{"id":1178,"href":"https:\/\/wp.ufpel.edu.br\/petmeteorologia\/wp-json\/wp\/v2\/pages\/859\/revisions\/1178"}],"wp:attachment":[{"href":"https:\/\/wp.ufpel.edu.br\/petmeteorologia\/wp-json\/wp\/v2\/media?parent=859"}],"curies":[{"name":"wp","href":"https:\/\/api.w.org\/{rel}","templated":true}]}}