{"id":666,"date":"2024-02-15T18:47:30","date_gmt":"2024-02-15T21:47:30","guid":{"rendered":"https:\/\/wp.ufpel.edu.br\/petmeteorologia\/?page_id=666"},"modified":"2025-06-06T15:29:10","modified_gmt":"2025-06-06T18:29:10","slug":"o-pet","status":"publish","type":"page","link":"https:\/\/wp.ufpel.edu.br\/petmeteorologia\/o-pet\/","title":{"rendered":"PET"},"content":{"rendered":"<p class=\"font_7 wixui-rich-text__text\" style=\"text-align: justify;\"><span class=\"wixui-rich-text__text\">O <em>Programa de Educa\u00e7\u00e3o Tutorial (PET)<\/em> \u00e9 um grupo de estudos para a melhoria da gradua\u00e7\u00e3o, criado em 1979 e ativo em universidades de todo o pa\u00eds.<\/span><\/p>\n<p class=\"font_7 wixui-rich-text__text\" style=\"text-align: justify;\"><span class=\"wixui-rich-text__text\">A Faculdade de Meteorologia est\u00e1 no programa desde novembro de 1991, sendo os principais focos do grupo a forma\u00e7\u00e3o acad\u00eamica ampla, a interdisciplinaridade, a atua\u00e7\u00e3o coletiva, a intera\u00e7\u00e3o cont\u00ednua entre participantes e corpos docente e discente e o planejamento e execu\u00e7\u00e3o de um programa diversificado de atividades voltadas \u00e0 Faculdade, como organiza\u00e7\u00e3o de eventos, realiza\u00e7\u00e3o de cursos b\u00e1sicos\u00a0 e monitorias. Ao fazer parte do grupo, o aluno tem ingresso garantido em projetos de pesquisa, ensino ou extens\u00e3o, supervisionado por um pesquisador, despertando o interesse cient\u00edfico.<\/span><\/p>\n<p class=\"font_7 wixui-rich-text__text\" style=\"text-align: justify;\"><span class=\"wixui-rich-text__text\">Cada grupo PET conta com 12 bolsistas, um tutor e ainda alunos n\u00e3o bolsistas. A renova\u00e7\u00e3o dos bolsistas \u00e9 feita anualmente por meio de processo seletivo, quando da sa\u00edda daqueles que concluem a gradua\u00e7\u00e3o, ou semestralmente, em caso de reprova\u00e7\u00e3o ou motivo extraordin\u00e1rio. S\u00e3o requisitos para a bolsa estar no 2\u00ba, 3\u00ba ou 4\u00ba semestre e possuir no m\u00e1ximo uma reprova\u00e7\u00e3o. A dedica\u00e7\u00e3o \u00e9 de 20h semanais.<\/span><\/p>\n<table style=\"width: 100%; border-collapse: collapse; border-color: #ffffff; background-color: #ffffff; border-style: none;\">\n<tbody>\n<tr>\n<td style=\"width: 100%;\"><a href=\"https:\/\/wp.ufpel.edu.br\/petmeteorologia\/files\/2025\/06\/IMG-20250603-WA0010.jpg\"><img loading=\"lazy\" decoding=\"async\" class=\"size-medium wp-image-1475 aligncenter\" src=\"https:\/\/wp.ufpel.edu.br\/petmeteorologia\/files\/2025\/06\/IMG-20250603-WA0010-400x330.jpg\" alt=\"\" width=\"400\" height=\"330\" srcset=\"https:\/\/wp.ufpel.edu.br\/petmeteorologia\/files\/2025\/06\/IMG-20250603-WA0010-400x330.jpg 400w, https:\/\/wp.ufpel.edu.br\/petmeteorologia\/files\/2025\/06\/IMG-20250603-WA0010-768x634.jpg 768w, https:\/\/wp.ufpel.edu.br\/petmeteorologia\/files\/2025\/06\/IMG-20250603-WA0010.jpg 960w\" sizes=\"auto, (max-width: 400px) 100vw, 400px\" \/><\/a><\/td>\n<\/tr>\n<tr>\n<td style=\"width: 100%; text-align: justify;\"><em>E este \u00e9 o atual grupo PET Meteorologia da Faculdade de Meteorologia da UFPel!\u00a0 \ud83d\ude42\u00a0<\/em><\/td>\n<\/tr>\n<\/tbody>\n<\/table>\n<p>&nbsp;<\/p>\n","protected":false},"excerpt":{"rendered":"<p>O Programa de Educa\u00e7\u00e3o Tutorial (PET) \u00e9 um grupo de estudos para a melhoria da gradua\u00e7\u00e3o, criado em 1979 e ativo em universidades de todo o pa\u00eds. A Faculdade de Meteorologia est\u00e1 no programa desde novembro de 1991, sendo os principais focos do grupo a forma\u00e7\u00e3o acad\u00eamica ampla, a interdisciplinaridade, a atua\u00e7\u00e3o coletiva, a intera\u00e7\u00e3o &hellip; <a href=\"https:\/\/wp.ufpel.edu.br\/petmeteorologia\/o-pet\/\" class=\"more-link\">Continue lendo <span class=\"screen-reader-text\">PET<\/span> <span class=\"meta-nav\">&rarr;<\/span><\/a><\/p>\n","protected":false},"author":186,"featured_media":0,"parent":0,"menu_order":0,"comment_status":"closed","ping_status":"closed","template":"","meta":{"footnotes":""},"class_list":["post-666","page","type-page","status-publish","hentry"],"_links":{"self":[{"href":"https:\/\/wp.ufpel.edu.br\/petmeteorologia\/wp-json\/wp\/v2\/pages\/666","targetHints":{"allow":["GET"]}}],"collection":[{"href":"https:\/\/wp.ufpel.edu.br\/petmeteorologia\/wp-json\/wp\/v2\/pages"}],"about":[{"href":"https:\/\/wp.ufpel.edu.br\/petmeteorologia\/wp-json\/wp\/v2\/types\/page"}],"author":[{"embeddable":true,"href":"https:\/\/wp.ufpel.edu.br\/petmeteorologia\/wp-json\/wp\/v2\/users\/186"}],"replies":[{"embeddable":true,"href":"https:\/\/wp.ufpel.edu.br\/petmeteorologia\/wp-json\/wp\/v2\/comments?post=666"}],"version-history":[{"count":11,"href":"https:\/\/wp.ufpel.edu.br\/petmeteorologia\/wp-json\/wp\/v2\/pages\/666\/revisions"}],"predecessor-version":[{"id":1476,"href":"https:\/\/wp.ufpel.edu.br\/petmeteorologia\/wp-json\/wp\/v2\/pages\/666\/revisions\/1476"}],"wp:attachment":[{"href":"https:\/\/wp.ufpel.edu.br\/petmeteorologia\/wp-json\/wp\/v2\/media?parent=666"}],"curies":[{"name":"wp","href":"https:\/\/api.w.org\/{rel}","templated":true}]}}