{"id":337,"date":"2014-04-02T09:56:50","date_gmt":"2014-04-02T12:56:50","guid":{"rendered":"https:\/\/wp.ufpel.edu.br\/petmeteorologia\/?page_id=337"},"modified":"2014-05-19T11:30:11","modified_gmt":"2014-05-19T14:30:11","slug":"coronas","status":"publish","type":"page","link":"https:\/\/wp.ufpel.edu.br\/petmeteorologia\/espaco-didatico\/meteorologia-saiba-mais\/coronas\/","title":{"rendered":"CORONAS"},"content":{"rendered":"<p>Corona \u00e9 um fen\u00f4meno \u00f3tico causado pela difra\u00e7\u00e3o da luz solar ou lunar ao interagir com pequenas part\u00edculas (\u00e1gua, gelo, gr\u00e3os de p\u00f3len) presentes na atmosfera. Difere do halo de22\u00b0 pela posi\u00e7\u00e3o e pelo fato de os halos resultarem da refra\u00e7\u00e3o da luz (figura 1).Trata-se de um caso de difra\u00e7\u00e3o por um obst\u00e1culo circular, que de acordo com o princ\u00edpio de Babinet possui o mesmo padr\u00e3o de m\u00e1ximos e m\u00ednimos que a difra\u00e7\u00e3o por uma abertura circular.<\/p>\n<p><a href=\"https:\/\/wp.ufpel.edu.br\/petmeteorologia\/files\/2014\/04\/Sem-t\u00edtulo.jpg\"><img loading=\"lazy\" decoding=\"async\" class=\"size-medium wp-image-339 aligncenter\" src=\"https:\/\/wp.ufpel.edu.br\/petmeteorologia\/files\/2014\/04\/Sem-t\u00edtulo-300x150.jpg\" alt=\"Sem t\u00edtulo\" width=\"300\" height=\"150\" srcset=\"https:\/\/wp.ufpel.edu.br\/petmeteorologia\/files\/2014\/04\/Sem-t\u00edtulo-300x150.jpg 300w, https:\/\/wp.ufpel.edu.br\/petmeteorologia\/files\/2014\/04\/Sem-t\u00edtulo.jpg 540w\" sizes=\"auto, (max-width: 300px) 100vw, 300px\" \/><\/a><\/p>\n<p>&nbsp;<\/p>\n<p align=\"center\">Figura 1 \u2013 Halos circulares de 22\u00b0 (\u00e0 esquerda)s\u00e3o maiores que as coronas (\u00e0 direita) e surgem em virtude da refra\u00e7\u00e3o da luz ao atravessar nuvens finas do tipo cirrus.<\/p>\n<p>&nbsp;<\/p>\n<p>&nbsp;<\/p>\n<p>O tamanho da abertura (ou do obst\u00e1culo) deve ser da ordem do comprimento de onda da luz; se for muito maior,a luz n\u00e3o sofrer\u00e1 uma curvatura significativa e consequentemente o efeito n\u00e3o ser\u00e1 observado.Na figura 2 pode-se ver o processo de difra\u00e7\u00e3o por uma gota. Nela \u00e9 poss\u00edvel visualizar o espalhamento da luz em dois pontos na superf\u00edcie da gota e a forma\u00e7\u00e3o de um m\u00e1ximocentral devido \u00e0 interfer\u00eancia construtiva entre as ondas.<\/p>\n<p>O padr\u00e3o de difra\u00e7\u00e3o \u00e9 resultado do espalhamento da luz ao longo de toda a gota e da pequena contribui\u00e7\u00e3o das luzes refletida e transmitida,as quais possuem menor intensidade. Em raz\u00e3o deste \u00faltimo fato, a constitui\u00e7\u00e3o da part\u00edcula \u00e9 praticamente irrelevante e a apar\u00eancia da corona \u00e9 fun\u00e7\u00e3o prim\u00e1ria do tamanho e formato da part\u00edcula.<\/p>\n<p><a href=\"https:\/\/wp.ufpel.edu.br\/petmeteorologia\/files\/2014\/04\/foto.jpg\"><img loading=\"lazy\" decoding=\"async\" class=\"size-medium wp-image-340 aligncenter\" src=\"https:\/\/wp.ufpel.edu.br\/petmeteorologia\/files\/2014\/04\/foto-300x231.jpg\" alt=\"foto\" width=\"300\" height=\"231\" srcset=\"https:\/\/wp.ufpel.edu.br\/petmeteorologia\/files\/2014\/04\/foto-300x231.jpg 300w, https:\/\/wp.ufpel.edu.br\/petmeteorologia\/files\/2014\/04\/foto.jpg 334w\" sizes=\"auto, (max-width: 300px) 100vw, 300px\" \/><\/a><\/p>\n<p>&nbsp;<\/p>\n<p align=\"center\">Figura 2 \u2013 Luz difratada por uma gota. Neste diagrama \u00e9 poss\u00edvel visualizar como dois pontos na superf\u00edcie de uma gota espalham a luz formando ondas esf\u00e9ricas que se sobrep\u00f5e e sofrem interfer\u00eancia.<\/p>\n<p>\u00a0 \u00a0O tamanho da corona de uma cor espec\u00edfica depende do seu comprimento de onda; cores com comprimento de onda maior possuem maiores coronas (figura 3). A combina\u00e7\u00e3o dos m\u00e1ximos centrais das diferentes coronas d\u00e1 origem ao c\u00edrculo branco no centro da figura. As cores dos tr\u00eas primeiros an\u00e9is ao redor do c\u00edrculo s\u00e3o sempre amarelo, laranja e vermelho devido ao fato de os seus m\u00e1ximos centrais serem maiores. Algumas vezes o m\u00e1ximo que se pode ver da figura de difra\u00e7\u00e3o s\u00e3o o m\u00e1ximo central e os tr\u00eas primeiros an\u00e9is.<\/p>\n<p><a href=\"https:\/\/wp.ufpel.edu.br\/petmeteorologia\/files\/2014\/04\/corona.jpg\"><img loading=\"lazy\" decoding=\"async\" class=\"size-medium wp-image-341 aligncenter\" src=\"https:\/\/wp.ufpel.edu.br\/petmeteorologia\/files\/2014\/04\/corona-300x144.jpg\" alt=\"corona\" width=\"300\" height=\"144\" srcset=\"https:\/\/wp.ufpel.edu.br\/petmeteorologia\/files\/2014\/04\/corona-300x144.jpg 300w, https:\/\/wp.ufpel.edu.br\/petmeteorologia\/files\/2014\/04\/corona.jpg 541w\" sizes=\"auto, (max-width: 300px) 100vw, 300px\" \/><\/a><\/p>\n<p align=\"center\">Figura 3 \u2013 Compara\u00e7\u00e3o entre as coronas de uma \u00fanica cor e entre a imagem formada pela luz branca. Nota-se que a corona da luz vermelha (de maior comprimento de onda) \u00e9 muito maior que a da luz violeta.<\/p>\n<p>\u00a0 \u00a0A corona \u00e9 mais n\u00edtida quando as part\u00edculas possuem aproximadamente o mesmo tamanho, pois part\u00edculas de diferentes tamanhos originar\u00e3o diferentes coronas e oresultado final ser\u00e1 apenas uma mancha. Na figura 4 percebe-se que \u00e0 medida que o desvio padr\u00e3o (expresso em forma de porcentagem em rela\u00e7\u00e3o \u00e0 m\u00e9dia) aumenta, a nitidez da imagem diminui. O tamanho das part\u00edculas em si tamb\u00e9m importa: part\u00edculas menores formam coronas maiores,pois a curvatura das ondas \u00e9 mais acentuada (figura 5).<\/p>\n<p><a href=\"https:\/\/wp.ufpel.edu.br\/petmeteorologia\/files\/2014\/04\/dist4.jpg\"><img loading=\"lazy\" decoding=\"async\" class=\"size-full wp-image-342 aligncenter\" src=\"https:\/\/wp.ufpel.edu.br\/petmeteorologia\/files\/2014\/04\/dist4.jpg\" alt=\"dist4\" width=\"295\" height=\"289\" \/><\/a><\/p>\n<p align=\"center\">Figura4 \u2013 Simula\u00e7\u00e3o mostra o efeito da distribui\u00e7\u00e3o de tamanhos das gotas d\u2019\u00e1gua na forma\u00e7\u00e3o da corona; para o di\u00e2metro das gotas foi utilizada a distribui\u00e7\u00e3o normal.<\/p>\n<p align=\"center\"><a href=\"https:\/\/wp.ufpel.edu.br\/petmeteorologia\/files\/2014\/04\/corsiz3.jpg\"><img loading=\"lazy\" decoding=\"async\" class=\"alignnone size-full wp-image-343\" src=\"https:\/\/wp.ufpel.edu.br\/petmeteorologia\/files\/2014\/04\/corsiz3.jpg\" alt=\"corsiz3\" width=\"295\" height=\"289\" \/><\/a><\/p>\n<p align=\"center\">Figura 5 \u2013 Simula\u00e7\u00e3o comparando o tamanho das coronas lunares formadas por gotas d\u2019\u00e1gua com 10, 20 e 40 \u00b5m de di\u00e2metro.<\/p>\n<p><i>Informa\u00e7\u00f5es e imagens obtidas no site <\/i><a href=\"http:\/\/www.atopics.co.uk\/\"><i>www.atopics.co.uk<\/i><\/a><i>, acessado no dia 13\/03\/2014.<\/i><\/p>\n","protected":false},"excerpt":{"rendered":"<p>Corona \u00e9 um fen\u00f4meno \u00f3tico causado pela difra\u00e7\u00e3o da luz solar ou lunar ao interagir com pequenas part\u00edculas (\u00e1gua, gelo, gr\u00e3os de p\u00f3len) presentes na atmosfera. Difere do halo de22\u00b0 pela posi\u00e7\u00e3o e pelo fato de os halos resultarem da refra\u00e7\u00e3o da luz (figura 1).Trata-se de um caso de difra\u00e7\u00e3o por um obst\u00e1culo circular, que &hellip; <a href=\"https:\/\/wp.ufpel.edu.br\/petmeteorologia\/espaco-didatico\/meteorologia-saiba-mais\/coronas\/\" class=\"more-link\">Continue lendo <span class=\"screen-reader-text\">CORONAS<\/span> <span class=\"meta-nav\">&rarr;<\/span><\/a><\/p>\n","protected":false},"author":186,"featured_media":0,"parent":383,"menu_order":0,"comment_status":"closed","ping_status":"closed","template":"","meta":{"footnotes":""},"class_list":["post-337","page","type-page","status-publish","hentry"],"_links":{"self":[{"href":"https:\/\/wp.ufpel.edu.br\/petmeteorologia\/wp-json\/wp\/v2\/pages\/337","targetHints":{"allow":["GET"]}}],"collection":[{"href":"https:\/\/wp.ufpel.edu.br\/petmeteorologia\/wp-json\/wp\/v2\/pages"}],"about":[{"href":"https:\/\/wp.ufpel.edu.br\/petmeteorologia\/wp-json\/wp\/v2\/types\/page"}],"author":[{"embeddable":true,"href":"https:\/\/wp.ufpel.edu.br\/petmeteorologia\/wp-json\/wp\/v2\/users\/186"}],"replies":[{"embeddable":true,"href":"https:\/\/wp.ufpel.edu.br\/petmeteorologia\/wp-json\/wp\/v2\/comments?post=337"}],"version-history":[{"count":2,"href":"https:\/\/wp.ufpel.edu.br\/petmeteorologia\/wp-json\/wp\/v2\/pages\/337\/revisions"}],"predecessor-version":[{"id":385,"href":"https:\/\/wp.ufpel.edu.br\/petmeteorologia\/wp-json\/wp\/v2\/pages\/337\/revisions\/385"}],"up":[{"embeddable":true,"href":"https:\/\/wp.ufpel.edu.br\/petmeteorologia\/wp-json\/wp\/v2\/pages\/383"}],"wp:attachment":[{"href":"https:\/\/wp.ufpel.edu.br\/petmeteorologia\/wp-json\/wp\/v2\/media?parent=337"}],"curies":[{"name":"wp","href":"https:\/\/api.w.org\/{rel}","templated":true}]}}