{"id":264,"date":"2013-12-02T09:46:59","date_gmt":"2013-12-02T11:46:59","guid":{"rendered":"https:\/\/wp.ufpel.edu.br\/petmeteorologia\/?page_id=264"},"modified":"2014-05-19T11:55:08","modified_gmt":"2014-05-19T14:55:08","slug":"eventos","status":"publish","type":"page","link":"https:\/\/wp.ufpel.edu.br\/petmeteorologia\/eventos\/","title":{"rendered":"EVENTOS"},"content":{"rendered":"<p>O grupo PET, atuante no meio acad\u00eamico, vem participando de eventos realizados n\u00e3o apenas pelo PET &#8211; Meteorologia, mas tamb\u00e9m dos grupos PET de outros cursos de toda UFPel.<\/p>\n<p>A uni\u00e3o dos grupos promove eventos em maior escala e atinge um n\u00famero maior de pessoas como \u00e9 o caso do PET A\u00e7\u00e3o e do Pet na Rua. Eventos fechados para os grupos tamb\u00e9m s\u00e3o realizados para promover a intera\u00e7\u00e3o dos grupos, como \u00e9 o caso do Olimpet tendo sua primeira edi\u00e7\u00e3o em 2013.<\/p>\n","protected":false},"excerpt":{"rendered":"<p>O grupo PET, atuante no meio acad\u00eamico, vem participando de eventos realizados n\u00e3o apenas pelo PET &#8211; Meteorologia, mas tamb\u00e9m dos grupos PET de outros cursos de toda UFPel. A uni\u00e3o dos grupos promove eventos em maior escala e atinge um n\u00famero maior de pessoas como \u00e9 o caso do PET A\u00e7\u00e3o e do Pet &hellip; <a href=\"https:\/\/wp.ufpel.edu.br\/petmeteorologia\/eventos\/\" class=\"more-link\">Continue lendo <span class=\"screen-reader-text\">EVENTOS<\/span> <span class=\"meta-nav\">&rarr;<\/span><\/a><\/p>\n","protected":false},"author":186,"featured_media":0,"parent":0,"menu_order":0,"comment_status":"closed","ping_status":"closed","template":"","meta":{"footnotes":""},"class_list":["post-264","page","type-page","status-publish","hentry"],"_links":{"self":[{"href":"https:\/\/wp.ufpel.edu.br\/petmeteorologia\/wp-json\/wp\/v2\/pages\/264","targetHints":{"allow":["GET"]}}],"collection":[{"href":"https:\/\/wp.ufpel.edu.br\/petmeteorologia\/wp-json\/wp\/v2\/pages"}],"about":[{"href":"https:\/\/wp.ufpel.edu.br\/petmeteorologia\/wp-json\/wp\/v2\/types\/page"}],"author":[{"embeddable":true,"href":"https:\/\/wp.ufpel.edu.br\/petmeteorologia\/wp-json\/wp\/v2\/users\/186"}],"replies":[{"embeddable":true,"href":"https:\/\/wp.ufpel.edu.br\/petmeteorologia\/wp-json\/wp\/v2\/comments?post=264"}],"version-history":[{"count":2,"href":"https:\/\/wp.ufpel.edu.br\/petmeteorologia\/wp-json\/wp\/v2\/pages\/264\/revisions"}],"predecessor-version":[{"id":411,"href":"https:\/\/wp.ufpel.edu.br\/petmeteorologia\/wp-json\/wp\/v2\/pages\/264\/revisions\/411"}],"wp:attachment":[{"href":"https:\/\/wp.ufpel.edu.br\/petmeteorologia\/wp-json\/wp\/v2\/media?parent=264"}],"curies":[{"name":"wp","href":"https:\/\/api.w.org\/{rel}","templated":true}]}}