{"id":22,"date":"2012-11-19T12:08:24","date_gmt":"2012-11-19T14:08:24","guid":{"rendered":"https:\/\/wp.ufpel.edu.br\/petmeteorologia\/?page_id=22"},"modified":"2024-02-16T20:54:12","modified_gmt":"2024-02-16T23:54:12","slug":"selecao-de-bolsistas","status":"publish","type":"page","link":"https:\/\/wp.ufpel.edu.br\/petmeteorologia\/noticias\/selecao-de-bolsistas\/","title":{"rendered":"SELE\u00c7\u00c3O"},"content":{"rendered":"<p style=\"text-align: justify;\">Normalmente a cada semestre temos a sele\u00e7\u00e3o para novos bolsistas do grupo PET-Meteorologia. O grupo pode possuir no m\u00e1ximo 12 <em>bolsistas<\/em>, com as exig\u00eancias do manual dos grupos PET.<\/p>\n","protected":false},"excerpt":{"rendered":"<p>Normalmente a cada semestre temos a sele\u00e7\u00e3o para novos bolsistas do grupo PET-Meteorologia. O grupo pode possuir no m\u00e1ximo 12 bolsistas, com as exig\u00eancias do manual dos grupos PET.<\/p>\n","protected":false},"author":186,"featured_media":0,"parent":126,"menu_order":0,"comment_status":"closed","ping_status":"closed","template":"","meta":{"footnotes":""},"class_list":["post-22","page","type-page","status-publish","hentry"],"_links":{"self":[{"href":"https:\/\/wp.ufpel.edu.br\/petmeteorologia\/wp-json\/wp\/v2\/pages\/22","targetHints":{"allow":["GET"]}}],"collection":[{"href":"https:\/\/wp.ufpel.edu.br\/petmeteorologia\/wp-json\/wp\/v2\/pages"}],"about":[{"href":"https:\/\/wp.ufpel.edu.br\/petmeteorologia\/wp-json\/wp\/v2\/types\/page"}],"author":[{"embeddable":true,"href":"https:\/\/wp.ufpel.edu.br\/petmeteorologia\/wp-json\/wp\/v2\/users\/186"}],"replies":[{"embeddable":true,"href":"https:\/\/wp.ufpel.edu.br\/petmeteorologia\/wp-json\/wp\/v2\/comments?post=22"}],"version-history":[{"count":19,"href":"https:\/\/wp.ufpel.edu.br\/petmeteorologia\/wp-json\/wp\/v2\/pages\/22\/revisions"}],"predecessor-version":[{"id":1051,"href":"https:\/\/wp.ufpel.edu.br\/petmeteorologia\/wp-json\/wp\/v2\/pages\/22\/revisions\/1051"}],"up":[{"embeddable":true,"href":"https:\/\/wp.ufpel.edu.br\/petmeteorologia\/wp-json\/wp\/v2\/pages\/126"}],"wp:attachment":[{"href":"https:\/\/wp.ufpel.edu.br\/petmeteorologia\/wp-json\/wp\/v2\/media?parent=22"}],"curies":[{"name":"wp","href":"https:\/\/api.w.org\/{rel}","templated":true}]}}