{"id":1335,"date":"2025-04-02T15:07:40","date_gmt":"2025-04-02T18:07:40","guid":{"rendered":"https:\/\/wp.ufpel.edu.br\/petmeteorologia\/?page_id=1335"},"modified":"2025-04-23T17:24:44","modified_gmt":"2025-04-23T20:24:44","slug":"mec","status":"publish","type":"page","link":"https:\/\/wp.ufpel.edu.br\/petmeteorologia\/mec\/","title":{"rendered":"MEC"},"content":{"rendered":"<p>O MEC providencia a disponibiliza\u00e7\u00e3o de or\u00e7amento para o Programa de Educa\u00e7\u00e3o Tutorial (PET), refor\u00e7ando o compromisso com a forma\u00e7\u00e3o acad\u00eamica de qualidade e o fortalecimento das atividades de ensino, pesquisa e extens\u00e3o nas universidades.<\/p>\n","protected":false},"excerpt":{"rendered":"<p>O MEC providencia a disponibiliza\u00e7\u00e3o de or\u00e7amento para o Programa de Educa\u00e7\u00e3o Tutorial (PET), refor\u00e7ando o compromisso com a forma\u00e7\u00e3o acad\u00eamica de qualidade e o fortalecimento das atividades de ensino, pesquisa e extens\u00e3o nas universidades.<\/p>\n","protected":false},"author":186,"featured_media":0,"parent":0,"menu_order":0,"comment_status":"closed","ping_status":"closed","template":"","meta":{"footnotes":""},"class_list":["post-1335","page","type-page","status-publish","hentry"],"_links":{"self":[{"href":"https:\/\/wp.ufpel.edu.br\/petmeteorologia\/wp-json\/wp\/v2\/pages\/1335","targetHints":{"allow":["GET"]}}],"collection":[{"href":"https:\/\/wp.ufpel.edu.br\/petmeteorologia\/wp-json\/wp\/v2\/pages"}],"about":[{"href":"https:\/\/wp.ufpel.edu.br\/petmeteorologia\/wp-json\/wp\/v2\/types\/page"}],"author":[{"embeddable":true,"href":"https:\/\/wp.ufpel.edu.br\/petmeteorologia\/wp-json\/wp\/v2\/users\/186"}],"replies":[{"embeddable":true,"href":"https:\/\/wp.ufpel.edu.br\/petmeteorologia\/wp-json\/wp\/v2\/comments?post=1335"}],"version-history":[{"count":4,"href":"https:\/\/wp.ufpel.edu.br\/petmeteorologia\/wp-json\/wp\/v2\/pages\/1335\/revisions"}],"predecessor-version":[{"id":1439,"href":"https:\/\/wp.ufpel.edu.br\/petmeteorologia\/wp-json\/wp\/v2\/pages\/1335\/revisions\/1439"}],"wp:attachment":[{"href":"https:\/\/wp.ufpel.edu.br\/petmeteorologia\/wp-json\/wp\/v2\/media?parent=1335"}],"curies":[{"name":"wp","href":"https:\/\/api.w.org\/{rel}","templated":true}]}}