{"id":1247,"date":"2025-02-03T20:17:54","date_gmt":"2025-02-03T23:17:54","guid":{"rendered":"https:\/\/wp.ufpel.edu.br\/petmeteorologia\/?page_id=1247"},"modified":"2025-02-04T16:33:05","modified_gmt":"2025-02-04T19:33:05","slug":"jornal-do-pet","status":"publish","type":"page","link":"https:\/\/wp.ufpel.edu.br\/petmeteorologia\/jornal-do-pet\/","title":{"rendered":"JORNAL DO PET EDI\u00c7\u00c3O FINAL"},"content":{"rendered":"<div class=\"gs\">\n<div class=\"\">\n<div id=\":ok\" class=\"ii gt\">\n<div id=\":oj\" class=\"a3s aiL \">\n<div dir=\"auto\" style=\"text-align: justify;\">O jornal do PET \u00e9 uma atividade realizada pelos alunos para informar os principais eventos que aconteceram na Faculdade durante o m\u00eas. Al\u00e9m disso o jornal tamb\u00e9m informa os leitores datas importantes como de eventos, semin\u00e1rios e congressos. Clique e confira!<\/div>\n<div dir=\"auto\"><a href=\"https:\/\/jornaldopet.my.canva.site\/\">https:\/\/jornaldopet.my.canva.site\/<\/a><\/div>\n<div dir=\"auto\">&#8212;&#8212;&#8212;&#8212;&#8212;&#8212;&#8212;&#8212;&#8212;&#8212;&#8212;&#8212;&#8212;&#8212;&#8212;&#8212;&#8212;&#8212;&#8212;&#8212;&#8212;&#8212;&#8212;&#8212;&#8212;&#8212;&#8212;&#8212;&#8212;&#8212;&#8212;&#8212;-<\/div>\n<\/div>\n<div dir=\"auto\"><a href=\"https:\/\/wp.ufpel.edu.br\/petmeteorologia\/files\/2025\/02\/1_20250203_201325_0000.png\"><img loading=\"lazy\" decoding=\"async\" class=\"alignnone wp-image-1249\" src=\"https:\/\/wp.ufpel.edu.br\/petmeteorologia\/files\/2025\/02\/1_20250203_201325_0000-218x318.png\" alt=\"\" width=\"524\" height=\"764\" srcset=\"https:\/\/wp.ufpel.edu.br\/petmeteorologia\/files\/2025\/02\/1_20250203_201325_0000-218x318.png 218w, https:\/\/wp.ufpel.edu.br\/petmeteorologia\/files\/2025\/02\/1_20250203_201325_0000-109x159.png 109w, https:\/\/wp.ufpel.edu.br\/petmeteorologia\/files\/2025\/02\/1_20250203_201325_0000.png 527w\" sizes=\"auto, (max-width: 524px) 100vw, 524px\" \/><\/a><\/div>\n<div id=\":oj\" class=\"a3s aiL \">\n<div dir=\"auto\"><\/div>\n<div dir=\"auto\">Se quiser baixar a edi\u00e7\u00e3o, clique no link abaixo:<\/div>\n<div dir=\"auto\"><a href=\"https:\/\/wp.ufpel.edu.br\/petmeteorologia\/files\/2025\/02\/jornal_edicao_final-1.pdf\">jornal_edicao_final (1)<\/a><\/div>\n<\/div>\n<\/div>\n<\/div>\n<\/div>\n<div class=\"gs\">\n<div class=\"\">\n<div id=\":ok\" class=\"ii gt\">\n<div id=\":oj\" class=\"a3s aiL \">\n<div class=\"yj6qo\"><\/div>\n<div class=\"adL\"><\/div>\n<\/div>\n<\/div>\n<div class=\"WhmR8e\" data-hash=\"0\"><\/div>\n<\/div>\n<\/div>\n","protected":false},"excerpt":{"rendered":"<p>O jornal do PET \u00e9 uma atividade realizada pelos alunos para informar os principais eventos que aconteceram na Faculdade durante o m\u00eas. Al\u00e9m disso o jornal tamb\u00e9m informa os leitores datas importantes como de eventos, semin\u00e1rios e congressos. Clique e confira! https:\/\/jornaldopet.my.canva.site\/ &#8212;&#8212;&#8212;&#8212;&#8212;&#8212;&#8212;&#8212;&#8212;&#8212;&#8212;&#8212;&#8212;&#8212;&#8212;&#8212;&#8212;&#8212;&#8212;&#8212;&#8212;&#8212;&#8212;&#8212;&#8212;&#8212;&#8212;&#8212;&#8212;&#8212;&#8212;&#8212;- Se quiser baixar a edi\u00e7\u00e3o, clique no link abaixo: jornal_edicao_final (1)<\/p>\n","protected":false},"author":186,"featured_media":0,"parent":0,"menu_order":0,"comment_status":"closed","ping_status":"closed","template":"","meta":{"footnotes":""},"class_list":["post-1247","page","type-page","status-publish","hentry"],"_links":{"self":[{"href":"https:\/\/wp.ufpel.edu.br\/petmeteorologia\/wp-json\/wp\/v2\/pages\/1247","targetHints":{"allow":["GET"]}}],"collection":[{"href":"https:\/\/wp.ufpel.edu.br\/petmeteorologia\/wp-json\/wp\/v2\/pages"}],"about":[{"href":"https:\/\/wp.ufpel.edu.br\/petmeteorologia\/wp-json\/wp\/v2\/types\/page"}],"author":[{"embeddable":true,"href":"https:\/\/wp.ufpel.edu.br\/petmeteorologia\/wp-json\/wp\/v2\/users\/186"}],"replies":[{"embeddable":true,"href":"https:\/\/wp.ufpel.edu.br\/petmeteorologia\/wp-json\/wp\/v2\/comments?post=1247"}],"version-history":[{"count":15,"href":"https:\/\/wp.ufpel.edu.br\/petmeteorologia\/wp-json\/wp\/v2\/pages\/1247\/revisions"}],"predecessor-version":[{"id":1282,"href":"https:\/\/wp.ufpel.edu.br\/petmeteorologia\/wp-json\/wp\/v2\/pages\/1247\/revisions\/1282"}],"wp:attachment":[{"href":"https:\/\/wp.ufpel.edu.br\/petmeteorologia\/wp-json\/wp\/v2\/media?parent=1247"}],"curies":[{"name":"wp","href":"https:\/\/api.w.org\/{rel}","templated":true}]}}