{"id":1229,"date":"2025-01-03T10:29:19","date_gmt":"2025-01-03T13:29:19","guid":{"rendered":"https:\/\/wp.ufpel.edu.br\/petmeteorologia\/?page_id=1229"},"modified":"2025-04-15T19:55:27","modified_gmt":"2025-04-15T22:55:27","slug":"gestao-e-integracao","status":"publish","type":"page","link":"https:\/\/wp.ufpel.edu.br\/petmeteorologia\/gestao-e-integracao\/","title":{"rendered":"GEST\u00c3O E INTEGRA\u00c7\u00c3O"},"content":{"rendered":"<p><a style=\"color: #ea9629; text-decoration-line: underline; outline: 0px; font-family: verdana, geneva, sans-serif; text-align: justify;\" href=\"https:\/\/wp.ufpel.edu.br\/petmeteorologia\/files\/2025\/04\/pet11112.jpg\"><img loading=\"lazy\" decoding=\"async\" class=\" wp-image-1417 aligncenter\" src=\"https:\/\/wp.ufpel.edu.br\/petmeteorologia\/files\/2025\/04\/pet11112-400x327.jpg\" alt=\"\" width=\"338\" height=\"276\" srcset=\"https:\/\/wp.ufpel.edu.br\/petmeteorologia\/files\/2025\/04\/pet11112-400x327.jpg 400w, https:\/\/wp.ufpel.edu.br\/petmeteorologia\/files\/2025\/04\/pet11112.jpg 736w\" sizes=\"auto, (max-width: 338px) 100vw, 338px\" \/><\/a><\/p>\n<p style=\"text-align: justify;\">Com o objetivo de desenvolver nos petianos a consci\u00eancia sobre a gest\u00e3o do tempo, a responsabilidade nas atividades do grupo, a administra\u00e7\u00e3o financeira do programa e a lideran\u00e7a, ser\u00e3o realizadas reuni\u00f5es internas semanais do PET-Meteorologia. Nessas reuni\u00f5es, ser\u00e3o discutidos temas relacionados \u00e0 organiza\u00e7\u00e3o, ao andamento e \u00e0 avalia\u00e7\u00e3o das atividades do grupo, al\u00e9m da tomada de decis\u00f5es quanto \u00e0 gest\u00e3o dos recursos dispon\u00edveis e \u00e0 realiza\u00e7\u00e3o de autoavalia\u00e7\u00f5es das compet\u00eancias dos integrantes, incluindo alunos e tutor. Esse momento busca estimular a proatividade e o trabalho em equipe, contribuindo para uma forma\u00e7\u00e3o mais completa e alinhada \u00e0s exig\u00eancias do mercado de trabalho.<\/p>\n","protected":false},"excerpt":{"rendered":"<p>Com o objetivo de desenvolver nos petianos a consci\u00eancia sobre a gest\u00e3o do tempo, a responsabilidade nas atividades do grupo, a administra\u00e7\u00e3o financeira do programa e a lideran\u00e7a, ser\u00e3o realizadas reuni\u00f5es internas semanais do PET-Meteorologia. Nessas reuni\u00f5es, ser\u00e3o discutidos temas relacionados \u00e0 organiza\u00e7\u00e3o, ao andamento e \u00e0 avalia\u00e7\u00e3o das atividades do grupo, al\u00e9m da tomada &hellip; <a href=\"https:\/\/wp.ufpel.edu.br\/petmeteorologia\/gestao-e-integracao\/\" class=\"more-link\">Continue lendo <span class=\"screen-reader-text\">GEST\u00c3O E INTEGRA\u00c7\u00c3O<\/span> <span class=\"meta-nav\">&rarr;<\/span><\/a><\/p>\n","protected":false},"author":186,"featured_media":0,"parent":0,"menu_order":0,"comment_status":"closed","ping_status":"closed","template":"","meta":{"footnotes":""},"class_list":["post-1229","page","type-page","status-publish","hentry"],"_links":{"self":[{"href":"https:\/\/wp.ufpel.edu.br\/petmeteorologia\/wp-json\/wp\/v2\/pages\/1229","targetHints":{"allow":["GET"]}}],"collection":[{"href":"https:\/\/wp.ufpel.edu.br\/petmeteorologia\/wp-json\/wp\/v2\/pages"}],"about":[{"href":"https:\/\/wp.ufpel.edu.br\/petmeteorologia\/wp-json\/wp\/v2\/types\/page"}],"author":[{"embeddable":true,"href":"https:\/\/wp.ufpel.edu.br\/petmeteorologia\/wp-json\/wp\/v2\/users\/186"}],"replies":[{"embeddable":true,"href":"https:\/\/wp.ufpel.edu.br\/petmeteorologia\/wp-json\/wp\/v2\/comments?post=1229"}],"version-history":[{"count":6,"href":"https:\/\/wp.ufpel.edu.br\/petmeteorologia\/wp-json\/wp\/v2\/pages\/1229\/revisions"}],"predecessor-version":[{"id":1421,"href":"https:\/\/wp.ufpel.edu.br\/petmeteorologia\/wp-json\/wp\/v2\/pages\/1229\/revisions\/1421"}],"wp:attachment":[{"href":"https:\/\/wp.ufpel.edu.br\/petmeteorologia\/wp-json\/wp\/v2\/media?parent=1229"}],"curies":[{"name":"wp","href":"https:\/\/api.w.org\/{rel}","templated":true}]}}