{"id":1220,"date":"2025-01-03T10:25:04","date_gmt":"2025-01-03T13:25:04","guid":{"rendered":"https:\/\/wp.ufpel.edu.br\/petmeteorologia\/?page_id=1220"},"modified":"2025-01-03T10:25:04","modified_gmt":"2025-01-03T13:25:04","slug":"pet-na-pesquisa","status":"publish","type":"page","link":"https:\/\/wp.ufpel.edu.br\/petmeteorologia\/pet-na-pesquisa\/","title":{"rendered":"PET NA PESQUISA"},"content":{"rendered":"<p style=\"text-align: justify;\">A meteorologia engloba uma grande gama de \u00e1reas cl\u00e1ssicas, assim como, \u00e1reas de aplica\u00e7\u00e3o, sendo elas, de suma import\u00e2ncia para o desenvolvimento do aluno que atua em projetos de pesquisa ao longo de sua forma\u00e7\u00e3o. Sendo assim, as diferentes pesquisas realizadas pelos petianos est\u00e3o vinculadas a \u00e1reas espec\u00edficas do interesse pessoal de cada um. Desta forma, cada aluno, \u00e9 orientado pelos professores da Faculdade de Meteorologia e colaboram em projetos que sejam de seu interesse. Como a carga hor\u00e1ria individual dos petianos normalmente atinge as 20 horas semanais, os alunos normalmente cumprem algumas horas extras, tamb\u00e9m, como membros das equipes dos projetos de seus orientadores. Desta maneira, o petiano consegue ao longo do curso, experimentar, conhecer e desenvolver trabalhos em diferentes \u00e1reas de atua\u00e7\u00e3o da meteorologia, desenvolvendo as \u00e1reas de tecnologia e inova\u00e7\u00e3o dentro do curso.<\/p>\n","protected":false},"excerpt":{"rendered":"<p>A meteorologia engloba uma grande gama de \u00e1reas cl\u00e1ssicas, assim como, \u00e1reas de aplica\u00e7\u00e3o, sendo elas, de suma import\u00e2ncia para o desenvolvimento do aluno que atua em projetos de pesquisa ao longo de sua forma\u00e7\u00e3o. Sendo assim, as diferentes pesquisas realizadas pelos petianos est\u00e3o vinculadas a \u00e1reas espec\u00edficas do interesse pessoal de cada um. Desta &hellip; <a href=\"https:\/\/wp.ufpel.edu.br\/petmeteorologia\/pet-na-pesquisa\/\" class=\"more-link\">Continue lendo <span class=\"screen-reader-text\">PET NA PESQUISA<\/span> <span class=\"meta-nav\">&rarr;<\/span><\/a><\/p>\n","protected":false},"author":186,"featured_media":0,"parent":0,"menu_order":0,"comment_status":"closed","ping_status":"closed","template":"","meta":{"footnotes":""},"class_list":["post-1220","page","type-page","status-publish","hentry"],"_links":{"self":[{"href":"https:\/\/wp.ufpel.edu.br\/petmeteorologia\/wp-json\/wp\/v2\/pages\/1220","targetHints":{"allow":["GET"]}}],"collection":[{"href":"https:\/\/wp.ufpel.edu.br\/petmeteorologia\/wp-json\/wp\/v2\/pages"}],"about":[{"href":"https:\/\/wp.ufpel.edu.br\/petmeteorologia\/wp-json\/wp\/v2\/types\/page"}],"author":[{"embeddable":true,"href":"https:\/\/wp.ufpel.edu.br\/petmeteorologia\/wp-json\/wp\/v2\/users\/186"}],"replies":[{"embeddable":true,"href":"https:\/\/wp.ufpel.edu.br\/petmeteorologia\/wp-json\/wp\/v2\/comments?post=1220"}],"version-history":[{"count":1,"href":"https:\/\/wp.ufpel.edu.br\/petmeteorologia\/wp-json\/wp\/v2\/pages\/1220\/revisions"}],"predecessor-version":[{"id":1222,"href":"https:\/\/wp.ufpel.edu.br\/petmeteorologia\/wp-json\/wp\/v2\/pages\/1220\/revisions\/1222"}],"wp:attachment":[{"href":"https:\/\/wp.ufpel.edu.br\/petmeteorologia\/wp-json\/wp\/v2\/media?parent=1220"}],"curies":[{"name":"wp","href":"https:\/\/api.w.org\/{rel}","templated":true}]}}