{"id":1214,"date":"2025-01-03T10:22:08","date_gmt":"2025-01-03T13:22:08","guid":{"rendered":"https:\/\/wp.ufpel.edu.br\/petmeteorologia\/?page_id=1214"},"modified":"2025-01-03T10:22:08","modified_gmt":"2025-01-03T13:22:08","slug":"pet-nas-escolas","status":"publish","type":"page","link":"https:\/\/wp.ufpel.edu.br\/petmeteorologia\/pet-nas-escolas\/","title":{"rendered":"PET NAS ESCOLAS"},"content":{"rendered":"<p style=\"text-align: justify;\">Pretende-se atrav\u00e9s da parceria com alunos e professores do ensino fundamental e m\u00e9dio desenvolver o monitoramento de algumas vari\u00e1veis meteorol\u00f3gicas, com equipamentos de baixo custo, instalados nas escolas. Assim pretende-se atrav\u00e9s da constru\u00e7\u00e3o de equipamentos de monitoramento de tempo e clima, a partir de material reciclado e\/ou baixo custo, auxiliar e desenvolver habilidades pr\u00e1ticas e de racioc\u00ednio l\u00f3gico dos alunos da educa\u00e7\u00e3o b\u00e1sica, visto que fen\u00f4menos meteorol\u00f3gicos influenciam nas diversas atividades humanas facilitando o interesse dos alunos nessa tem\u00e1tica.<\/p>\n","protected":false},"excerpt":{"rendered":"<p>Pretende-se atrav\u00e9s da parceria com alunos e professores do ensino fundamental e m\u00e9dio desenvolver o monitoramento de algumas vari\u00e1veis meteorol\u00f3gicas, com equipamentos de baixo custo, instalados nas escolas. Assim pretende-se atrav\u00e9s da constru\u00e7\u00e3o de equipamentos de monitoramento de tempo e clima, a partir de material reciclado e\/ou baixo custo, auxiliar e desenvolver habilidades pr\u00e1ticas e &hellip; <a href=\"https:\/\/wp.ufpel.edu.br\/petmeteorologia\/pet-nas-escolas\/\" class=\"more-link\">Continue lendo <span class=\"screen-reader-text\">PET NAS ESCOLAS<\/span> <span class=\"meta-nav\">&rarr;<\/span><\/a><\/p>\n","protected":false},"author":186,"featured_media":0,"parent":0,"menu_order":0,"comment_status":"closed","ping_status":"closed","template":"","meta":{"footnotes":""},"class_list":["post-1214","page","type-page","status-publish","hentry"],"_links":{"self":[{"href":"https:\/\/wp.ufpel.edu.br\/petmeteorologia\/wp-json\/wp\/v2\/pages\/1214","targetHints":{"allow":["GET"]}}],"collection":[{"href":"https:\/\/wp.ufpel.edu.br\/petmeteorologia\/wp-json\/wp\/v2\/pages"}],"about":[{"href":"https:\/\/wp.ufpel.edu.br\/petmeteorologia\/wp-json\/wp\/v2\/types\/page"}],"author":[{"embeddable":true,"href":"https:\/\/wp.ufpel.edu.br\/petmeteorologia\/wp-json\/wp\/v2\/users\/186"}],"replies":[{"embeddable":true,"href":"https:\/\/wp.ufpel.edu.br\/petmeteorologia\/wp-json\/wp\/v2\/comments?post=1214"}],"version-history":[{"count":1,"href":"https:\/\/wp.ufpel.edu.br\/petmeteorologia\/wp-json\/wp\/v2\/pages\/1214\/revisions"}],"predecessor-version":[{"id":1216,"href":"https:\/\/wp.ufpel.edu.br\/petmeteorologia\/wp-json\/wp\/v2\/pages\/1214\/revisions\/1216"}],"wp:attachment":[{"href":"https:\/\/wp.ufpel.edu.br\/petmeteorologia\/wp-json\/wp\/v2\/media?parent=1214"}],"curies":[{"name":"wp","href":"https:\/\/api.w.org\/{rel}","templated":true}]}}