{"id":1211,"date":"2025-01-03T10:21:09","date_gmt":"2025-01-03T13:21:09","guid":{"rendered":"https:\/\/wp.ufpel.edu.br\/petmeteorologia\/?page_id=1211"},"modified":"2025-01-03T10:21:09","modified_gmt":"2025-01-03T13:21:09","slug":"divulgacao-do-curso-de-meteorologia","status":"publish","type":"page","link":"https:\/\/wp.ufpel.edu.br\/petmeteorologia\/divulgacao-do-curso-de-meteorologia\/","title":{"rendered":"DIVULGA\u00c7\u00c3O DO CURSO DE METEOROLOGIA"},"content":{"rendered":"<p style=\"text-align: justify;\">Ao longo dos anos a comunidade meteorol\u00f3gica percebeu que, no geral, a sociedade n\u00e3o sabe bem o que faz um meteorologista e do que se trata um curso de meteorologia. Torna-se necess\u00e1rio, ent\u00e3o, uma atividade de divulga\u00e7\u00e3o do Curso de Meteorologia da UFPel, que al\u00e9m de mostrar estas quest\u00f5es para a sociedade em geral, pode apresentar uma bela op\u00e7\u00e3o de faculdade aos alunos do ensino m\u00e9dio. Al\u00e9m disso, boa parte dos alunos ingressantes na gradua\u00e7\u00e3o chegam sem conhecer realmente do que se trata o curso, o que tende a aumentar a evas\u00e3o discente. Desta forma, o PET pretende manter a tradi\u00e7\u00e3o de organizar ou participar deste tipo de atividade que visa n\u00e3o somente apresentar o curso, mas a ci\u00eancia atmosf\u00e9rica como um todo. Trata-se de uma grande experi\u00eancia de extens\u00e3o, pois ao contatar a sociedade &#8211; em especial os setores mais interessados &#8211; obt\u00e9m-se boa troca de ideias e consegue-se perceber onde a sociedade ainda n\u00e3o conhece o meio acad\u00eamico e cient\u00edfico.<\/p>\n","protected":false},"excerpt":{"rendered":"<p>Ao longo dos anos a comunidade meteorol\u00f3gica percebeu que, no geral, a sociedade n\u00e3o sabe bem o que faz um meteorologista e do que se trata um curso de meteorologia. Torna-se necess\u00e1rio, ent\u00e3o, uma atividade de divulga\u00e7\u00e3o do Curso de Meteorologia da UFPel, que al\u00e9m de mostrar estas quest\u00f5es para a sociedade em geral, pode &hellip; <a href=\"https:\/\/wp.ufpel.edu.br\/petmeteorologia\/divulgacao-do-curso-de-meteorologia\/\" class=\"more-link\">Continue lendo <span class=\"screen-reader-text\">DIVULGA\u00c7\u00c3O DO CURSO DE METEOROLOGIA<\/span> <span class=\"meta-nav\">&rarr;<\/span><\/a><\/p>\n","protected":false},"author":186,"featured_media":0,"parent":0,"menu_order":0,"comment_status":"closed","ping_status":"closed","template":"","meta":{"footnotes":""},"class_list":["post-1211","page","type-page","status-publish","hentry"],"_links":{"self":[{"href":"https:\/\/wp.ufpel.edu.br\/petmeteorologia\/wp-json\/wp\/v2\/pages\/1211","targetHints":{"allow":["GET"]}}],"collection":[{"href":"https:\/\/wp.ufpel.edu.br\/petmeteorologia\/wp-json\/wp\/v2\/pages"}],"about":[{"href":"https:\/\/wp.ufpel.edu.br\/petmeteorologia\/wp-json\/wp\/v2\/types\/page"}],"author":[{"embeddable":true,"href":"https:\/\/wp.ufpel.edu.br\/petmeteorologia\/wp-json\/wp\/v2\/users\/186"}],"replies":[{"embeddable":true,"href":"https:\/\/wp.ufpel.edu.br\/petmeteorologia\/wp-json\/wp\/v2\/comments?post=1211"}],"version-history":[{"count":1,"href":"https:\/\/wp.ufpel.edu.br\/petmeteorologia\/wp-json\/wp\/v2\/pages\/1211\/revisions"}],"predecessor-version":[{"id":1213,"href":"https:\/\/wp.ufpel.edu.br\/petmeteorologia\/wp-json\/wp\/v2\/pages\/1211\/revisions\/1213"}],"wp:attachment":[{"href":"https:\/\/wp.ufpel.edu.br\/petmeteorologia\/wp-json\/wp\/v2\/media?parent=1211"}],"curies":[{"name":"wp","href":"https:\/\/api.w.org\/{rel}","templated":true}]}}