{"id":1208,"date":"2025-01-03T10:18:09","date_gmt":"2025-01-03T13:18:09","guid":{"rendered":"https:\/\/wp.ufpel.edu.br\/petmeteorologia\/?page_id=1208"},"modified":"2025-01-03T10:18:09","modified_gmt":"2025-01-03T13:18:09","slug":"organizacao-de-eventos","status":"publish","type":"page","link":"https:\/\/wp.ufpel.edu.br\/petmeteorologia\/organizacao-de-eventos\/","title":{"rendered":"ORGANIZA\u00c7\u00c3O DE EVENTOS"},"content":{"rendered":"<p style=\"text-align: justify;\">A organiza\u00e7\u00e3o de eventos como Semana Acad\u00eamica do Curso de Meteorologia, Congressos Regionais da \u00e1rea de Meteorologia, assim como minicursos e rodas de palestras \u00e9 uma tradicional atividade de ensino do PET-Meteorologia de grande import\u00e2ncia para o desenvolvimento do aluno da gradua\u00e7\u00e3o, pois tais eventos s\u00e3o oportunidades que o estudante tem para transmitir e receber informa\u00e7\u00f5es da \u00e1rea, vindas de diferentes fontes fora da sala de aula. Esta atividade inclui n\u00e3o s\u00f3 a organiza\u00e7\u00e3o para a realiza\u00e7\u00e3o do evento na UFPEL mas tamb\u00e9m a constante atualiza\u00e7\u00e3o do grupo e demais interessados nos congressos, semin\u00e1rios, workshops, cursos e demais eventos que possam estar ocorrendo no Brasil e na regi\u00e3o sobre os assuntos voltados \u00e0 meteorologia e climatologia. Os petianos fazem pelas redes sociais a divulga\u00e7\u00e3o de todas as atividades que estar\u00e3o ocorrendo durante o ano.<\/p>\n","protected":false},"excerpt":{"rendered":"<p>A organiza\u00e7\u00e3o de eventos como Semana Acad\u00eamica do Curso de Meteorologia, Congressos Regionais da \u00e1rea de Meteorologia, assim como minicursos e rodas de palestras \u00e9 uma tradicional atividade de ensino do PET-Meteorologia de grande import\u00e2ncia para o desenvolvimento do aluno da gradua\u00e7\u00e3o, pois tais eventos s\u00e3o oportunidades que o estudante tem para transmitir e receber &hellip; <a href=\"https:\/\/wp.ufpel.edu.br\/petmeteorologia\/organizacao-de-eventos\/\" class=\"more-link\">Continue lendo <span class=\"screen-reader-text\">ORGANIZA\u00c7\u00c3O DE EVENTOS<\/span> <span class=\"meta-nav\">&rarr;<\/span><\/a><\/p>\n","protected":false},"author":186,"featured_media":0,"parent":0,"menu_order":0,"comment_status":"closed","ping_status":"closed","template":"","meta":{"footnotes":""},"class_list":["post-1208","page","type-page","status-publish","hentry"],"_links":{"self":[{"href":"https:\/\/wp.ufpel.edu.br\/petmeteorologia\/wp-json\/wp\/v2\/pages\/1208","targetHints":{"allow":["GET"]}}],"collection":[{"href":"https:\/\/wp.ufpel.edu.br\/petmeteorologia\/wp-json\/wp\/v2\/pages"}],"about":[{"href":"https:\/\/wp.ufpel.edu.br\/petmeteorologia\/wp-json\/wp\/v2\/types\/page"}],"author":[{"embeddable":true,"href":"https:\/\/wp.ufpel.edu.br\/petmeteorologia\/wp-json\/wp\/v2\/users\/186"}],"replies":[{"embeddable":true,"href":"https:\/\/wp.ufpel.edu.br\/petmeteorologia\/wp-json\/wp\/v2\/comments?post=1208"}],"version-history":[{"count":1,"href":"https:\/\/wp.ufpel.edu.br\/petmeteorologia\/wp-json\/wp\/v2\/pages\/1208\/revisions"}],"predecessor-version":[{"id":1210,"href":"https:\/\/wp.ufpel.edu.br\/petmeteorologia\/wp-json\/wp\/v2\/pages\/1208\/revisions\/1210"}],"wp:attachment":[{"href":"https:\/\/wp.ufpel.edu.br\/petmeteorologia\/wp-json\/wp\/v2\/media?parent=1208"}],"curies":[{"name":"wp","href":"https:\/\/api.w.org\/{rel}","templated":true}]}}