{"id":1156,"date":"2024-04-21T21:20:58","date_gmt":"2024-04-22T00:20:58","guid":{"rendered":"https:\/\/wp.ufpel.edu.br\/petmeteorologia\/?page_id=1156"},"modified":"2024-04-21T21:21:37","modified_gmt":"2024-04-22T00:21:37","slug":"docentes-o-curso","status":"publish","type":"page","link":"https:\/\/wp.ufpel.edu.br\/petmeteorologia\/docentes-o-curso\/","title":{"rendered":"DOCENTES O CURSO"},"content":{"rendered":"<table style=\"height: 207px; width: 100%; border-collapse: collapse; border-style: none;\" border=\"O\">\n<tbody>\n<tr style=\"border-style: none;\">\n<td style=\"width: 50%; height: 26px; border-style: none; text-align: center;\"><a href=\"http:\/\/lattes.cnpq.br\/1873505066686878\">Andr\u00e9 Becker Nunes<\/a><\/td>\n<td style=\"width: 50%; height: 26px; border-style: none; text-align: center;\"><a href=\"http:\/\/lattes.cnpq.br\/1621353966900001\">Leonardo Calvetti<\/a><\/td>\n<\/tr>\n<tr style=\"border-style: none;\">\n<td style=\"width: 50%; height: 26px; border-style: none; text-align: center;\"><a href=\"http:\/\/lattes.cnpq.br\/2433169532211167\">D\u00e9bora de Souza Sim\u00f5es<\/a><\/td>\n<td style=\"width: 50%; height: 26px; border-style: none; text-align: center;\"><a href=\"http:\/\/lattes.cnpq.br\/5805330536694551\">Leonardo Jos\u00e9 Gon\u00e7alves Aguiar<\/a><\/td>\n<\/tr>\n<tr style=\"border-style: none;\">\n<td style=\"width: 50%; height: 26px; border-style: none; text-align: center;\"><a href=\"http:\/\/lattes.cnpq.br\/8645575031445661\">Eliana Veleda Klering<\/a><\/td>\n<td style=\"width: 50%; height: 26px; border-style: none; text-align: center;\"><a href=\"http:\/\/lattes.cnpq.br\/5192318389798896\">Luciana Barros Pinto<\/a><\/td>\n<\/tr>\n<tr style=\"border-style: none;\">\n<td style=\"width: 50%; height: 26px; border-style: none; text-align: center;\"><a href=\"http:\/\/lattes.cnpq.br\/9865056179221557\">Fabr\u00edcio Pereira Harter<\/a><\/td>\n<td style=\"width: 50%; height: 26px; border-style: none; text-align: center;\"><a href=\"http:\/\/lattes.cnpq.br\/0480439997738726\">Marcelo F\u00e9lix Alonso<\/a><\/td>\n<\/tr>\n<tr style=\"border-style: none;\">\n<td style=\"width: 50%; height: 26px; border-style: none; text-align: center;\"><a href=\"http:\/\/lattes.cnpq.br\/3946867460041974\">Graciela Redies Fischer<\/a><\/td>\n<td style=\"width: 50%; height: 26px; border-style: none; text-align: center;\"><a href=\"http:\/\/lattes.cnpq.br\/0531249234182600\">Mateus da Silva Teixeira<\/a><\/td>\n<\/tr>\n<tr style=\"border-style: none;\">\n<td style=\"width: 50%; height: 25px; border-style: none; text-align: center;\"><a href=\"http:\/\/lattes.cnpq.br\/5374548879828020\">Humberto Conrado<\/a><\/td>\n<td style=\"width: 50%; height: 25px; border-style: none; text-align: center;\"><a href=\"http:\/\/lattes.cnpq.br\/5233966208853446\">Morgana Vaz da Silva<\/a><\/td>\n<\/tr>\n<tr style=\"border-style: none;\">\n<td style=\"width: 50%; height: 26px; border-style: none; text-align: center;\"><a href=\"http:\/\/lattes.cnpq.br\/4338284890563991\">Jonas da Costa Carvalho<\/a><\/td>\n<td style=\"width: 50%; height: 26px; border-style: none; text-align: center;\"><a href=\"http:\/\/lattes.cnpq.br\/2098305176727416\">Rose Ane Pereira de Freitas<\/a><\/td>\n<\/tr>\n<tr style=\"border-style: none;\">\n<td style=\"width: 50%; height: 26px; border-style: none; text-align: center;\"><a href=\"http:\/\/lattes.cnpq.br\/8470069076957589\">J\u00falio Renato Quevedo Marques<\/a><\/td>\n<td style=\"width: 50%; height: 26px; border-style: none; text-align: center;\"><a href=\"http:\/\/lattes.cnpq.br\/7603108636137647\">Vilson Dias de \u00c1vila<\/a><\/td>\n<\/tr>\n<\/tbody>\n<\/table>\n<p>&nbsp;<\/p>\n","protected":false},"excerpt":{"rendered":"<p>Andr\u00e9 Becker Nunes Leonardo Calvetti D\u00e9bora de Souza Sim\u00f5es Leonardo Jos\u00e9 Gon\u00e7alves Aguiar Eliana Veleda Klering Luciana Barros Pinto Fabr\u00edcio Pereira Harter Marcelo F\u00e9lix Alonso Graciela Redies Fischer Mateus da Silva Teixeira Humberto Conrado Morgana Vaz da Silva Jonas da Costa Carvalho Rose Ane Pereira de Freitas J\u00falio Renato Quevedo Marques Vilson Dias de \u00c1vila &hellip; <a href=\"https:\/\/wp.ufpel.edu.br\/petmeteorologia\/docentes-o-curso\/\" class=\"more-link\">Continue lendo <span class=\"screen-reader-text\">DOCENTES O CURSO<\/span> <span class=\"meta-nav\">&rarr;<\/span><\/a><\/p>\n","protected":false},"author":186,"featured_media":0,"parent":0,"menu_order":0,"comment_status":"closed","ping_status":"closed","template":"","meta":{"footnotes":""},"class_list":["post-1156","page","type-page","status-publish","hentry"],"_links":{"self":[{"href":"https:\/\/wp.ufpel.edu.br\/petmeteorologia\/wp-json\/wp\/v2\/pages\/1156","targetHints":{"allow":["GET"]}}],"collection":[{"href":"https:\/\/wp.ufpel.edu.br\/petmeteorologia\/wp-json\/wp\/v2\/pages"}],"about":[{"href":"https:\/\/wp.ufpel.edu.br\/petmeteorologia\/wp-json\/wp\/v2\/types\/page"}],"author":[{"embeddable":true,"href":"https:\/\/wp.ufpel.edu.br\/petmeteorologia\/wp-json\/wp\/v2\/users\/186"}],"replies":[{"embeddable":true,"href":"https:\/\/wp.ufpel.edu.br\/petmeteorologia\/wp-json\/wp\/v2\/comments?post=1156"}],"version-history":[{"count":2,"href":"https:\/\/wp.ufpel.edu.br\/petmeteorologia\/wp-json\/wp\/v2\/pages\/1156\/revisions"}],"predecessor-version":[{"id":1159,"href":"https:\/\/wp.ufpel.edu.br\/petmeteorologia\/wp-json\/wp\/v2\/pages\/1156\/revisions\/1159"}],"wp:attachment":[{"href":"https:\/\/wp.ufpel.edu.br\/petmeteorologia\/wp-json\/wp\/v2\/media?parent=1156"}],"curies":[{"name":"wp","href":"https:\/\/api.w.org\/{rel}","templated":true}]}}