{"id":11,"date":"2012-05-31T18:03:19","date_gmt":"2012-05-31T21:03:19","guid":{"rendered":"https:\/\/wp.ufpel.edu.br\/petmeteorologia\/?page_id=11"},"modified":"2024-02-16T20:23:23","modified_gmt":"2024-02-16T23:23:23","slug":"bolsistas","status":"publish","type":"page","link":"https:\/\/wp.ufpel.edu.br\/petmeteorologia\/bolsistas\/","title":{"rendered":"MEMBROS"},"content":{"rendered":"<p style=\"text-align: justify;\">Aqui voc\u00ea encontra informa\u00e7\u00f5es dos atuais <a href=\"https:\/\/wp.ufpel.edu.br\/petmeteorologia\/bolsistas\/bolsistas-em-atividade\/\">membros<\/a> do grupo PET Meteorologia, al\u00e9m das edi\u00e7\u00f5es anteriores da <a href=\"https:\/\/wp.ufpel.edu.br\/petmeteorologia\/noticias\/selecao-de-bolsistas\/\">sele\u00e7\u00e3o<\/a> para o PET.<\/p>\n","protected":false},"excerpt":{"rendered":"<p>Aqui voc\u00ea encontra informa\u00e7\u00f5es dos atuais membros do grupo PET Meteorologia, al\u00e9m das edi\u00e7\u00f5es anteriores da sele\u00e7\u00e3o para o PET.<\/p>\n","protected":false},"author":186,"featured_media":0,"parent":0,"menu_order":0,"comment_status":"closed","ping_status":"closed","template":"","meta":{"footnotes":""},"class_list":["post-11","page","type-page","status-publish","hentry"],"_links":{"self":[{"href":"https:\/\/wp.ufpel.edu.br\/petmeteorologia\/wp-json\/wp\/v2\/pages\/11","targetHints":{"allow":["GET"]}}],"collection":[{"href":"https:\/\/wp.ufpel.edu.br\/petmeteorologia\/wp-json\/wp\/v2\/pages"}],"about":[{"href":"https:\/\/wp.ufpel.edu.br\/petmeteorologia\/wp-json\/wp\/v2\/types\/page"}],"author":[{"embeddable":true,"href":"https:\/\/wp.ufpel.edu.br\/petmeteorologia\/wp-json\/wp\/v2\/users\/186"}],"replies":[{"embeddable":true,"href":"https:\/\/wp.ufpel.edu.br\/petmeteorologia\/wp-json\/wp\/v2\/comments?post=11"}],"version-history":[{"count":22,"href":"https:\/\/wp.ufpel.edu.br\/petmeteorologia\/wp-json\/wp\/v2\/pages\/11\/revisions"}],"predecessor-version":[{"id":1022,"href":"https:\/\/wp.ufpel.edu.br\/petmeteorologia\/wp-json\/wp\/v2\/pages\/11\/revisions\/1022"}],"wp:attachment":[{"href":"https:\/\/wp.ufpel.edu.br\/petmeteorologia\/wp-json\/wp\/v2\/media?parent=11"}],"curies":[{"name":"wp","href":"https:\/\/api.w.org\/{rel}","templated":true}]}}