{"id":1046,"date":"2024-02-16T20:50:22","date_gmt":"2024-02-16T23:50:22","guid":{"rendered":"https:\/\/wp.ufpel.edu.br\/petmeteorologia\/?page_id=1046"},"modified":"2024-04-21T20:05:32","modified_gmt":"2024-04-21T23:05:32","slug":"manual-do-pet","status":"publish","type":"page","link":"https:\/\/wp.ufpel.edu.br\/petmeteorologia\/manual-do-pet\/","title":{"rendered":"MANUAL DO PET"},"content":{"rendered":"<p style=\"text-align: justify;\">Confira abaixo o Manual de Orienta\u00e7\u00f5es B\u00e1sicas do PET Meteorologia da Faculdade de Meteorologia da UFPel.\u00a0 Nele voc\u00ea encontrar\u00e1 informes importantes do PET, assim como requisitos imprescind\u00edveis\u00a0de ingresso e as obriga\u00e7\u00f5es dos membros do programa.<\/p>\n<p><a href=\"https:\/\/d196df88-a976-42a4-89f3-61abfed2c72f.filesusr.com\/ugd\/65b859_98e9b65984d046269948a066f69531a0.pdf\">Manual B\u00e1sico do PET Meteorologia<\/a><\/p>\n","protected":false},"excerpt":{"rendered":"<p>Confira abaixo o Manual de Orienta\u00e7\u00f5es B\u00e1sicas do PET Meteorologia da Faculdade de Meteorologia da UFPel.\u00a0 Nele voc\u00ea encontrar\u00e1 informes importantes do PET, assim como requisitos imprescind\u00edveis\u00a0de ingresso e as obriga\u00e7\u00f5es dos membros do programa. Manual B\u00e1sico do PET Meteorologia<\/p>\n","protected":false},"author":186,"featured_media":0,"parent":0,"menu_order":0,"comment_status":"closed","ping_status":"closed","template":"","meta":{"footnotes":""},"class_list":["post-1046","page","type-page","status-publish","hentry"],"_links":{"self":[{"href":"https:\/\/wp.ufpel.edu.br\/petmeteorologia\/wp-json\/wp\/v2\/pages\/1046","targetHints":{"allow":["GET"]}}],"collection":[{"href":"https:\/\/wp.ufpel.edu.br\/petmeteorologia\/wp-json\/wp\/v2\/pages"}],"about":[{"href":"https:\/\/wp.ufpel.edu.br\/petmeteorologia\/wp-json\/wp\/v2\/types\/page"}],"author":[{"embeddable":true,"href":"https:\/\/wp.ufpel.edu.br\/petmeteorologia\/wp-json\/wp\/v2\/users\/186"}],"replies":[{"embeddable":true,"href":"https:\/\/wp.ufpel.edu.br\/petmeteorologia\/wp-json\/wp\/v2\/comments?post=1046"}],"version-history":[{"count":4,"href":"https:\/\/wp.ufpel.edu.br\/petmeteorologia\/wp-json\/wp\/v2\/pages\/1046\/revisions"}],"predecessor-version":[{"id":1119,"href":"https:\/\/wp.ufpel.edu.br\/petmeteorologia\/wp-json\/wp\/v2\/pages\/1046\/revisions\/1119"}],"wp:attachment":[{"href":"https:\/\/wp.ufpel.edu.br\/petmeteorologia\/wp-json\/wp\/v2\/media?parent=1046"}],"curies":[{"name":"wp","href":"https:\/\/api.w.org\/{rel}","templated":true}]}}