{"id":60,"date":"2014-08-01T10:34:08","date_gmt":"2014-08-01T13:34:08","guid":{"rendered":"https:\/\/wp.ufpel.edu.br\/pethidrica\/?page_id=60"},"modified":"2026-03-18T12:59:38","modified_gmt":"2026-03-18T15:59:38","slug":"o-grupo","status":"publish","type":"page","link":"https:\/\/wp.ufpel.edu.br\/pethidrica\/o-grupo\/","title":{"rendered":"O Grupo"},"content":{"rendered":"<p><span style=\"font-size: 14pt;\"><a href=\"https:\/\/wp.ufpel.edu.br\/pethidrica\/o-grupo\/historico\/\">\u00a0&#8211; Hist\u00f3rico<\/a><\/span><\/p>\n<p>&nbsp;<\/p>\n<p><span style=\"font-size: 14pt;\"><a href=\"https:\/\/wp.ufpel.edu.br\/pethidrica\/o-grupo\/integrantes-atuais\/\">\u00a0&#8211; Integrantes Atuais<\/a><\/span><\/p>\n<p>&nbsp;<\/p>\n<p><span style=\"font-size: 14pt;\"><a href=\"https:\/\/wp.ufpel.edu.br\/pethidrica\/o-grupo\/ex-integrantes\/\">\u00a0&#8211; Ex-Integrantes<\/a><\/span><\/p>\n<p>&nbsp;<\/p>\n<p><span style=\"font-size: 14pt;\"><a href=\"https:\/\/wp.ufpel.edu.br\/pethidrica\/o-grupo\/manual-do-pet\/\">\u00a0&#8211; Manual do PET<\/a><\/span><\/p>\n<p>&#8211; <a href=\"https:\/\/wp.ufpel.edu.br\/pethidrica\/files\/2026\/03\/Manual-de-orientacoes-basicas-MOB-PET.pdf\">Manual de orienta\u00e7\u00f5es b\u00e1sicas MOB PET<\/a><\/p>\n","protected":false},"excerpt":{"rendered":"<p>\u00a0&#8211; Hist\u00f3rico &nbsp; \u00a0&#8211; Integrantes Atuais &nbsp; \u00a0&#8211; Ex-Integrantes &nbsp; \u00a0&#8211; Manual do PET &#8211; Manual de orienta\u00e7\u00f5es b\u00e1sicas MOB PET<\/p>\n","protected":false},"author":405,"featured_media":0,"parent":0,"menu_order":0,"comment_status":"closed","ping_status":"closed","template":"","meta":{"footnotes":""},"class_list":["post-60","page","type-page","status-publish","hentry","post"],"_links":{"self":[{"href":"https:\/\/wp.ufpel.edu.br\/pethidrica\/wp-json\/wp\/v2\/pages\/60","targetHints":{"allow":["GET"]}}],"collection":[{"href":"https:\/\/wp.ufpel.edu.br\/pethidrica\/wp-json\/wp\/v2\/pages"}],"about":[{"href":"https:\/\/wp.ufpel.edu.br\/pethidrica\/wp-json\/wp\/v2\/types\/page"}],"author":[{"embeddable":true,"href":"https:\/\/wp.ufpel.edu.br\/pethidrica\/wp-json\/wp\/v2\/users\/405"}],"replies":[{"embeddable":true,"href":"https:\/\/wp.ufpel.edu.br\/pethidrica\/wp-json\/wp\/v2\/comments?post=60"}],"version-history":[{"count":4,"href":"https:\/\/wp.ufpel.edu.br\/pethidrica\/wp-json\/wp\/v2\/pages\/60\/revisions"}],"predecessor-version":[{"id":2001,"href":"https:\/\/wp.ufpel.edu.br\/pethidrica\/wp-json\/wp\/v2\/pages\/60\/revisions\/2001"}],"wp:attachment":[{"href":"https:\/\/wp.ufpel.edu.br\/pethidrica\/wp-json\/wp\/v2\/media?parent=60"}],"curies":[{"name":"wp","href":"https:\/\/api.w.org\/{rel}","templated":true}]}}