{"id":53,"date":"2014-08-01T10:32:21","date_gmt":"2014-08-01T13:32:21","guid":{"rendered":"https:\/\/wp.ufpel.edu.br\/pethidrica\/?page_id=53"},"modified":"2019-01-11T22:11:18","modified_gmt":"2019-01-12T00:11:18","slug":"pet-casas-lares","status":"publish","type":"page","link":"https:\/\/wp.ufpel.edu.br\/pethidrica\/atividades\/pet-casas-lares\/","title":{"rendered":"PET Casa Lar"},"content":{"rendered":"<p style=\"text-align: justify\">\u00a0 \u00a0 \u00a0O PET Casa Lar \u00e9 um programa desenvolvido pelo Grupo PET Engenharia H\u00eddrica, onde os integrantes do grupo organizam atividades para interagirem com os moradores do abrigo visitado e assim tentar tir\u00e1-las do seu cotidiano e interagirem com a sociedade, al\u00e9m de proporcionar tamb\u00e9m aos organizadores das atividades a oportunidade de ter um contato com situa\u00e7\u00f5es fora do seu dia a dia. O projeto foi exclusivamente idealizado para trabalhar com as crian\u00e7as desses abrigos, uma vez que essas foram retiradas de suas fam\u00edlias pela justi\u00e7a devido a maus tratos ou por seus familiares respons\u00e1veis estarem presos.<\/p>\n<p><a href=\"https:\/\/wp.ufpel.edu.br\/pethidrica\/files\/2014\/08\/casas-lares.jpg\"><img loading=\"lazy\" decoding=\"async\" class=\"size-medium wp-image-160 aligncenter\" src=\"https:\/\/wp.ufpel.edu.br\/pethidrica\/files\/2014\/08\/casas-lares-424x318.jpg\" alt=\"casas lares\" width=\"424\" height=\"318\" srcset=\"https:\/\/wp.ufpel.edu.br\/pethidrica\/files\/2014\/08\/casas-lares-424x318.jpg 424w, https:\/\/wp.ufpel.edu.br\/pethidrica\/files\/2014\/08\/casas-lares-212x159.jpg 212w, https:\/\/wp.ufpel.edu.br\/pethidrica\/files\/2014\/08\/casas-lares.jpg 960w\" sizes=\"auto, (max-width: 424px) 100vw, 424px\" \/><\/a><\/p>\n","protected":false},"excerpt":{"rendered":"<p>\u00a0 \u00a0 \u00a0O PET Casa Lar \u00e9 um programa desenvolvido pelo Grupo PET Engenharia H\u00eddrica, onde os integrantes do grupo organizam atividades para interagirem com os moradores do abrigo visitado e assim tentar tir\u00e1-las do seu cotidiano e interagirem com a sociedade, al\u00e9m de proporcionar tamb\u00e9m aos organizadores das atividades a oportunidade de ter um [&hellip;]<\/p>\n","protected":false},"author":405,"featured_media":0,"parent":18,"menu_order":0,"comment_status":"closed","ping_status":"closed","template":"","meta":{"footnotes":""},"class_list":["post-53","page","type-page","status-publish","hentry","post"],"_links":{"self":[{"href":"https:\/\/wp.ufpel.edu.br\/pethidrica\/wp-json\/wp\/v2\/pages\/53","targetHints":{"allow":["GET"]}}],"collection":[{"href":"https:\/\/wp.ufpel.edu.br\/pethidrica\/wp-json\/wp\/v2\/pages"}],"about":[{"href":"https:\/\/wp.ufpel.edu.br\/pethidrica\/wp-json\/wp\/v2\/types\/page"}],"author":[{"embeddable":true,"href":"https:\/\/wp.ufpel.edu.br\/pethidrica\/wp-json\/wp\/v2\/users\/405"}],"replies":[{"embeddable":true,"href":"https:\/\/wp.ufpel.edu.br\/pethidrica\/wp-json\/wp\/v2\/comments?post=53"}],"version-history":[{"count":5,"href":"https:\/\/wp.ufpel.edu.br\/pethidrica\/wp-json\/wp\/v2\/pages\/53\/revisions"}],"predecessor-version":[{"id":920,"href":"https:\/\/wp.ufpel.edu.br\/pethidrica\/wp-json\/wp\/v2\/pages\/53\/revisions\/920"}],"up":[{"embeddable":true,"href":"https:\/\/wp.ufpel.edu.br\/pethidrica\/wp-json\/wp\/v2\/pages\/18"}],"wp:attachment":[{"href":"https:\/\/wp.ufpel.edu.br\/pethidrica\/wp-json\/wp\/v2\/media?parent=53"}],"curies":[{"name":"wp","href":"https:\/\/api.w.org\/{rel}","templated":true}]}}