{"id":50,"date":"2014-08-01T10:29:25","date_gmt":"2014-08-01T13:29:25","guid":{"rendered":"https:\/\/wp.ufpel.edu.br\/pethidrica\/?page_id=50"},"modified":"2019-01-11T22:07:53","modified_gmt":"2019-01-12T00:07:53","slug":"hidrica-de-portas-abertas","status":"publish","type":"page","link":"https:\/\/wp.ufpel.edu.br\/pethidrica\/atividades\/hidrica-de-portas-abertas\/","title":{"rendered":"H\u00eddrica de Portas Abertas"},"content":{"rendered":"<p style=\"text-align: justify\">\u00a0 \u00a0 \u00a0Trata-se de uma a\u00e7\u00e3o de integra\u00e7\u00e3o entre os petianos, professores, funcion\u00e1rios e bolsistas da Engenharia H\u00eddrica com os respectivos c\u00edrculos de conviv\u00eancia; podem ser convidados tamb\u00e9m alunos de ensino fundamental ou m\u00e9dio. No dia da a\u00e7\u00e3o todos os participantes ser\u00e3o convidados a vivenciar um dia (ou um turno) de atividades dentro da universidade, especialmente nas depend\u00eancias do curso de Engenharia H\u00eddrica, conhecendo os laborat\u00f3rios, as a\u00e7\u00f5es de ensino, pesquisa e extens\u00e3o e as demais a\u00e7\u00f5es desenvolvidas pelo curso de gradua\u00e7\u00e3o em Engenharia H\u00eddrica e de p\u00f3s-gradua\u00e7\u00e3o em Recursos H\u00eddricos.<\/p>\n","protected":false},"excerpt":{"rendered":"<p>\u00a0 \u00a0 \u00a0Trata-se de uma a\u00e7\u00e3o de integra\u00e7\u00e3o entre os petianos, professores, funcion\u00e1rios e bolsistas da Engenharia H\u00eddrica com os respectivos c\u00edrculos de conviv\u00eancia; podem ser convidados tamb\u00e9m alunos de ensino fundamental ou m\u00e9dio. No dia da a\u00e7\u00e3o todos os participantes ser\u00e3o convidados a vivenciar um dia (ou um turno) de atividades dentro da universidade, [&hellip;]<\/p>\n","protected":false},"author":405,"featured_media":0,"parent":18,"menu_order":0,"comment_status":"closed","ping_status":"closed","template":"","meta":{"footnotes":""},"class_list":["post-50","page","type-page","status-publish","hentry","post"],"_links":{"self":[{"href":"https:\/\/wp.ufpel.edu.br\/pethidrica\/wp-json\/wp\/v2\/pages\/50","targetHints":{"allow":["GET"]}}],"collection":[{"href":"https:\/\/wp.ufpel.edu.br\/pethidrica\/wp-json\/wp\/v2\/pages"}],"about":[{"href":"https:\/\/wp.ufpel.edu.br\/pethidrica\/wp-json\/wp\/v2\/types\/page"}],"author":[{"embeddable":true,"href":"https:\/\/wp.ufpel.edu.br\/pethidrica\/wp-json\/wp\/v2\/users\/405"}],"replies":[{"embeddable":true,"href":"https:\/\/wp.ufpel.edu.br\/pethidrica\/wp-json\/wp\/v2\/comments?post=50"}],"version-history":[{"count":4,"href":"https:\/\/wp.ufpel.edu.br\/pethidrica\/wp-json\/wp\/v2\/pages\/50\/revisions"}],"predecessor-version":[{"id":913,"href":"https:\/\/wp.ufpel.edu.br\/pethidrica\/wp-json\/wp\/v2\/pages\/50\/revisions\/913"}],"up":[{"embeddable":true,"href":"https:\/\/wp.ufpel.edu.br\/pethidrica\/wp-json\/wp\/v2\/pages\/18"}],"wp:attachment":[{"href":"https:\/\/wp.ufpel.edu.br\/pethidrica\/wp-json\/wp\/v2\/media?parent=50"}],"curies":[{"name":"wp","href":"https:\/\/api.w.org\/{rel}","templated":true}]}}