{"id":47,"date":"2014-08-01T10:28:35","date_gmt":"2014-08-01T13:28:35","guid":{"rendered":"https:\/\/wp.ufpel.edu.br\/pethidrica\/?page_id=47"},"modified":"2019-01-11T22:15:11","modified_gmt":"2019-01-12T00:15:11","slug":"pet-no-bairro","status":"publish","type":"page","link":"https:\/\/wp.ufpel.edu.br\/pethidrica\/atividades\/pet-no-bairro\/","title":{"rendered":"Viagem de Estudos"},"content":{"rendered":"<p style=\"text-align: justify\">\u00a0 \u00a0 \u00a0A Viagem de Estudos \u00e9 uma atividade que permite o interc\u00e2mbio de ideias entre o mundo acad\u00eamico e o<br \/>\nprofissional. Ela proporciona aos alunos do curso de Engenharia H\u00eddrica uma vis\u00e3o mais ampla do mercado<br \/>\nde trabalho, permitindo acompanhar em tempo real o ambiente de trabalho, al\u00e9m de exemplificar a<br \/>\ndin\u00e2mica, a organiza\u00e7\u00e3o e todos os fatores te\u00f3ricos impl\u00edcitos.<\/p>\n<p style=\"text-align: justify\">\n","protected":false},"excerpt":{"rendered":"<p>\u00a0 \u00a0 \u00a0A Viagem de Estudos \u00e9 uma atividade que permite o interc\u00e2mbio de ideias entre o mundo acad\u00eamico e o profissional. Ela proporciona aos alunos do curso de Engenharia H\u00eddrica uma vis\u00e3o mais ampla do mercado de trabalho, permitindo acompanhar em tempo real o ambiente de trabalho, al\u00e9m de exemplificar a din\u00e2mica, a organiza\u00e7\u00e3o [&hellip;]<\/p>\n","protected":false},"author":405,"featured_media":0,"parent":18,"menu_order":0,"comment_status":"closed","ping_status":"closed","template":"","meta":{"footnotes":""},"class_list":["post-47","page","type-page","status-publish","hentry","post"],"_links":{"self":[{"href":"https:\/\/wp.ufpel.edu.br\/pethidrica\/wp-json\/wp\/v2\/pages\/47","targetHints":{"allow":["GET"]}}],"collection":[{"href":"https:\/\/wp.ufpel.edu.br\/pethidrica\/wp-json\/wp\/v2\/pages"}],"about":[{"href":"https:\/\/wp.ufpel.edu.br\/pethidrica\/wp-json\/wp\/v2\/types\/page"}],"author":[{"embeddable":true,"href":"https:\/\/wp.ufpel.edu.br\/pethidrica\/wp-json\/wp\/v2\/users\/405"}],"replies":[{"embeddable":true,"href":"https:\/\/wp.ufpel.edu.br\/pethidrica\/wp-json\/wp\/v2\/comments?post=47"}],"version-history":[{"count":4,"href":"https:\/\/wp.ufpel.edu.br\/pethidrica\/wp-json\/wp\/v2\/pages\/47\/revisions"}],"predecessor-version":[{"id":924,"href":"https:\/\/wp.ufpel.edu.br\/pethidrica\/wp-json\/wp\/v2\/pages\/47\/revisions\/924"}],"up":[{"embeddable":true,"href":"https:\/\/wp.ufpel.edu.br\/pethidrica\/wp-json\/wp\/v2\/pages\/18"}],"wp:attachment":[{"href":"https:\/\/wp.ufpel.edu.br\/pethidrica\/wp-json\/wp\/v2\/media?parent=47"}],"curies":[{"name":"wp","href":"https:\/\/api.w.org\/{rel}","templated":true}]}}