{"id":44,"date":"2014-08-01T10:27:43","date_gmt":"2014-08-01T13:27:43","guid":{"rendered":"https:\/\/wp.ufpel.edu.br\/pethidrica\/?page_id=44"},"modified":"2019-01-11T22:15:36","modified_gmt":"2019-01-12T00:15:36","slug":"pet-na-escola","status":"publish","type":"page","link":"https:\/\/wp.ufpel.edu.br\/pethidrica\/atividades\/pet-na-escola\/","title":{"rendered":"PET na Escola"},"content":{"rendered":"<p style=\"text-align: justify\">\u00a0 \u00a0 \u00a0O programa PET na Escola foi desenvolvido para promover a intera\u00e7\u00e3o entre os integrantes do PET Engenharia H\u00eddrica com a comunidade, no caso professores e alunos da rede p\u00fablica de ensino na cidade de Pelotas, com o intuito de compartilhar o conhecimento adquirido durante a gradua\u00e7\u00e3o e a pesquisa, com a comunidade. O programa tem como objetivo expandir e compartilhar o conhecimento, abordando tem\u00e1ticas relacionadas \u00e0 educa\u00e7\u00e3o ambiental, preserva\u00e7\u00e3o de solo e \u00e1gua, entre outros Al\u00e9m disso, objetiva levar o petiano \u00e0 comunidade, propiciando esta interface de contato, e trazendo um crescimento social ao aluno promotor da a\u00e7\u00e3o.<\/p>\n<p style=\"text-align: justify\">\n","protected":false},"excerpt":{"rendered":"<p>\u00a0 \u00a0 \u00a0O programa PET na Escola foi desenvolvido para promover a intera\u00e7\u00e3o entre os integrantes do PET Engenharia H\u00eddrica com a comunidade, no caso professores e alunos da rede p\u00fablica de ensino na cidade de Pelotas, com o intuito de compartilhar o conhecimento adquirido durante a gradua\u00e7\u00e3o e a pesquisa, com a comunidade. O [&hellip;]<\/p>\n","protected":false},"author":405,"featured_media":0,"parent":18,"menu_order":0,"comment_status":"closed","ping_status":"closed","template":"","meta":{"footnotes":""},"class_list":["post-44","page","type-page","status-publish","hentry","post"],"_links":{"self":[{"href":"https:\/\/wp.ufpel.edu.br\/pethidrica\/wp-json\/wp\/v2\/pages\/44","targetHints":{"allow":["GET"]}}],"collection":[{"href":"https:\/\/wp.ufpel.edu.br\/pethidrica\/wp-json\/wp\/v2\/pages"}],"about":[{"href":"https:\/\/wp.ufpel.edu.br\/pethidrica\/wp-json\/wp\/v2\/types\/page"}],"author":[{"embeddable":true,"href":"https:\/\/wp.ufpel.edu.br\/pethidrica\/wp-json\/wp\/v2\/users\/405"}],"replies":[{"embeddable":true,"href":"https:\/\/wp.ufpel.edu.br\/pethidrica\/wp-json\/wp\/v2\/comments?post=44"}],"version-history":[{"count":5,"href":"https:\/\/wp.ufpel.edu.br\/pethidrica\/wp-json\/wp\/v2\/pages\/44\/revisions"}],"predecessor-version":[{"id":926,"href":"https:\/\/wp.ufpel.edu.br\/pethidrica\/wp-json\/wp\/v2\/pages\/44\/revisions\/926"}],"up":[{"embeddable":true,"href":"https:\/\/wp.ufpel.edu.br\/pethidrica\/wp-json\/wp\/v2\/pages\/18"}],"wp:attachment":[{"href":"https:\/\/wp.ufpel.edu.br\/pethidrica\/wp-json\/wp\/v2\/media?parent=44"}],"curies":[{"name":"wp","href":"https:\/\/api.w.org\/{rel}","templated":true}]}}